{"id":7400,"date":"2020-12-01T21:39:57","date_gmt":"2020-12-01T20:39:57","guid":{"rendered":"http:\/\/sp1.hrubieszow.info\/?page_id=7400"},"modified":"2020-12-01T21:40:36","modified_gmt":"2020-12-01T20:40:36","slug":"dzien-zyczliwosci-wyniki-konkursu","status":"publish","type":"page","link":"https:\/\/sp1hrubieszow.pl\/index.php\/kronika-2020-2021\/dzien-zyczliwosci-wyniki-konkursu\/","title":{"rendered":"Dzie\u0144 \u017byczliwo\u015bci- wyniki konkursu"},"content":{"rendered":"\n<div class=\"o9v6fnle cxmmr5t8 oygrvhab hcukyx3x c1et5uql ii04i59q\">\n<div dir=\"auto\"><span style=\"color: #000080;\">Konkurs polega\u0142 na wykonaniu kartki, plakatu lub rysunku z \u017cyczeniami z okazji &#8222;Dnia \u017byczliwo\u015bci&#8221;. Organizatorem konkursu by\u0142 Szkolny Klub Mediatora.<\/span><\/div>\n<div dir=\"auto\"><span style=\"color: #000080;\">W konkursie nagrodzono nast\u0119puj\u0105cych uczni\u00f3w:<\/span><\/div>\n<div dir=\"auto\"><span style=\"color: #000080;\">Laureaci:<\/span><\/div>\n<div dir=\"auto\"><span style=\"color: #000080;\">1. Julia Wi\u015bniewska, kl. IIa<\/span><\/div>\n<div dir=\"auto\"><span style=\"color: #000080;\">2. Antoni Panasiewicz, kl.IIIc<\/span><\/div>\n<div dir=\"auto\"><span style=\"color: #000080;\">3. Oskar Urbaniak, kl. IVa<\/span><\/div>\n<div dir=\"auto\"><span style=\"color: #000080;\">4.Maja Palczy\u0144ska, kl. Va<\/span><\/div>\n<div dir=\"auto\"><span style=\"color: #000080;\">5.Maciej Zaj\u0105c, kl. VIIc<\/span><\/div>\n<div dir=\"auto\"><span style=\"color: #000080;\">6. Klaudia Adamczuk, kl. VIIIc<\/span><\/div>\n<div dir=\"auto\"><span style=\"color: #000080;\">7. Kornelia Kruk, VIIIc<\/span><\/div>\n<div dir=\"auto\"><span style=\"color: #000080;\">Wyr\u00f3\u017cnieni:<\/span><\/div>\n<div dir=\"auto\"><span style=\"color: #000080;\">1. Miko\u0142aj Karpiuk, kl. IIIb<\/span><\/div>\n<div dir=\"auto\"><span style=\"color: #000080;\">2. Eryk Bobak, kl. IVc<\/span><\/div>\n<div dir=\"auto\"><span style=\"color: #000080;\">3. Dawid Brzyski, kl. Va<\/span><\/div>\n<div dir=\"auto\"><span style=\"color: #000080;\">4. Karol Stadnicki, kl. Va<\/span><\/div>\n<div dir=\"auto\"><span style=\"color: #000080;\">5. Kateryna Ivansova, kl. Va<\/span><\/div>\n<div dir=\"auto\"><span style=\"color: #000080;\">6. Pawe\u0142 Karkuszewski, kl.VIIc<\/span><\/div>\n<div dir=\"auto\">&nbsp;<\/div>\n<\/div>\n<div class=\"o9v6fnle cxmmr5t8 oygrvhab hcukyx3x c1et5uql ii04i59q\">\n<div dir=\"auto\"><span style=\"color: #000080;\">Dzi\u0119kujemy za wszystkie prace zg\u0142oszone do konkursu i gratulujemy Wam talentu. &#8222;Pozytywne&#8221; nagrody i dyplomy czekaj\u0105 na Was i zostan\u0105 wr\u0119czone w najbli\u017cszym mo\u017cliwym czasie. Wszyscy pozostali uczestnicy konkursu otrzymaj\u0105 podzi\u0119kowania za udzia\u0142 w konkursie. \u017byczymy Wam zdrowia i u\u015bmiechu na co dzie\u0144. Szczeg\u00f3lne u\u015bciski kierujemy do mediator\u00f3w r\u00f3wie\u015bniczych ze Szkolnego Klubu Mediatora na czele z: Ol\u0105 Szymko, Agat\u0105 Czajkowsk\u0105 oraz Gabrysi\u0105 Senkowsk\u0105, kt\u00f3rzy w zaanga\u017cowany spos\u00f3b w\u0142\u0105czyli si\u0119 w organizacj\u0119 \u015bwi\u0119ta &#8222;Dzie\u0144 \u017byczliwo\u015bci wspierany przez mediator\u00f3w r\u00f3wie\u015bniczych&#8221;.<\/span><\/div>\n<\/div>\n<div dir=\"auto\">\nngg_shortcode_0_placeholder\n<\/div>\n","protected":false},"excerpt":{"rendered":"<p>Konkurs polega\u0142 na wykonaniu kartki, plakatu lub rysunku z \u017cyczeniami z okazji &#8222;Dnia \u017byczliwo\u015bci&#8221;. Organizatorem konkursu by\u0142 Szkolny Klub Mediatora. W konkursie nagrodzono nast\u0119puj\u0105cych uczni\u00f3w: Laureaci: 1. Julia Wi\u015bniewska, kl. IIa 2. Antoni Panasiewicz, kl.IIIc 3. Oskar Urbaniak, kl. IVa 4.Maja Palczy\u0144ska, kl. Va 5.Maciej Zaj\u0105c, kl. VIIc 6. Klaudia Adamczuk, kl. VIIIc 7. Kornelia [&hellip;]<\/p>\n","protected":false},"author":2,"featured_media":0,"parent":5983,"menu_order":0,"comment_status":"closed","ping_status":"closed","template":"","meta":{"ngg_post_thumbnail":0,"footnotes":""},"class_list":["post-7400","page","type-page","status-publish","hentry"],"_links":{"self":[{"href":"https:\/\/sp1hrubieszow.pl\/index.php\/wp-json\/wp\/v2\/pages\/7400","targetHints":{"allow":["GET"]}}],"collection":[{"href":"https:\/\/sp1hrubieszow.pl\/index.php\/wp-json\/wp\/v2\/pages"}],"about":[{"href":"https:\/\/sp1hrubieszow.pl\/index.php\/wp-json\/wp\/v2\/types\/page"}],"author":[{"embeddable":true,"href":"https:\/\/sp1hrubieszow.pl\/index.php\/wp-json\/wp\/v2\/users\/2"}],"replies":[{"embeddable":true,"href":"https:\/\/sp1hrubieszow.pl\/index.php\/wp-json\/wp\/v2\/comments?post=7400"}],"version-history":[{"count":1,"href":"https:\/\/sp1hrubieszow.pl\/index.php\/wp-json\/wp\/v2\/pages\/7400\/revisions"}],"predecessor-version":[{"id":7401,"href":"https:\/\/sp1hrubieszow.pl\/index.php\/wp-json\/wp\/v2\/pages\/7400\/revisions\/7401"}],"up":[{"embeddable":true,"href":"https:\/\/sp1hrubieszow.pl\/index.php\/wp-json\/wp\/v2\/pages\/5983"}],"wp:attachment":[{"href":"https:\/\/sp1hrubieszow.pl\/index.php\/wp-json\/wp\/v2\/media?parent=7400"}],"curies":[{"name":"wp","href":"https:\/\/api.w.org\/{rel}","templated":true}]}}