{"id":7370,"date":"2020-12-01T12:38:30","date_gmt":"2020-12-01T11:38:30","guid":{"rendered":"http:\/\/sp1.hrubieszow.info\/?page_id=7370"},"modified":"2020-12-01T12:38:56","modified_gmt":"2020-12-01T11:38:56","slug":"wyniki-konkursu-pluszowy-mis","status":"publish","type":"page","link":"https:\/\/sp1hrubieszow.pl\/index.php\/kronika-2020-2021\/wyniki-konkursu-pluszowy-mis\/","title":{"rendered":"WYNIKI KONKURSU &#8222;PLUSZOWY MI\u015a&#8221;"},"content":{"rendered":"\n<div dir=\"auto\"><span style=\"color: #000080;\">Przedstawiamy wyniki konkursu na najpi\u0119kniejsze przebranie pluszowego misia.<\/span><\/div>\n<div dir=\"auto\"><span style=\"color: #000080;\">Na podstawie otrzymanych g\u0142os\u00f3w laureatami zostaj\u0105:<\/span><\/div>\n<div dir=\"auto\">&nbsp;<\/div>\n<div dir=\"auto\"><span style=\"color: #000080;\">I MIEJSCE: Wiktor Rzepka z oddzia\u0142u przedszkolnego,<\/span><\/div>\n<div dir=\"auto\"><span style=\"color: #000080;\">II MIEJSCE: Bartosz D\u0105browski z klasy 1a,<\/span><\/div>\n<div dir=\"auto\"><span style=\"color: #000080;\">III MIEJSCE: Oliwia Makuch z klasy 1a.<\/span><\/div>\n<div dir=\"auto\">&nbsp;<\/div>\n<div dir=\"auto\"><span style=\"color: #000080;\">Gratulujemy zwyci\u0119zcom! Dyplomy oraz nagrody zostan\u0105 przekazane po powrocie do szko\u0142y.<\/span><\/div>\n<div dir=\"auto\"><span style=\"color: #000080;\">Serdecznie dzi\u0119kujemy wszystkim uczestnikom za udzia\u0142 w konkursie i przygotowanie przepi\u0119knych stroj\u00f3w.<\/span><\/div>\n<div dir=\"auto\">\nngg_shortcode_0_placeholder\n<\/div>\n","protected":false},"excerpt":{"rendered":"<p>Przedstawiamy wyniki konkursu na najpi\u0119kniejsze przebranie pluszowego misia. Na podstawie otrzymanych g\u0142os\u00f3w laureatami zostaj\u0105: &nbsp; I MIEJSCE: Wiktor Rzepka z oddzia\u0142u przedszkolnego, II MIEJSCE: Bartosz D\u0105browski z klasy 1a, III MIEJSCE: Oliwia Makuch z klasy 1a. &nbsp; Gratulujemy zwyci\u0119zcom! Dyplomy oraz nagrody zostan\u0105 przekazane po powrocie do szko\u0142y. Serdecznie dzi\u0119kujemy wszystkim uczestnikom za udzia\u0142 w [&hellip;]<\/p>\n","protected":false},"author":2,"featured_media":0,"parent":5983,"menu_order":0,"comment_status":"closed","ping_status":"closed","template":"","meta":{"ngg_post_thumbnail":0,"footnotes":""},"class_list":["post-7370","page","type-page","status-publish","hentry"],"_links":{"self":[{"href":"https:\/\/sp1hrubieszow.pl\/index.php\/wp-json\/wp\/v2\/pages\/7370","targetHints":{"allow":["GET"]}}],"collection":[{"href":"https:\/\/sp1hrubieszow.pl\/index.php\/wp-json\/wp\/v2\/pages"}],"about":[{"href":"https:\/\/sp1hrubieszow.pl\/index.php\/wp-json\/wp\/v2\/types\/page"}],"author":[{"embeddable":true,"href":"https:\/\/sp1hrubieszow.pl\/index.php\/wp-json\/wp\/v2\/users\/2"}],"replies":[{"embeddable":true,"href":"https:\/\/sp1hrubieszow.pl\/index.php\/wp-json\/wp\/v2\/comments?post=7370"}],"version-history":[{"count":1,"href":"https:\/\/sp1hrubieszow.pl\/index.php\/wp-json\/wp\/v2\/pages\/7370\/revisions"}],"predecessor-version":[{"id":7371,"href":"https:\/\/sp1hrubieszow.pl\/index.php\/wp-json\/wp\/v2\/pages\/7370\/revisions\/7371"}],"up":[{"embeddable":true,"href":"https:\/\/sp1hrubieszow.pl\/index.php\/wp-json\/wp\/v2\/pages\/5983"}],"wp:attachment":[{"href":"https:\/\/sp1hrubieszow.pl\/index.php\/wp-json\/wp\/v2\/media?parent=7370"}],"curies":[{"name":"wp","href":"https:\/\/api.w.org\/{rel}","templated":true}]}}