{"id":7344,"date":"2020-11-26T19:53:57","date_gmt":"2020-11-26T18:53:57","guid":{"rendered":"http:\/\/sp1.hrubieszow.info\/?page_id=7344"},"modified":"2020-11-26T19:54:13","modified_gmt":"2020-11-26T18:54:13","slug":"dzien-zyczliwosci-klasowe-mapy-mysli","status":"publish","type":"page","link":"https:\/\/sp1hrubieszow.pl\/index.php\/kronika-2020-2021\/dzien-zyczliwosci-klasowe-mapy-mysli\/","title":{"rendered":"Dzie\u0144 \u017byczliwo\u015bci-klasowe mapy my\u015bli"},"content":{"rendered":"\n<div dir=\"auto\"><span style=\"color: #000080;\">Z okazji &#8222;Dnia \u017byczliwo\u015bci&#8221; zaprosili\u015bmy uczni\u00f3w do refleksji nad tym, czym jest \u017cyczliwo\u015b\u0107 oraz jak by\u0107 \u017cyczliwym wobec innych. Powsta\u0142y pi\u0119kne prace-mapy my\u015bli, stworzone przez ca\u0142e klasy, mniejsze zespo\u0142y oraz poszczeg\u00f3lnych uczni\u00f3w. Zapraszamy do podziwiania<span class=\"pq6dq46d tbxw36s4 knj5qynh kvgmc6g5 ditlmg2l oygrvhab nvdbi5me sf5mxxl7 gl3lb2sf hhz5lgdu\"><img loading=\"lazy\" decoding=\"async\" src=\"https:\/\/static.xx.fbcdn.net\/images\/emoji.php\/v9\/ta5\/1.5\/16\/1f642.png\" alt=\"?\" width=\"16\" height=\"16\"><\/span> oraz do wcielania \u017cycie<span class=\"pq6dq46d tbxw36s4 knj5qynh kvgmc6g5 ditlmg2l oygrvhab nvdbi5me sf5mxxl7 gl3lb2sf hhz5lgdu\"><img loading=\"lazy\" decoding=\"async\" src=\"https:\/\/static.xx.fbcdn.net\/images\/emoji.php\/v9\/ta5\/1.5\/16\/1f642.png\" alt=\"?\" width=\"16\" height=\"16\"><\/span><\/span><\/div>\n<div dir=\"auto\"><span style=\"color: #000080;\">Jednocze\u015bnie informujemy, \u017ce trwaj\u0105 prace nad wyborem laureat\u00f3w indywidualnego konkursu na naj\u0142adniejsze \u017cyczenia z okazji Dnia \u017byczliwo\u015bci. Organizatorzy-cz\u0142onkowie Szkolnego Klubu Mediatora, niebawem og\u0142osz\u0105 wyniki konkursu<\/span><span class=\"pq6dq46d tbxw36s4 knj5qynh kvgmc6g5 ditlmg2l oygrvhab nvdbi5me sf5mxxl7 gl3lb2sf hhz5lgdu\"><img loading=\"lazy\" decoding=\"async\" src=\"https:\/\/static.xx.fbcdn.net\/images\/emoji.php\/v9\/t5b\/1.5\/16\/1f60d.png\" alt=\"?\" width=\"16\" height=\"16\"><\/span><\/div>\n<div dir=\"auto\">\nngg_shortcode_0_placeholder\n<\/div>\n","protected":false},"excerpt":{"rendered":"<p>Z okazji &#8222;Dnia \u017byczliwo\u015bci&#8221; zaprosili\u015bmy uczni\u00f3w do refleksji nad tym, czym jest \u017cyczliwo\u015b\u0107 oraz jak by\u0107 \u017cyczliwym wobec innych. Powsta\u0142y pi\u0119kne prace-mapy my\u015bli, stworzone przez ca\u0142e klasy, mniejsze zespo\u0142y oraz poszczeg\u00f3lnych uczni\u00f3w. Zapraszamy do podziwiania oraz do wcielania \u017cycie Jednocze\u015bnie informujemy, \u017ce trwaj\u0105 prace nad wyborem laureat\u00f3w indywidualnego konkursu na naj\u0142adniejsze \u017cyczenia z okazji Dnia [&hellip;]<\/p>\n","protected":false},"author":2,"featured_media":0,"parent":5983,"menu_order":0,"comment_status":"closed","ping_status":"closed","template":"","meta":{"ngg_post_thumbnail":0,"footnotes":""},"class_list":["post-7344","page","type-page","status-publish","hentry"],"_links":{"self":[{"href":"https:\/\/sp1hrubieszow.pl\/index.php\/wp-json\/wp\/v2\/pages\/7344","targetHints":{"allow":["GET"]}}],"collection":[{"href":"https:\/\/sp1hrubieszow.pl\/index.php\/wp-json\/wp\/v2\/pages"}],"about":[{"href":"https:\/\/sp1hrubieszow.pl\/index.php\/wp-json\/wp\/v2\/types\/page"}],"author":[{"embeddable":true,"href":"https:\/\/sp1hrubieszow.pl\/index.php\/wp-json\/wp\/v2\/users\/2"}],"replies":[{"embeddable":true,"href":"https:\/\/sp1hrubieszow.pl\/index.php\/wp-json\/wp\/v2\/comments?post=7344"}],"version-history":[{"count":1,"href":"https:\/\/sp1hrubieszow.pl\/index.php\/wp-json\/wp\/v2\/pages\/7344\/revisions"}],"predecessor-version":[{"id":7345,"href":"https:\/\/sp1hrubieszow.pl\/index.php\/wp-json\/wp\/v2\/pages\/7344\/revisions\/7345"}],"up":[{"embeddable":true,"href":"https:\/\/sp1hrubieszow.pl\/index.php\/wp-json\/wp\/v2\/pages\/5983"}],"wp:attachment":[{"href":"https:\/\/sp1hrubieszow.pl\/index.php\/wp-json\/wp\/v2\/media?parent=7344"}],"curies":[{"name":"wp","href":"https:\/\/api.w.org\/{rel}","templated":true}]}}