{"id":7313,"date":"2020-11-25T13:33:35","date_gmt":"2020-11-25T12:33:35","guid":{"rendered":"http:\/\/sp1.hrubieszow.info\/?page_id=7313"},"modified":"2020-11-25T13:35:30","modified_gmt":"2020-11-25T12:35:30","slug":"regulamin-konkursu-bibliotecznego-najpiekniejsze-wirtualne-zyczenia-bozonarodzeniowe","status":"publish","type":"page","link":"https:\/\/sp1hrubieszow.pl\/index.php\/kronika-2020-2021\/regulamin-konkursu-bibliotecznego-najpiekniejsze-wirtualne-zyczenia-bozonarodzeniowe\/","title":{"rendered":"Regulamin konkursu bibliotecznego \u201eNAJPI\u0118KNIEJSZE WIRTUALNE \u017bYCZENIA BO\u017bONARODZENIOWE\u201d"},"content":{"rendered":"\n<p><span style=\"color: #000080;\"><strong>Zapraszamy do udzia\u0142u w konkursie. Szczeg\u00f3\u0142y w za\u0142\u0105czniku:&nbsp;<\/strong><\/span><\/p>\n<p><span style=\"color: #000080;\"><strong><a style=\"color: #000080;\" href=\"http:\/\/sp1.hrubieszow.info\/wp-content\/uploads\/2020\/11\/regulamin.docx\">regulamin<\/a><\/strong><\/span><\/p>\n","protected":false},"excerpt":{"rendered":"<p>Zapraszamy do udzia\u0142u w konkursie. Szczeg\u00f3\u0142y w za\u0142\u0105czniku:&nbsp; regulamin<\/p>\n","protected":false},"author":2,"featured_media":0,"parent":5983,"menu_order":0,"comment_status":"closed","ping_status":"closed","template":"","meta":{"ngg_post_thumbnail":0,"footnotes":""},"class_list":["post-7313","page","type-page","status-publish","hentry"],"_links":{"self":[{"href":"https:\/\/sp1hrubieszow.pl\/index.php\/wp-json\/wp\/v2\/pages\/7313","targetHints":{"allow":["GET"]}}],"collection":[{"href":"https:\/\/sp1hrubieszow.pl\/index.php\/wp-json\/wp\/v2\/pages"}],"about":[{"href":"https:\/\/sp1hrubieszow.pl\/index.php\/wp-json\/wp\/v2\/types\/page"}],"author":[{"embeddable":true,"href":"https:\/\/sp1hrubieszow.pl\/index.php\/wp-json\/wp\/v2\/users\/2"}],"replies":[{"embeddable":true,"href":"https:\/\/sp1hrubieszow.pl\/index.php\/wp-json\/wp\/v2\/comments?post=7313"}],"version-history":[{"count":2,"href":"https:\/\/sp1hrubieszow.pl\/index.php\/wp-json\/wp\/v2\/pages\/7313\/revisions"}],"predecessor-version":[{"id":7316,"href":"https:\/\/sp1hrubieszow.pl\/index.php\/wp-json\/wp\/v2\/pages\/7313\/revisions\/7316"}],"up":[{"embeddable":true,"href":"https:\/\/sp1hrubieszow.pl\/index.php\/wp-json\/wp\/v2\/pages\/5983"}],"wp:attachment":[{"href":"https:\/\/sp1hrubieszow.pl\/index.php\/wp-json\/wp\/v2\/media?parent=7313"}],"curies":[{"name":"wp","href":"https:\/\/api.w.org\/{rel}","templated":true}]}}