{"id":7303,"date":"2020-11-21T17:13:59","date_gmt":"2020-11-21T16:13:59","guid":{"rendered":"http:\/\/sp1.hrubieszow.info\/?page_id=7303"},"modified":"2020-11-21T17:14:47","modified_gmt":"2020-11-21T16:14:47","slug":"dzien-zyczliwosci-w-grupie-0","status":"publish","type":"page","link":"https:\/\/sp1hrubieszow.pl\/index.php\/kronika-2020-2021\/dzien-zyczliwosci-w-grupie-0\/","title":{"rendered":"Dzie\u0144 \u017byczliwo\u015bci w grupie &#8222;0&#8221;"},"content":{"rendered":"\n<div class=\"o9v6fnle cxmmr5t8 oygrvhab hcukyx3x c1et5uql ii04i59q\">\n<div dir=\"auto\">&nbsp;<\/div>\n<div dir=\"auto\"><span style=\"color: #000080;\">W dniu 20.11.2020r. wychowankowie grupy &#8222;0&#8221; uczestniczyli <\/span><span style=\"color: #000080;\">w zaj\u0119ciach propaguj\u0105cych pozytywne, \u017cyczliwe i kole\u017ce\u0144skie postawy. Uczniowie przywitali si\u0119 weso\u0142\u0105 piosenk\u0105: &#8221; Witaj Olu (imi\u0119 ka\u017cdego dziecka za grupy) Jak si\u0119 masz? Wszyscy Ci\u0119 witamy, wszyscy Ci\u0119 kochamy, b\u0105d\u017a w\u015br\u00f3d nas&#8230;&#8221;. <\/span><\/div>\n<div dir=\"auto\"><span style=\"color: #000080;\">Nast\u0119pnie dzieci wypowiada\u0142y si\u0119 na temat \u017cyczliwego zachowania na co dzie\u0144, wys\u0142ucha\u0142y bajek i opowie\u015bci, promuj\u0105cych w\u0142a\u015bciwe zachowanie oraz radzenie sobie z trudnymi emocjami. Bajki czyta\u0142y: pani pedagog oraz pani wychowawczyni grupy &#8222;0&#8221;. Uczestnikom zaj\u0119\u0107 przypad\u0142o do gustu wsp\u00f3lne zadanie, polegaj\u0105ce na stworzeniu weso\u0142ego plakatu z okazji &#8222;Dnia \u017byczliwo\u015bci&#8221;. <\/span><\/div>\n<div dir=\"auto\"><span style=\"color: #000080;\">Na zako\u0144czenie zaj\u0119\u0107 dzieci otrzyma\u0142y naklejki-u\u015bmiechni\u0119te bu\u017aki oraz zobowi\u0105za\u0142y si\u0119 do tego, \u017ce b\u0119d\u0105 si\u0119 stara\u0142y by\u0107 kole\u017ce\u0144skimi i \u017cyczliwymi wobec innych ka\u017cdego dnia. Z uwagi na nieobecno\u015b\u0107 starszych uczni\u00f3w-mediator\u00f3w r\u00f3wie\u015bniczych, kt\u00f3rzy od kilku lat w\u0142\u0105czaj\u0105 si\u0119 w organizacj\u0119 tego pozytywnego \u015bwi\u0119ta, zaj\u0119cia wygl\u0105da\u0142y nieco inaczej ni\u017c zazwyczaj, lecz mamy nadziej\u0119, \u017ce w przysz\u0142ym roku szkolnym &#8222;Dzie\u0144 \u017byczliwo\u015bci&#8221; sp\u0119dzimy z ca\u0142\u0105 nasz\u0105 spo\u0142eczno\u015bci\u0105 szkoln\u0105.<\/span><\/div>\n<\/div>\n<div class=\"o9v6fnle cxmmr5t8 oygrvhab hcukyx3x c1et5uql ii04i59q\">\n<div dir=\"auto\"><span style=\"color: #000080;\">Marta Kuczy\u0144ska, pedagog szkolny, opiekun Szkolnego Klubu Mediatora<\/span><\/div>\n<div dir=\"auto\">\nngg_shortcode_0_placeholder\n<\/div>\n<\/div>\n","protected":false},"excerpt":{"rendered":"<p>&nbsp; W dniu 20.11.2020r. wychowankowie grupy &#8222;0&#8221; uczestniczyli w zaj\u0119ciach propaguj\u0105cych pozytywne, \u017cyczliwe i kole\u017ce\u0144skie postawy. Uczniowie przywitali si\u0119 weso\u0142\u0105 piosenk\u0105: &#8221; Witaj Olu (imi\u0119 ka\u017cdego dziecka za grupy) Jak si\u0119 masz? Wszyscy Ci\u0119 witamy, wszyscy Ci\u0119 kochamy, b\u0105d\u017a w\u015br\u00f3d nas&#8230;&#8221;. Nast\u0119pnie dzieci wypowiada\u0142y si\u0119 na temat \u017cyczliwego zachowania na co dzie\u0144, wys\u0142ucha\u0142y bajek i [&hellip;]<\/p>\n","protected":false},"author":2,"featured_media":0,"parent":5983,"menu_order":0,"comment_status":"closed","ping_status":"closed","template":"","meta":{"ngg_post_thumbnail":0,"footnotes":""},"class_list":["post-7303","page","type-page","status-publish","hentry"],"_links":{"self":[{"href":"https:\/\/sp1hrubieszow.pl\/index.php\/wp-json\/wp\/v2\/pages\/7303","targetHints":{"allow":["GET"]}}],"collection":[{"href":"https:\/\/sp1hrubieszow.pl\/index.php\/wp-json\/wp\/v2\/pages"}],"about":[{"href":"https:\/\/sp1hrubieszow.pl\/index.php\/wp-json\/wp\/v2\/types\/page"}],"author":[{"embeddable":true,"href":"https:\/\/sp1hrubieszow.pl\/index.php\/wp-json\/wp\/v2\/users\/2"}],"replies":[{"embeddable":true,"href":"https:\/\/sp1hrubieszow.pl\/index.php\/wp-json\/wp\/v2\/comments?post=7303"}],"version-history":[{"count":1,"href":"https:\/\/sp1hrubieszow.pl\/index.php\/wp-json\/wp\/v2\/pages\/7303\/revisions"}],"predecessor-version":[{"id":7304,"href":"https:\/\/sp1hrubieszow.pl\/index.php\/wp-json\/wp\/v2\/pages\/7303\/revisions\/7304"}],"up":[{"embeddable":true,"href":"https:\/\/sp1hrubieszow.pl\/index.php\/wp-json\/wp\/v2\/pages\/5983"}],"wp:attachment":[{"href":"https:\/\/sp1hrubieszow.pl\/index.php\/wp-json\/wp\/v2\/media?parent=7303"}],"curies":[{"name":"wp","href":"https:\/\/api.w.org\/{rel}","templated":true}]}}