{"id":7282,"date":"2020-11-20T16:20:14","date_gmt":"2020-11-20T15:20:14","guid":{"rendered":"http:\/\/sp1.hrubieszow.info\/?page_id=7282"},"modified":"2020-11-20T16:20:45","modified_gmt":"2020-11-20T15:20:45","slug":"rozstrzygniecie-konkursu-plastycznego-z-okazji-xx-dnia-papieskiego","status":"publish","type":"page","link":"https:\/\/sp1hrubieszow.pl\/index.php\/kronika-2020-2021\/rozstrzygniecie-konkursu-plastycznego-z-okazji-xx-dnia-papieskiego\/","title":{"rendered":"Rozstrzygni\u0119cie konkursu plastycznego z okazji XX Dnia Papieskiego"},"content":{"rendered":"\n<p><span style=\"color: #000080;\">Konkurs plastyczny z okazji XX Dnia Papieskiego zosta\u0142 rozstrzygni\u0119ty. Tegoroczne has\u0142o brzmia\u0142o &#8222;Totus Tuus-ca\u0142y Tw\u00f3j Maryjo&#8221;. Celem konkursu by\u0142o kultywowanie pami\u0119ci o Ojcu \u015awi\u0119tym Janie Pawle II, jako Wielkim Polaku.<\/span><\/p>\n<p><span style=\"color: #000080;\">Jury wybra\u0142o trzy najciekawsze prace:<\/span><\/p>\n<p><span style=\"color: #000080;\"><strong>I miejsce- Agata Szyma<\/strong><strong>\u0144<\/strong><strong>ska kl. IV b<\/strong><\/span><\/p>\n<p><span style=\"color: #000080;\"><strong>II miejsce-Wiktoria Ha<\/strong><strong>\u0142<\/strong><strong>asa kl. IIa<\/strong><\/span><\/p>\n<p><span style=\"color: #000080;\"><strong>III miejsce-&nbsp; Maciej Janiszek kl. VIIc<\/strong><\/span><\/p>\n<p><span style=\"color: #000080;\">Dzi\u0119kujemy wszystkim, kt\u00f3rzy wzi\u0119li udzia\u0142 w konkursie. Zwyci\u0119zcom gratulujemy i zach\u0119camy do wzi\u0119cia udzia\u0142u w kolejnych latach. Wr\u0119czenie dyplom\u00f3w i nagr\u00f3d nast\u0105pi po powrocie do szk\u00f3\u0142.<\/span><\/p>\nngg_shortcode_0_placeholder\n","protected":false},"excerpt":{"rendered":"<p>Konkurs plastyczny z okazji XX Dnia Papieskiego zosta\u0142 rozstrzygni\u0119ty. Tegoroczne has\u0142o brzmia\u0142o &#8222;Totus Tuus-ca\u0142y Tw\u00f3j Maryjo&#8221;. Celem konkursu by\u0142o kultywowanie pami\u0119ci o Ojcu \u015awi\u0119tym Janie Pawle II, jako Wielkim Polaku. Jury wybra\u0142o trzy najciekawsze prace: I miejsce- Agata Szyma\u0144ska kl. IV b II miejsce-Wiktoria Ha\u0142asa kl. IIa III miejsce-&nbsp; Maciej Janiszek kl. VIIc Dzi\u0119kujemy wszystkim, [&hellip;]<\/p>\n","protected":false},"author":2,"featured_media":0,"parent":5983,"menu_order":0,"comment_status":"closed","ping_status":"closed","template":"","meta":{"ngg_post_thumbnail":0,"footnotes":""},"class_list":["post-7282","page","type-page","status-publish","hentry"],"_links":{"self":[{"href":"https:\/\/sp1hrubieszow.pl\/index.php\/wp-json\/wp\/v2\/pages\/7282","targetHints":{"allow":["GET"]}}],"collection":[{"href":"https:\/\/sp1hrubieszow.pl\/index.php\/wp-json\/wp\/v2\/pages"}],"about":[{"href":"https:\/\/sp1hrubieszow.pl\/index.php\/wp-json\/wp\/v2\/types\/page"}],"author":[{"embeddable":true,"href":"https:\/\/sp1hrubieszow.pl\/index.php\/wp-json\/wp\/v2\/users\/2"}],"replies":[{"embeddable":true,"href":"https:\/\/sp1hrubieszow.pl\/index.php\/wp-json\/wp\/v2\/comments?post=7282"}],"version-history":[{"count":1,"href":"https:\/\/sp1hrubieszow.pl\/index.php\/wp-json\/wp\/v2\/pages\/7282\/revisions"}],"predecessor-version":[{"id":7283,"href":"https:\/\/sp1hrubieszow.pl\/index.php\/wp-json\/wp\/v2\/pages\/7282\/revisions\/7283"}],"up":[{"embeddable":true,"href":"https:\/\/sp1hrubieszow.pl\/index.php\/wp-json\/wp\/v2\/pages\/5983"}],"wp:attachment":[{"href":"https:\/\/sp1hrubieszow.pl\/index.php\/wp-json\/wp\/v2\/media?parent=7282"}],"curies":[{"name":"wp","href":"https:\/\/api.w.org\/{rel}","templated":true}]}}