{"id":7272,"date":"2020-11-19T22:36:26","date_gmt":"2020-11-19T21:36:26","guid":{"rendered":"http:\/\/sp1.hrubieszow.info\/?page_id=7272"},"modified":"2020-11-19T22:37:00","modified_gmt":"2020-11-19T21:37:00","slug":"sukcesy-uczniow-z-klasy-2c","status":"publish","type":"page","link":"https:\/\/sp1hrubieszow.pl\/index.php\/kronika-2020-2021\/sukcesy-uczniow-z-klasy-2c\/","title":{"rendered":"Sukcesy uczni\u00f3w z klasy 2c"},"content":{"rendered":"\n<p><span style=\"color: #000080;\">Bardzo jest nam mi\u0142o przekaza\u0107 informacje o kolejnych sukcesach uczni\u00f3w z klasy 2c.&nbsp;<\/span><\/p>\n<div><span style=\"color: #000080;\">Konkurs plastyczny &#8222;M\u00f3j Anio\u0142 Str\u00f3\u017c&#8221; zorganizowany przez Caritas:<\/span><\/div>\n<div>&nbsp;<\/div>\n<div><span style=\"color: #000080;\">nagroda Lena Ni\u017anikowska&nbsp; i wyr\u00f3\u017cnienie Mateusz Ka\u0144ski&nbsp;<\/span><\/div>\n<div>&nbsp;<\/div>\n<div><span style=\"color: #000080;\">Konkurs &#8222;Jesie\u0144 w Powiecie Hrubieszowskim&#8221; zorganizowany przez Starostwo Powiatowe w Hrubieszowie:<\/span><\/div>\n<div>&nbsp;<\/div>\n<div><span style=\"color: #000080;\">konkurs plastyczny: I miejsce &#8211; Lena Ni\u017anikowska&nbsp;<\/span><\/div>\n<div><span style=\"color: #000080;\">&nbsp; &nbsp; &nbsp; &nbsp; &nbsp; &nbsp; &nbsp; &nbsp; &nbsp; &nbsp; &nbsp; &nbsp; &nbsp; &nbsp; &nbsp; II miejsce &#8211; Miko\u0142aj Zaj\u0105c&nbsp;<\/span><\/div>\n<div>&nbsp;<\/div>\n<div><span style=\"color: #000080;\">Konkurs fotograficzny: I miejsce &#8211; Gabriela Skowron 2<\/span><\/div>\n<div><span style=\"color: #000080;\">Gratulujemy!<\/span><\/div>\n<div>&nbsp;<\/div>\n","protected":false},"excerpt":{"rendered":"<p>Bardzo jest nam mi\u0142o przekaza\u0107 informacje o kolejnych sukcesach uczni\u00f3w z klasy 2c.&nbsp; Konkurs plastyczny &#8222;M\u00f3j Anio\u0142 Str\u00f3\u017c&#8221; zorganizowany przez Caritas: &nbsp; nagroda Lena Ni\u017anikowska&nbsp; i wyr\u00f3\u017cnienie Mateusz Ka\u0144ski&nbsp; &nbsp; Konkurs &#8222;Jesie\u0144 w Powiecie Hrubieszowskim&#8221; zorganizowany przez Starostwo Powiatowe w Hrubieszowie: &nbsp; konkurs plastyczny: I miejsce &#8211; Lena Ni\u017anikowska&nbsp; &nbsp; &nbsp; &nbsp; &nbsp; &nbsp; &nbsp; [&hellip;]<\/p>\n","protected":false},"author":2,"featured_media":0,"parent":5983,"menu_order":0,"comment_status":"closed","ping_status":"closed","template":"","meta":{"ngg_post_thumbnail":0,"footnotes":""},"class_list":["post-7272","page","type-page","status-publish","hentry"],"_links":{"self":[{"href":"https:\/\/sp1hrubieszow.pl\/index.php\/wp-json\/wp\/v2\/pages\/7272","targetHints":{"allow":["GET"]}}],"collection":[{"href":"https:\/\/sp1hrubieszow.pl\/index.php\/wp-json\/wp\/v2\/pages"}],"about":[{"href":"https:\/\/sp1hrubieszow.pl\/index.php\/wp-json\/wp\/v2\/types\/page"}],"author":[{"embeddable":true,"href":"https:\/\/sp1hrubieszow.pl\/index.php\/wp-json\/wp\/v2\/users\/2"}],"replies":[{"embeddable":true,"href":"https:\/\/sp1hrubieszow.pl\/index.php\/wp-json\/wp\/v2\/comments?post=7272"}],"version-history":[{"count":1,"href":"https:\/\/sp1hrubieszow.pl\/index.php\/wp-json\/wp\/v2\/pages\/7272\/revisions"}],"predecessor-version":[{"id":7273,"href":"https:\/\/sp1hrubieszow.pl\/index.php\/wp-json\/wp\/v2\/pages\/7272\/revisions\/7273"}],"up":[{"embeddable":true,"href":"https:\/\/sp1hrubieszow.pl\/index.php\/wp-json\/wp\/v2\/pages\/5983"}],"wp:attachment":[{"href":"https:\/\/sp1hrubieszow.pl\/index.php\/wp-json\/wp\/v2\/media?parent=7272"}],"curies":[{"name":"wp","href":"https:\/\/api.w.org\/{rel}","templated":true}]}}