{"id":7265,"date":"2020-11-18T21:18:54","date_gmt":"2020-11-18T20:18:54","guid":{"rendered":"http:\/\/sp1.hrubieszow.info\/?page_id=7265"},"modified":"2020-11-18T21:21:09","modified_gmt":"2020-11-18T20:21:09","slug":"nowe-ksiazki-w-szkolnej-bibliotece","status":"publish","type":"page","link":"https:\/\/sp1hrubieszow.pl\/index.php\/kronika-2020-2021\/nowe-ksiazki-w-szkolnej-bibliotece\/","title":{"rendered":"Nowe ksi\u0105\u017cki w szkolnej bibliotece"},"content":{"rendered":"\n<p><span style=\"color: #000080;\">Nasza Szko\u0142a wzbogaci\u0142a si\u0119 o nowe pozycje ksi\u0105\u017ckowe, kt\u00f3re przekazane zosta\u0142y przez funkcjonariuszy Stra\u017cy Granicznej w obecno\u015bci pani Burmistrz Miasta Hrubiesz\u00f3w.<\/span><\/p>\n<p><span style=\"color: #000080;\">Ksi\u0105\u017cki, kt\u00f3re dostali\u015bmy to m.in.: \u201ePrzygody misia Wojtka, dzielnego \u017co\u0142nierza\u201d autorstwa Anny Niedziela-Strobel z pi\u0119knymi rysunkami Krzysztofa Kokoryn i \u201eO Ince, kt\u00f3ra zachowa\u0142a si\u0119 jak trzeba\u201d tej samej autorki.<\/span><\/p>\n<p><span style=\"color: #000080;\">Biblioteka szkolna serdecznie zach\u0119ca do lektury tych ciekawych ksi\u0105\u017cek.<\/span><\/p>\n<p><span style=\"color: #000080;\">Przygody misia Wojtka zainteresuj\u0105 nie tylko najm\u0142odszych czytelnik\u00f3w, ale tak\u017ce starsi uczniowie znajd\u0105 w tej ksi\u0105\u017cce co\u015b interesuj\u0105cego dla siebie. Autorka w bardzo przyst\u0119pny spos\u00f3b przybli\u017ca nam histori\u0119 ma\u0142ego nied\u017awiadka pochodz\u0105cego z Iranu, kt\u00f3ry zosta\u0142 \u017co\u0142nierzem 22. Kompanii Zaopatrywania Artylerii w 2. Korpusie Polskim i wraz z polskimi \u017co\u0142nierzami przemierzy\u0142 wiele kraj\u00f3w. Mi\u015b Wojtek okaza\u0142 si\u0119 nie tylko maskotk\u0105 \u017co\u0142nierzy z Armii Andersa, ale by\u0142 bardzo pomocny w czasie dzia\u0142a\u0144 bojowych gdy\u017c nosi\u0142 m.in. ci\u0119\u017ckie skrzynie z amunicj\u0105. Warto pozna\u0107 przygody misia, o kt\u00f3rym powsta\u0142y filmy, ksi\u0105\u017cki i komiksy i kt\u00f3remu postawiono pomniki w kilku pa\u0144stwach \u015bwiata. Atutem ksi\u0105\u017cki jest te\u017c to, \u017ce zosta\u0142a ona napisana wierszem i jest w niej bardzo du\u017co ciekawych ilustracji.<\/span><\/p>\n<p><span style=\"color: #000080;\">Nast\u0119pn\u0105 pozycj\u0105, po kt\u00f3r\u0105 warto si\u0119gn\u0105\u0107 jest ksi\u0105\u017cka o m\u0142odej dziewczynie, kt\u00f3ra w trudnym czasie wojny oraz okupacji niemieckiej i sowieckiej musia\u0142a dokona\u0107 wyboru: albo zachowa\u0107 \u017cycie, albo by\u0107 wiern\u0105 prawdzie i mi\u0142o\u015bci do ojczyzny. Danusia (o pseudonimie INKA) wybiera drug\u0105 opcj\u0119, co jednak wi\u0105\u017ce si\u0119 z utrat\u0105 \u017cycia. Swoim \u017cyciem i dokonywanymi wyborami Inka uczy nas uniwersalnych warto\u015bci, jakimi s\u0105 prawda, patriotyzm i niesienie pomocy innym.<\/span><\/p>\n<p><span style=\"color: #000080;\">Zach\u0119camy do lektury.<\/span><\/p>\n<p><span style=\"color: #000080;\">Nauczyciele bibliotekarze<\/span><\/p>\nngg_shortcode_0_placeholder\n<p>&nbsp;<\/p>\n","protected":false},"excerpt":{"rendered":"<p>Nasza Szko\u0142a wzbogaci\u0142a si\u0119 o nowe pozycje ksi\u0105\u017ckowe, kt\u00f3re przekazane zosta\u0142y przez funkcjonariuszy Stra\u017cy Granicznej w obecno\u015bci pani Burmistrz Miasta Hrubiesz\u00f3w. Ksi\u0105\u017cki, kt\u00f3re dostali\u015bmy to m.in.: \u201ePrzygody misia Wojtka, dzielnego \u017co\u0142nierza\u201d autorstwa Anny Niedziela-Strobel z pi\u0119knymi rysunkami Krzysztofa Kokoryn i \u201eO Ince, kt\u00f3ra zachowa\u0142a si\u0119 jak trzeba\u201d tej samej autorki. Biblioteka szkolna serdecznie zach\u0119ca do [&hellip;]<\/p>\n","protected":false},"author":2,"featured_media":0,"parent":5983,"menu_order":0,"comment_status":"closed","ping_status":"closed","template":"","meta":{"ngg_post_thumbnail":0,"footnotes":""},"class_list":["post-7265","page","type-page","status-publish","hentry"],"_links":{"self":[{"href":"https:\/\/sp1hrubieszow.pl\/index.php\/wp-json\/wp\/v2\/pages\/7265","targetHints":{"allow":["GET"]}}],"collection":[{"href":"https:\/\/sp1hrubieszow.pl\/index.php\/wp-json\/wp\/v2\/pages"}],"about":[{"href":"https:\/\/sp1hrubieszow.pl\/index.php\/wp-json\/wp\/v2\/types\/page"}],"author":[{"embeddable":true,"href":"https:\/\/sp1hrubieszow.pl\/index.php\/wp-json\/wp\/v2\/users\/2"}],"replies":[{"embeddable":true,"href":"https:\/\/sp1hrubieszow.pl\/index.php\/wp-json\/wp\/v2\/comments?post=7265"}],"version-history":[{"count":1,"href":"https:\/\/sp1hrubieszow.pl\/index.php\/wp-json\/wp\/v2\/pages\/7265\/revisions"}],"predecessor-version":[{"id":7266,"href":"https:\/\/sp1hrubieszow.pl\/index.php\/wp-json\/wp\/v2\/pages\/7265\/revisions\/7266"}],"up":[{"embeddable":true,"href":"https:\/\/sp1hrubieszow.pl\/index.php\/wp-json\/wp\/v2\/pages\/5983"}],"wp:attachment":[{"href":"https:\/\/sp1hrubieszow.pl\/index.php\/wp-json\/wp\/v2\/media?parent=7265"}],"curies":[{"name":"wp","href":"https:\/\/api.w.org\/{rel}","templated":true}]}}