{"id":7257,"date":"2020-11-16T18:37:59","date_gmt":"2020-11-16T17:37:59","guid":{"rendered":"http:\/\/sp1.hrubieszow.info\/?page_id=7257"},"modified":"2020-11-16T18:38:14","modified_gmt":"2020-11-16T17:38:14","slug":"dzien-dyni","status":"publish","type":"page","link":"https:\/\/sp1hrubieszow.pl\/index.php\/kronika-2020-2021\/dzien-dyni\/","title":{"rendered":"Dzie\u0144 Dyni"},"content":{"rendered":"\n<p><span style=\"color: #000080;\">W pi\u0105tek 30 pa\u017adziernika od rana w oddziale przedszkolnym kr\u00f3lowa\u0142 kolor pomara\u0144czowy.<\/span><br><span style=\"color: #000080;\">Wszystko za spraw\u0105 gwiazdy tego dnia \u2013&nbsp;DYNI.<\/span><br><span style=\"color: #000080;\">Ka\u017cdy przedszkolak mia\u0142 na sobie pomara\u0144czowy element ubrania, a niekt\u00f3rzy zaprezentowali dyniowe stroje &#8211; by\u0142 to przyjemny pocz\u0105tek tego weso\u0142ego dnia. Zaj\u0119cia rozpocz\u0119\u0142y si\u0119 od wprowadzenia dzieci do tematu poprzez dyniowe powitanie:<\/span><\/p>\n<p><span style=\"color: #000080;\"><em>&#8222;Jak przyjemnie i weso\u0142o, <\/em><\/span><\/p>\n<p><span style=\"color: #000080;\"><em>kiedy dynia kr\u0105\u017cy w ko\u0142o \u2013 <\/em><\/span><\/p>\n<p><span style=\"color: #000080;\"><em>dynia tu, dynia tam,<\/em><\/span><\/p>\n<p><span style=\"color: #000080;\"><em>&nbsp;dynia kr\u0105\u017cy tu i tam&#8221;<\/em><\/span><\/p>\n<p><span style=\"color: #000080;\">Nast\u0119pnie rozpocz\u0119\u0142a si\u0119 g\u0142\u00f3wna cz\u0119\u015b\u0107 zaj\u0119\u0107, podczas kt\u00f3rych dzieci: poznawa\u0142y r\u00f3\u017cnorodno\u015b\u0107 dy\u0144, opisywa\u0142y dynie, segregowa\u0142y dynie pod wzgl\u0119dem wielko\u015bci, koloru, kszta\u0142tu. Dzieci wzi\u0119\u0142y tak\u017ce udzia\u0142 w&nbsp;dyniowych zabawach ruchowych: dyniowe kr\u0119gle, slalom dyniowy, podawanie dyni w rz\u0119dzie ro\u017cnymi sposobami &#8211; nad g\u0142ow\u0105, mi\u0119dzy nogami, czy z boku. Dzieci poznawa\u0142y dynie z zewn\u0105trz i od \u015brodka oraz degustowa\u0142y dyniowe pestki. Ne zabrak\u0142o te\u017c zabaw tanecznych z dyniami wykonanymi z balon\u00f3w. To by\u0142 dla wszystkich bardzo atrakcyjny dzie\u0144 nie tylko ze wzgl\u0119du na r\u00f3\u017cnorodne zabawy ale tak\u017ce pod k\u0105tem edukacyjnym. Przedszkolaki utrwali\u0142y wiadomo\u015bci na temat roli warzyw w codziennej diecie, dowiedzia\u0142y si\u0119 w jaki spos\u00f3b mo\u017cna je przetwarza\u0107 i co mo\u017cna z nich zrobi\u0107.<\/span><\/p>\nngg_shortcode_0_placeholder\n<div style=\"width: 625px;\" class=\"wp-video\"><video class=\"wp-video-shortcode\" id=\"video-7257-1\" width=\"625\" height=\"352\" preload=\"metadata\" controls=\"controls\"><source type=\"video\/mp4\" src=\"http:\/\/sp1.hrubieszow.info\/wp-content\/uploads\/2020\/11\/film.mp4?_=1\" \/><a href=\"http:\/\/sp1.hrubieszow.info\/wp-content\/uploads\/2020\/11\/film.mp4\">http:\/\/sp1.hrubieszow.info\/wp-content\/uploads\/2020\/11\/film.mp4<\/a><\/video><\/div>\n","protected":false},"excerpt":{"rendered":"<p>W pi\u0105tek 30 pa\u017adziernika od rana w oddziale przedszkolnym kr\u00f3lowa\u0142 kolor pomara\u0144czowy.Wszystko za spraw\u0105 gwiazdy tego dnia \u2013&nbsp;DYNI.Ka\u017cdy przedszkolak mia\u0142 na sobie pomara\u0144czowy element ubrania, a niekt\u00f3rzy zaprezentowali dyniowe stroje &#8211; by\u0142 to przyjemny pocz\u0105tek tego weso\u0142ego dnia. Zaj\u0119cia rozpocz\u0119\u0142y si\u0119 od wprowadzenia dzieci do tematu poprzez dyniowe powitanie: &#8222;Jak przyjemnie i weso\u0142o, kiedy dynia [&hellip;]<\/p>\n","protected":false},"author":2,"featured_media":0,"parent":5983,"menu_order":0,"comment_status":"closed","ping_status":"closed","template":"","meta":{"ngg_post_thumbnail":0,"footnotes":""},"class_list":["post-7257","page","type-page","status-publish","hentry"],"_links":{"self":[{"href":"https:\/\/sp1hrubieszow.pl\/index.php\/wp-json\/wp\/v2\/pages\/7257","targetHints":{"allow":["GET"]}}],"collection":[{"href":"https:\/\/sp1hrubieszow.pl\/index.php\/wp-json\/wp\/v2\/pages"}],"about":[{"href":"https:\/\/sp1hrubieszow.pl\/index.php\/wp-json\/wp\/v2\/types\/page"}],"author":[{"embeddable":true,"href":"https:\/\/sp1hrubieszow.pl\/index.php\/wp-json\/wp\/v2\/users\/2"}],"replies":[{"embeddable":true,"href":"https:\/\/sp1hrubieszow.pl\/index.php\/wp-json\/wp\/v2\/comments?post=7257"}],"version-history":[{"count":1,"href":"https:\/\/sp1hrubieszow.pl\/index.php\/wp-json\/wp\/v2\/pages\/7257\/revisions"}],"predecessor-version":[{"id":7258,"href":"https:\/\/sp1hrubieszow.pl\/index.php\/wp-json\/wp\/v2\/pages\/7257\/revisions\/7258"}],"up":[{"embeddable":true,"href":"https:\/\/sp1hrubieszow.pl\/index.php\/wp-json\/wp\/v2\/pages\/5983"}],"wp:attachment":[{"href":"https:\/\/sp1hrubieszow.pl\/index.php\/wp-json\/wp\/v2\/media?parent=7257"}],"curies":[{"name":"wp","href":"https:\/\/api.w.org\/{rel}","templated":true}]}}