{"id":7221,"date":"2020-11-16T18:22:35","date_gmt":"2020-11-16T17:22:35","guid":{"rendered":"http:\/\/sp1.hrubieszow.info\/?page_id=7221"},"modified":"2020-11-16T18:23:03","modified_gmt":"2020-11-16T17:23:03","slug":"rozstrzygniecie-konkursu-w-oddziale-przedszkolnym","status":"publish","type":"page","link":"https:\/\/sp1hrubieszow.pl\/index.php\/kronika-2020-2021\/rozstrzygniecie-konkursu-w-oddziale-przedszkolnym\/","title":{"rendered":"Rozstrzygni\u0119cie konkursu w oddziale przedszkolnym"},"content":{"rendered":"\n<p><span style=\"color: #000080;\">W pa\u017adzierniku w oddziale przedszkolnym zosta\u0142 zorganizowany konkurs pt. \u201e<strong><em><u>Owocowo \u2013 warzywne cudaki<\/u><\/em><\/strong>\u201d. Konkurs przeznaczony by\u0142 dla dzieci i ich rodzic\u00f3w. Mia\u0142 na celu kszta\u0142towanie postaw prozdrowotnych, rozwijanie tw\u00f3rczej wyobra\u017ani, sprawno\u015bci manualnej oraz nabywanie umiej\u0119tno\u015bci wsp\u00f3\u0142dzia\u0142ania rodzic \u2013 dziecko.&nbsp;<\/span><\/p>\n<p><span style=\"color: #000080;\">&nbsp;&nbsp;&nbsp;&nbsp;&nbsp;&nbsp;Autorzy wykazali si\u0119 pomys\u0142owo\u015bci\u0105 i zaanga\u017cowaniem. Prace wzbudza\u0142y podziw i zainteresowanie wszystkich ogl\u0105daj\u0105cych. Z tego te\u017c powodu jury mia\u0142o nie lada problem w wyborze laureat\u00f3w.<\/span><\/p>\n<p><span style=\"color: #000080;\">&nbsp;W poniedzia\u0142ek 03 listopada 2020 r. nast\u0105pi\u0142o oficjalne wr\u0119czenie dyplom\u00f3w i nagr\u00f3d zwyci\u0119zcom konkursu:<\/span><\/p>\n<p><span style=\"color: #000080;\">&nbsp;&nbsp;&nbsp;&nbsp;&nbsp;&nbsp;&nbsp;&nbsp;&nbsp; <strong>I miejsce \u2013 Roman Natan&nbsp;&nbsp;&nbsp;&nbsp;&nbsp;&nbsp;&nbsp;&nbsp;&nbsp;&nbsp;<\/strong><\/span><\/p>\n<p><span style=\"color: #000080;\"><strong>&nbsp;&nbsp;&nbsp;&nbsp;&nbsp;&nbsp;&nbsp;&nbsp;&nbsp;&nbsp;&nbsp;&nbsp;&nbsp;&nbsp;&nbsp;&nbsp;&nbsp;&nbsp;&nbsp;&nbsp; &nbsp;II miejsce \u2013 Flisiak Alan&nbsp;&nbsp;&nbsp;&nbsp;&nbsp;&nbsp;&nbsp;&nbsp;&nbsp;&nbsp;&nbsp;&nbsp;&nbsp;&nbsp;&nbsp;&nbsp;&nbsp;&nbsp;&nbsp;&nbsp;<\/strong><\/span><\/p>\n<p><span style=\"color: #000080;\"><strong>III miejsce \u2013 Karpiuk Jakub<\/strong><\/span><\/p>\n<p><span style=\"color: #000080;\">Wszyscy uczestnicy konkursu otrzymali drobne upominki i dyplomy.<\/span><\/p>\n<p><span style=\"color: #000080;\">&nbsp;&nbsp;&nbsp;&nbsp;&nbsp;&nbsp;&nbsp;&nbsp;&nbsp;<em><u>&nbsp;&nbsp;&nbsp;&nbsp;DZI\u0118KUJEMY i GRATULUJEMY!!!<\/u><\/em><\/span><\/p>\nngg_shortcode_0_placeholder\n<p>&nbsp;<\/p>\n","protected":false},"excerpt":{"rendered":"<p>W pa\u017adzierniku w oddziale przedszkolnym zosta\u0142 zorganizowany konkurs pt. \u201eOwocowo \u2013 warzywne cudaki\u201d. Konkurs przeznaczony by\u0142 dla dzieci i ich rodzic\u00f3w. Mia\u0142 na celu kszta\u0142towanie postaw prozdrowotnych, rozwijanie tw\u00f3rczej wyobra\u017ani, sprawno\u015bci manualnej oraz nabywanie umiej\u0119tno\u015bci wsp\u00f3\u0142dzia\u0142ania rodzic \u2013 dziecko.&nbsp; &nbsp;&nbsp;&nbsp;&nbsp;&nbsp;&nbsp;Autorzy wykazali si\u0119 pomys\u0142owo\u015bci\u0105 i zaanga\u017cowaniem. Prace wzbudza\u0142y podziw i zainteresowanie wszystkich ogl\u0105daj\u0105cych. Z tego te\u017c [&hellip;]<\/p>\n","protected":false},"author":2,"featured_media":0,"parent":5983,"menu_order":0,"comment_status":"closed","ping_status":"closed","template":"","meta":{"ngg_post_thumbnail":0,"footnotes":""},"class_list":["post-7221","page","type-page","status-publish","hentry"],"_links":{"self":[{"href":"https:\/\/sp1hrubieszow.pl\/index.php\/wp-json\/wp\/v2\/pages\/7221","targetHints":{"allow":["GET"]}}],"collection":[{"href":"https:\/\/sp1hrubieszow.pl\/index.php\/wp-json\/wp\/v2\/pages"}],"about":[{"href":"https:\/\/sp1hrubieszow.pl\/index.php\/wp-json\/wp\/v2\/types\/page"}],"author":[{"embeddable":true,"href":"https:\/\/sp1hrubieszow.pl\/index.php\/wp-json\/wp\/v2\/users\/2"}],"replies":[{"embeddable":true,"href":"https:\/\/sp1hrubieszow.pl\/index.php\/wp-json\/wp\/v2\/comments?post=7221"}],"version-history":[{"count":1,"href":"https:\/\/sp1hrubieszow.pl\/index.php\/wp-json\/wp\/v2\/pages\/7221\/revisions"}],"predecessor-version":[{"id":7222,"href":"https:\/\/sp1hrubieszow.pl\/index.php\/wp-json\/wp\/v2\/pages\/7221\/revisions\/7222"}],"up":[{"embeddable":true,"href":"https:\/\/sp1hrubieszow.pl\/index.php\/wp-json\/wp\/v2\/pages\/5983"}],"wp:attachment":[{"href":"https:\/\/sp1hrubieszow.pl\/index.php\/wp-json\/wp\/v2\/media?parent=7221"}],"curies":[{"name":"wp","href":"https:\/\/api.w.org\/{rel}","templated":true}]}}