{"id":7194,"date":"2020-11-16T18:12:18","date_gmt":"2020-11-16T17:12:18","guid":{"rendered":"http:\/\/sp1.hrubieszow.info\/?page_id=7194"},"modified":"2020-11-16T18:12:44","modified_gmt":"2020-11-16T17:12:44","slug":"logo-szkolnego-kola-wolontariatu","status":"publish","type":"page","link":"https:\/\/sp1hrubieszow.pl\/index.php\/kronika-2020-2021\/logo-szkolnego-kola-wolontariatu\/","title":{"rendered":"Logo Szkolnego Ko\u0142a Wolontariatu"},"content":{"rendered":"\n<p><span style=\"color: #000080;\">We wrze\u015bniu wolontariusze przyst\u0105pili do konkursu na logo i has\u0142o promulgacje Szkolne Ko\u0142o Wolontariatu. Spo\u015br\u00f3d opracowanych projekt\u00f3w, cz\u0142onkowie szkolnego ko\u0142a wolontariatu wi\u0119kszo\u015bci\u0105 g\u0142os\u00f3w wybrali projekt Antoniny Sucheckiej.&nbsp; Ponadto wyr\u00f3\u017cnili prace&nbsp; za pomys\u0142owo\u015b\u0107 i kreatywno\u015b\u0107: Jagody Grony, Martyny i Mai Wilkos, Kacpra Kasprzaka.<\/span><\/p>\n<p><span style=\"color: #000080;\">&nbsp;&nbsp;&nbsp;&nbsp;&nbsp;&nbsp;&nbsp;&nbsp;&nbsp;&nbsp;&nbsp;&nbsp;&nbsp;&nbsp;&nbsp;&nbsp;&nbsp;&nbsp;&nbsp;&nbsp;&nbsp;&nbsp;&nbsp;&nbsp;&nbsp;&nbsp;&nbsp;&nbsp;&nbsp;&nbsp;&nbsp;&nbsp;&nbsp;&nbsp;&nbsp;&nbsp;&nbsp;&nbsp;&nbsp;&nbsp;&nbsp;&nbsp;&nbsp;&nbsp;&nbsp;&nbsp;&nbsp;&nbsp;&nbsp;&nbsp;&nbsp;&nbsp; Gratulujemy !!!<\/span><\/p>\n<p><span style=\"color: #000080;\">Nagrody dla laureat\u00f3w do odebrania po uzgodnieniu z opiekunem SKW.<\/span><\/p>\nngg_shortcode_0_placeholder\n","protected":false},"excerpt":{"rendered":"<p>We wrze\u015bniu wolontariusze przyst\u0105pili do konkursu na logo i has\u0142o promulgacje Szkolne Ko\u0142o Wolontariatu. Spo\u015br\u00f3d opracowanych projekt\u00f3w, cz\u0142onkowie szkolnego ko\u0142a wolontariatu wi\u0119kszo\u015bci\u0105 g\u0142os\u00f3w wybrali projekt Antoniny Sucheckiej.&nbsp; Ponadto wyr\u00f3\u017cnili prace&nbsp; za pomys\u0142owo\u015b\u0107 i kreatywno\u015b\u0107: Jagody Grony, Martyny i Mai Wilkos, Kacpra Kasprzaka. &nbsp;&nbsp;&nbsp;&nbsp;&nbsp;&nbsp;&nbsp;&nbsp;&nbsp;&nbsp;&nbsp;&nbsp;&nbsp;&nbsp;&nbsp;&nbsp;&nbsp;&nbsp;&nbsp;&nbsp;&nbsp;&nbsp;&nbsp;&nbsp;&nbsp;&nbsp;&nbsp;&nbsp;&nbsp;&nbsp;&nbsp;&nbsp;&nbsp;&nbsp;&nbsp;&nbsp;&nbsp;&nbsp;&nbsp;&nbsp;&nbsp;&nbsp;&nbsp;&nbsp;&nbsp;&nbsp;&nbsp;&nbsp;&nbsp;&nbsp;&nbsp;&nbsp; Gratulujemy !!! Nagrody dla laureat\u00f3w do odebrania po uzgodnieniu z opiekunem SKW.<\/p>\n","protected":false},"author":2,"featured_media":0,"parent":5983,"menu_order":0,"comment_status":"closed","ping_status":"closed","template":"","meta":{"ngg_post_thumbnail":0,"footnotes":""},"class_list":["post-7194","page","type-page","status-publish","hentry"],"_links":{"self":[{"href":"https:\/\/sp1hrubieszow.pl\/index.php\/wp-json\/wp\/v2\/pages\/7194","targetHints":{"allow":["GET"]}}],"collection":[{"href":"https:\/\/sp1hrubieszow.pl\/index.php\/wp-json\/wp\/v2\/pages"}],"about":[{"href":"https:\/\/sp1hrubieszow.pl\/index.php\/wp-json\/wp\/v2\/types\/page"}],"author":[{"embeddable":true,"href":"https:\/\/sp1hrubieszow.pl\/index.php\/wp-json\/wp\/v2\/users\/2"}],"replies":[{"embeddable":true,"href":"https:\/\/sp1hrubieszow.pl\/index.php\/wp-json\/wp\/v2\/comments?post=7194"}],"version-history":[{"count":1,"href":"https:\/\/sp1hrubieszow.pl\/index.php\/wp-json\/wp\/v2\/pages\/7194\/revisions"}],"predecessor-version":[{"id":7195,"href":"https:\/\/sp1hrubieszow.pl\/index.php\/wp-json\/wp\/v2\/pages\/7194\/revisions\/7195"}],"up":[{"embeddable":true,"href":"https:\/\/sp1hrubieszow.pl\/index.php\/wp-json\/wp\/v2\/pages\/5983"}],"wp:attachment":[{"href":"https:\/\/sp1hrubieszow.pl\/index.php\/wp-json\/wp\/v2\/media?parent=7194"}],"curies":[{"name":"wp","href":"https:\/\/api.w.org\/{rel}","templated":true}]}}