{"id":7183,"date":"2020-11-16T18:01:06","date_gmt":"2020-11-16T17:01:06","guid":{"rendered":"http:\/\/sp1.hrubieszow.info\/?page_id=7183"},"modified":"2020-11-16T18:02:03","modified_gmt":"2020-11-16T17:02:03","slug":"zajecia-z-bezpieczenstwa-dla-wolontariuszy","status":"publish","type":"page","link":"https:\/\/sp1hrubieszow.pl\/index.php\/kronika-2020-2021\/zajecia-z-bezpieczenstwa-dla-wolontariuszy\/","title":{"rendered":"Zaj\u0119cia z bezpiecze\u0144stwa dla wolontariuszy"},"content":{"rendered":"\n<p class=\"Standard\" style=\"line-height: 150%;\"><span style=\"font-size: 16pt; line-height: 150%; color: #000080;\">W dniu 20 pa\u017adziernika br., wolontariusze uczestniczyli w spotkaniu z funkcjonariuszem Komedy Powiatowej Policji w Hrubieszowie. Podczas spotkania policjant przybli\u017cy\u0142 uczniom zasady bezpiecze\u0144stwa podczas uczestniczenia w organizowanych akcjach i zbi\u00f3rkach. Udzieli\u0142 rady i wskaz\u00f3wki jak nie pa\u015b\u0107 ofiar\u0105 przest\u0119pstwa oraz w jaki spos\u00f3b szybko powiadomi\u0107 policjant\u00f3w w przypadku zagro\u017cenia. Zaznaczy\u0142, na co nale\u017cy w szczeg\u00f3lno\u015bci zwraca\u0107 uwag\u0119, nios\u0105c pomoc osobom starszym lub potrzebuj\u0105cym. Przybli\u017cy\u0142,<span style=\"background: white;\"> tak\u017ce uczniom wiedz\u0119 z zakresu odpowiedzialno\u015bci karnej za pope\u0142niane czyny karalne lub przejawy demoralizacji.<\/span><\/span><\/p>\nngg_shortcode_0_placeholder\n<p class=\"Standard\" style=\"line-height: 150%;\"><span style=\"font-size: 16.0pt; line-height: 150%; color: black; background: white;\">&nbsp;<\/span><\/p>\n<p class=\"Standard\">&nbsp;<\/p>\n","protected":false},"excerpt":{"rendered":"<p>W dniu 20 pa\u017adziernika br., wolontariusze uczestniczyli w spotkaniu z funkcjonariuszem Komedy Powiatowej Policji w Hrubieszowie. Podczas spotkania policjant przybli\u017cy\u0142 uczniom zasady bezpiecze\u0144stwa podczas uczestniczenia w organizowanych akcjach i zbi\u00f3rkach. Udzieli\u0142 rady i wskaz\u00f3wki jak nie pa\u015b\u0107 ofiar\u0105 przest\u0119pstwa oraz w jaki spos\u00f3b szybko powiadomi\u0107 policjant\u00f3w w przypadku zagro\u017cenia. Zaznaczy\u0142, na co nale\u017cy w szczeg\u00f3lno\u015bci [&hellip;]<\/p>\n","protected":false},"author":2,"featured_media":0,"parent":5983,"menu_order":0,"comment_status":"closed","ping_status":"closed","template":"","meta":{"ngg_post_thumbnail":0,"footnotes":""},"class_list":["post-7183","page","type-page","status-publish","hentry"],"_links":{"self":[{"href":"https:\/\/sp1hrubieszow.pl\/index.php\/wp-json\/wp\/v2\/pages\/7183","targetHints":{"allow":["GET"]}}],"collection":[{"href":"https:\/\/sp1hrubieszow.pl\/index.php\/wp-json\/wp\/v2\/pages"}],"about":[{"href":"https:\/\/sp1hrubieszow.pl\/index.php\/wp-json\/wp\/v2\/types\/page"}],"author":[{"embeddable":true,"href":"https:\/\/sp1hrubieszow.pl\/index.php\/wp-json\/wp\/v2\/users\/2"}],"replies":[{"embeddable":true,"href":"https:\/\/sp1hrubieszow.pl\/index.php\/wp-json\/wp\/v2\/comments?post=7183"}],"version-history":[{"count":1,"href":"https:\/\/sp1hrubieszow.pl\/index.php\/wp-json\/wp\/v2\/pages\/7183\/revisions"}],"predecessor-version":[{"id":7184,"href":"https:\/\/sp1hrubieszow.pl\/index.php\/wp-json\/wp\/v2\/pages\/7183\/revisions\/7184"}],"up":[{"embeddable":true,"href":"https:\/\/sp1hrubieszow.pl\/index.php\/wp-json\/wp\/v2\/pages\/5983"}],"wp:attachment":[{"href":"https:\/\/sp1hrubieszow.pl\/index.php\/wp-json\/wp\/v2\/media?parent=7183"}],"curies":[{"name":"wp","href":"https:\/\/api.w.org\/{rel}","templated":true}]}}