{"id":7173,"date":"2020-11-15T14:29:38","date_gmt":"2020-11-15T13:29:38","guid":{"rendered":"http:\/\/sp1.hrubieszow.info\/?page_id=7173"},"modified":"2020-11-15T14:30:12","modified_gmt":"2020-11-15T13:30:12","slug":"warsztaty-profilaktyczne-debata","status":"publish","type":"page","link":"https:\/\/sp1hrubieszow.pl\/index.php\/kronika-2020-2021\/warsztaty-profilaktyczne-debata\/","title":{"rendered":"WARSZTATY PROFILAKTYCZNE ,,DEBATA\u201d"},"content":{"rendered":"\n<p><span style=\"color: #000080;\">W dniu 22 pa\u017adziernika br. uczniowie klasy 7a i 7c uczestniczyli w warsztatach rekomendowanego programu profilaktyki ,,Debata\u201d. Zaj\u0119cia, kt\u00f3re by\u0142y realizowane po 3 godziny w ka\u017cdym oddziale, przeprowadzi\u0142a trenerka z Centrum Dzia\u0142a\u0144 Profilaktycznych z Wieliczki.<\/span><\/p>\n<p><span style=\"color: #000080;\">Program nastawiony jest przede wszystkim na op\u00f3\u017anienie inicjacji alkoholowej w\u015br\u00f3d nastolatk\u00f3w, co ma ich chroni\u0107 przed negatywnymi konsekwencjami picia alkoholu i rozwojem innych zachowa\u0144 ryzykownych.<\/span><\/p>\n<p><span style=\"color: #000080;\">Warsztaty realizowane by\u0142y w ramach programu ,,Jestem sob\u0105, jestem tu. Innowacyjna profilaktyka\u201d, przy wsp\u00f3\u0142pracy z Miejsk\u0105 Komisj\u0105 Rozwi\u0105zywania Problem\u00f3w Alkoholowych w Hrubieszowie.<\/span><\/p>\nngg_shortcode_0_placeholder\n","protected":false},"excerpt":{"rendered":"<p>W dniu 22 pa\u017adziernika br. uczniowie klasy 7a i 7c uczestniczyli w warsztatach rekomendowanego programu profilaktyki ,,Debata\u201d. Zaj\u0119cia, kt\u00f3re by\u0142y realizowane po 3 godziny w ka\u017cdym oddziale, przeprowadzi\u0142a trenerka z Centrum Dzia\u0142a\u0144 Profilaktycznych z Wieliczki. Program nastawiony jest przede wszystkim na op\u00f3\u017anienie inicjacji alkoholowej w\u015br\u00f3d nastolatk\u00f3w, co ma ich chroni\u0107 przed negatywnymi konsekwencjami picia alkoholu [&hellip;]<\/p>\n","protected":false},"author":2,"featured_media":0,"parent":5983,"menu_order":0,"comment_status":"closed","ping_status":"closed","template":"","meta":{"ngg_post_thumbnail":0,"footnotes":""},"class_list":["post-7173","page","type-page","status-publish","hentry"],"_links":{"self":[{"href":"https:\/\/sp1hrubieszow.pl\/index.php\/wp-json\/wp\/v2\/pages\/7173","targetHints":{"allow":["GET"]}}],"collection":[{"href":"https:\/\/sp1hrubieszow.pl\/index.php\/wp-json\/wp\/v2\/pages"}],"about":[{"href":"https:\/\/sp1hrubieszow.pl\/index.php\/wp-json\/wp\/v2\/types\/page"}],"author":[{"embeddable":true,"href":"https:\/\/sp1hrubieszow.pl\/index.php\/wp-json\/wp\/v2\/users\/2"}],"replies":[{"embeddable":true,"href":"https:\/\/sp1hrubieszow.pl\/index.php\/wp-json\/wp\/v2\/comments?post=7173"}],"version-history":[{"count":1,"href":"https:\/\/sp1hrubieszow.pl\/index.php\/wp-json\/wp\/v2\/pages\/7173\/revisions"}],"predecessor-version":[{"id":7174,"href":"https:\/\/sp1hrubieszow.pl\/index.php\/wp-json\/wp\/v2\/pages\/7173\/revisions\/7174"}],"up":[{"embeddable":true,"href":"https:\/\/sp1hrubieszow.pl\/index.php\/wp-json\/wp\/v2\/pages\/5983"}],"wp:attachment":[{"href":"https:\/\/sp1hrubieszow.pl\/index.php\/wp-json\/wp\/v2\/media?parent=7173"}],"curies":[{"name":"wp","href":"https:\/\/api.w.org\/{rel}","templated":true}]}}