{"id":7164,"date":"2020-11-15T14:17:28","date_gmt":"2020-11-15T13:17:28","guid":{"rendered":"http:\/\/sp1.hrubieszow.info\/?page_id=7164"},"modified":"2020-11-15T14:18:18","modified_gmt":"2020-11-15T13:18:18","slug":"szkola-pamieta","status":"publish","type":"page","link":"https:\/\/sp1hrubieszow.pl\/index.php\/kronika-2020-2021\/szkola-pamieta\/","title":{"rendered":"Szko\u0142a pami\u0119ta"},"content":{"rendered":"\n<p><span style=\"color: #000080;\">W tym roku nasza szko\u0142a r\u00f3wnie\u017c w\u0142\u0105czy\u0142a si\u0119 do akcji Ministerstwa Edukacji Narodowej \u201eSzko\u0142a pami\u0119ta\u201d. Celem tej inicjatywy by\u0142o zorganizowanie dzia\u0142a\u0144 upami\u0119tniaj\u0105cych wa\u017cne postaci oraz wydarzenia historyczne. W zwi\u0105zku z tym akcj\u0119 rozpocz\u0119li\u015bmy od wykonania przepi\u0119knych wi\u0105zanek dla tych, kt\u00f3rzy ponie\u015bli najwy\u017csz\u0105 ofiar\u0119 w s\u0142u\u017cbie Ojczyzny. Nast\u0119pnie przedstawiciele Ma\u0142ego Samorz\u0105du Uczniowskiego wraz z opiekunami wspominali przy tablicy pami\u0105tkowej w szkole, poleg\u0142ych \u017co\u0142nierzy 4 Pu\u0142ku Piechoty Legion\u00f3w, kt\u00f3rzy walczyli mi\u0119dzy innymi na Lubelszczy\u017anie i Wo\u0142yniu. 29 pa\u017adziernika uczniowie wraz z nauczycielk\u0105 udali si\u0119 na miejscowy cmentarz wojenny. Tam z\u0142o\u017cono wi\u0105zanki, uporz\u0105dkowano pomniki oraz przy wsp\u00f3lnej modlitwie zapalono znicze, by cho\u0107 na chwil\u0119 odda\u0107 ho\u0142d bohaterom naszej spo\u0142eczno\u015bci.<\/span><\/p>\nngg_shortcode_0_placeholder\n","protected":false},"excerpt":{"rendered":"<p>W tym roku nasza szko\u0142a r\u00f3wnie\u017c w\u0142\u0105czy\u0142a si\u0119 do akcji Ministerstwa Edukacji Narodowej \u201eSzko\u0142a pami\u0119ta\u201d. Celem tej inicjatywy by\u0142o zorganizowanie dzia\u0142a\u0144 upami\u0119tniaj\u0105cych wa\u017cne postaci oraz wydarzenia historyczne. W zwi\u0105zku z tym akcj\u0119 rozpocz\u0119li\u015bmy od wykonania przepi\u0119knych wi\u0105zanek dla tych, kt\u00f3rzy ponie\u015bli najwy\u017csz\u0105 ofiar\u0119 w s\u0142u\u017cbie Ojczyzny. Nast\u0119pnie przedstawiciele Ma\u0142ego Samorz\u0105du Uczniowskiego wraz z opiekunami wspominali [&hellip;]<\/p>\n","protected":false},"author":2,"featured_media":0,"parent":5983,"menu_order":0,"comment_status":"closed","ping_status":"closed","template":"","meta":{"ngg_post_thumbnail":0,"footnotes":""},"class_list":["post-7164","page","type-page","status-publish","hentry"],"_links":{"self":[{"href":"https:\/\/sp1hrubieszow.pl\/index.php\/wp-json\/wp\/v2\/pages\/7164","targetHints":{"allow":["GET"]}}],"collection":[{"href":"https:\/\/sp1hrubieszow.pl\/index.php\/wp-json\/wp\/v2\/pages"}],"about":[{"href":"https:\/\/sp1hrubieszow.pl\/index.php\/wp-json\/wp\/v2\/types\/page"}],"author":[{"embeddable":true,"href":"https:\/\/sp1hrubieszow.pl\/index.php\/wp-json\/wp\/v2\/users\/2"}],"replies":[{"embeddable":true,"href":"https:\/\/sp1hrubieszow.pl\/index.php\/wp-json\/wp\/v2\/comments?post=7164"}],"version-history":[{"count":1,"href":"https:\/\/sp1hrubieszow.pl\/index.php\/wp-json\/wp\/v2\/pages\/7164\/revisions"}],"predecessor-version":[{"id":7165,"href":"https:\/\/sp1hrubieszow.pl\/index.php\/wp-json\/wp\/v2\/pages\/7164\/revisions\/7165"}],"up":[{"embeddable":true,"href":"https:\/\/sp1hrubieszow.pl\/index.php\/wp-json\/wp\/v2\/pages\/5983"}],"wp:attachment":[{"href":"https:\/\/sp1hrubieszow.pl\/index.php\/wp-json\/wp\/v2\/media?parent=7164"}],"curies":[{"name":"wp","href":"https:\/\/api.w.org\/{rel}","templated":true}]}}