{"id":7149,"date":"2020-11-14T18:37:41","date_gmt":"2020-11-14T17:37:41","guid":{"rendered":"http:\/\/sp1.hrubieszow.info\/?page_id=7149"},"modified":"2020-11-14T18:38:09","modified_gmt":"2020-11-14T17:38:09","slug":"makiety-placu-broni","status":"publish","type":"page","link":"https:\/\/sp1hrubieszow.pl\/index.php\/kronika-2020-2021\/makiety-placu-broni\/","title":{"rendered":"Makiety Placu Broni"},"content":{"rendered":"\n<p><span style=\"color: #000080;\">Historia Nemeczka wzrusza kolejne pokolenie. Ten niepozorny ch\u0142opiec okaza\u0142 si\u0119 odwa\u017cnym, honorowym, oddanym przyjacielem. Odda\u0142 \u017cycie w obronie Placu, kt\u00f3ry by\u0142 nie tylko miejscem zabaw. By\u0142a to ostoja bezpiecze\u0144stwa i wolno\u015bci. Uczniowie klasy pi\u0105tej, zafascynowani histori\u0105 Nemeczka, wykonali makiety Placu Broni. Tak wyobrazili sobie miejsce, gdzie bohaterowie lektury bawili si\u0119, a potem bronili tego, co by\u0142o dla nich najwa\u017cniejsze.<\/span><\/p>\n<p><span style=\"color: #000080;\">Makiety wykonali: Maja, Martyna, Mateusz, Marcin, Karol i Wiktor.<\/span><\/p>\nngg_shortcode_0_placeholder\n","protected":false},"excerpt":{"rendered":"<p>Historia Nemeczka wzrusza kolejne pokolenie. Ten niepozorny ch\u0142opiec okaza\u0142 si\u0119 odwa\u017cnym, honorowym, oddanym przyjacielem. Odda\u0142 \u017cycie w obronie Placu, kt\u00f3ry by\u0142 nie tylko miejscem zabaw. By\u0142a to ostoja bezpiecze\u0144stwa i wolno\u015bci. Uczniowie klasy pi\u0105tej, zafascynowani histori\u0105 Nemeczka, wykonali makiety Placu Broni. Tak wyobrazili sobie miejsce, gdzie bohaterowie lektury bawili si\u0119, a potem bronili tego, co [&hellip;]<\/p>\n","protected":false},"author":2,"featured_media":0,"parent":5983,"menu_order":0,"comment_status":"closed","ping_status":"closed","template":"","meta":{"ngg_post_thumbnail":0,"footnotes":""},"class_list":["post-7149","page","type-page","status-publish","hentry"],"_links":{"self":[{"href":"https:\/\/sp1hrubieszow.pl\/index.php\/wp-json\/wp\/v2\/pages\/7149","targetHints":{"allow":["GET"]}}],"collection":[{"href":"https:\/\/sp1hrubieszow.pl\/index.php\/wp-json\/wp\/v2\/pages"}],"about":[{"href":"https:\/\/sp1hrubieszow.pl\/index.php\/wp-json\/wp\/v2\/types\/page"}],"author":[{"embeddable":true,"href":"https:\/\/sp1hrubieszow.pl\/index.php\/wp-json\/wp\/v2\/users\/2"}],"replies":[{"embeddable":true,"href":"https:\/\/sp1hrubieszow.pl\/index.php\/wp-json\/wp\/v2\/comments?post=7149"}],"version-history":[{"count":1,"href":"https:\/\/sp1hrubieszow.pl\/index.php\/wp-json\/wp\/v2\/pages\/7149\/revisions"}],"predecessor-version":[{"id":7150,"href":"https:\/\/sp1hrubieszow.pl\/index.php\/wp-json\/wp\/v2\/pages\/7149\/revisions\/7150"}],"up":[{"embeddable":true,"href":"https:\/\/sp1hrubieszow.pl\/index.php\/wp-json\/wp\/v2\/pages\/5983"}],"wp:attachment":[{"href":"https:\/\/sp1hrubieszow.pl\/index.php\/wp-json\/wp\/v2\/media?parent=7149"}],"curies":[{"name":"wp","href":"https:\/\/api.w.org\/{rel}","templated":true}]}}