{"id":7069,"date":"2020-11-13T14:29:37","date_gmt":"2020-11-13T13:29:37","guid":{"rendered":"http:\/\/sp1.hrubieszow.info\/?page_id=7069"},"modified":"2020-11-13T14:30:43","modified_gmt":"2020-11-13T13:30:43","slug":"szkolny-konkurs-plastyczny-11-listopada-swieto-odzyskania-niepodleglosci","status":"publish","type":"page","link":"https:\/\/sp1hrubieszow.pl\/index.php\/kronika-2020-2021\/szkolny-konkurs-plastyczny-11-listopada-swieto-odzyskania-niepodleglosci\/","title":{"rendered":"Szkolny konkurs plastyczny ,,11 LISTOPADA- \u015awi\u0119to Odzyskania Niepodleg\u0142o\u015bci\u201d"},"content":{"rendered":"\n<p><span style=\"color: #000080;\">W tym roku, ze wzgl\u0119du na trwaj\u0105c\u0105 epidemi\u0119 koronawirusa&nbsp; nie mogli\u015bmy wsp\u00f3lnie \u015bwi\u0119towa\u0107 Narodowego \u015awi\u0119ta Niepodleg\u0142o\u015bci. Dlatego uczniowie naszej szko\u0142y pracuj\u0105c zdalnie wykonali prace plastyczne po\u015bwi\u0119cone temu wydarzeniu . Prace przesy\u0142ali w formie elektronicznej. Wszystkim bardzo dzi\u0119kuj\u0119 za udzia\u0142 w konkursie. Zwyci\u0119zcom gratuluj\u0119. Dyplomy przesy\u0142am &nbsp;na e-mail zwyci\u0119zc\u00f3w.<\/span><\/p>\n<p><span style=\"color: #000080;\">Komisja postanowi\u0142a przyzna\u0107 dyplomy, zgodnie z regulaminem nast\u0119puj\u0105cym osobom:<\/span><\/p>\n<p><span style=\"color: #000080;\"><strong>&nbsp;Klasy IV <\/strong><\/span><\/p>\n<p><span style=\"color: #000080;\">&nbsp;&nbsp;&nbsp;&nbsp;&nbsp;&nbsp;&nbsp;&nbsp;&nbsp;&nbsp; 1.Miejsce: Dominik Kowalczuk kl.4b<\/span><\/p>\n<ol start=\"2\">\n<li><span style=\"color: #000080;\">Miejsce: Dawid Dworak kl.4b<\/span><\/li>\n<\/ol>\n<p><span style=\"color: #000080;\"><strong>&nbsp;<\/strong><\/span><span style=\"color: #000080;\"><strong>Klasy VI<\/strong>&nbsp;<\/span><\/p>\n<p><span style=\"color: #000080;\">&nbsp;&nbsp;&nbsp;&nbsp;&nbsp;&nbsp;&nbsp;&nbsp;&nbsp;&nbsp; 1.Miejsce: M\u0105czka Oliwia kl.6d<\/span><\/p>\n<p><span style=\"color: #000080;\">&nbsp;<\/span><span style=\"color: #000080;\"><strong>Klasy VII<\/strong><\/span><\/p>\n<p><span style=\"color: #000080;\">&nbsp;&nbsp;&nbsp;&nbsp;&nbsp;&nbsp;&nbsp;&nbsp;&nbsp;&nbsp; 1.Miejsce: Maciej Zaj\u0105c kl.7c<\/span><\/p>\n<p><span style=\"color: #000080;\">2. Miejsce: Kuba Chomiak kl.7c<\/span><\/p>\n<p><span style=\"color: #000080;\">3. Miejsce: Maciej Janiszek kl.7c<\/span><\/p>\n<p><span style=\"color: #000080;\">Gratuluj\u0119 i \u017cycz\u0119 dalszych sukces\u00f3w!<\/span><\/p>\nngg_shortcode_0_placeholder\n<p>&nbsp;<\/p>\n<p>&nbsp;<\/p>\n","protected":false},"excerpt":{"rendered":"<p>W tym roku, ze wzgl\u0119du na trwaj\u0105c\u0105 epidemi\u0119 koronawirusa&nbsp; nie mogli\u015bmy wsp\u00f3lnie \u015bwi\u0119towa\u0107 Narodowego \u015awi\u0119ta Niepodleg\u0142o\u015bci. Dlatego uczniowie naszej szko\u0142y pracuj\u0105c zdalnie wykonali prace plastyczne po\u015bwi\u0119cone temu wydarzeniu . Prace przesy\u0142ali w formie elektronicznej. Wszystkim bardzo dzi\u0119kuj\u0119 za udzia\u0142 w konkursie. Zwyci\u0119zcom gratuluj\u0119. Dyplomy przesy\u0142am &nbsp;na e-mail zwyci\u0119zc\u00f3w. Komisja postanowi\u0142a przyzna\u0107 dyplomy, zgodnie z regulaminem [&hellip;]<\/p>\n","protected":false},"author":2,"featured_media":0,"parent":5983,"menu_order":0,"comment_status":"closed","ping_status":"closed","template":"","meta":{"ngg_post_thumbnail":0,"footnotes":""},"class_list":["post-7069","page","type-page","status-publish","hentry"],"_links":{"self":[{"href":"https:\/\/sp1hrubieszow.pl\/index.php\/wp-json\/wp\/v2\/pages\/7069","targetHints":{"allow":["GET"]}}],"collection":[{"href":"https:\/\/sp1hrubieszow.pl\/index.php\/wp-json\/wp\/v2\/pages"}],"about":[{"href":"https:\/\/sp1hrubieszow.pl\/index.php\/wp-json\/wp\/v2\/types\/page"}],"author":[{"embeddable":true,"href":"https:\/\/sp1hrubieszow.pl\/index.php\/wp-json\/wp\/v2\/users\/2"}],"replies":[{"embeddable":true,"href":"https:\/\/sp1hrubieszow.pl\/index.php\/wp-json\/wp\/v2\/comments?post=7069"}],"version-history":[{"count":1,"href":"https:\/\/sp1hrubieszow.pl\/index.php\/wp-json\/wp\/v2\/pages\/7069\/revisions"}],"predecessor-version":[{"id":7070,"href":"https:\/\/sp1hrubieszow.pl\/index.php\/wp-json\/wp\/v2\/pages\/7069\/revisions\/7070"}],"up":[{"embeddable":true,"href":"https:\/\/sp1hrubieszow.pl\/index.php\/wp-json\/wp\/v2\/pages\/5983"}],"wp:attachment":[{"href":"https:\/\/sp1hrubieszow.pl\/index.php\/wp-json\/wp\/v2\/media?parent=7069"}],"curies":[{"name":"wp","href":"https:\/\/api.w.org\/{rel}","templated":true}]}}