{"id":7056,"date":"2020-11-13T09:18:16","date_gmt":"2020-11-13T08:18:16","guid":{"rendered":"http:\/\/sp1.hrubieszow.info\/?page_id=7056"},"modified":"2020-11-13T09:18:46","modified_gmt":"2020-11-13T08:18:46","slug":"sukcesy-uczniow-jedynki-w-konkursie-kolory-niepodleglosci","status":"publish","type":"page","link":"https:\/\/sp1hrubieszow.pl\/index.php\/kronika-2020-2021\/sukcesy-uczniow-jedynki-w-konkursie-kolory-niepodleglosci\/","title":{"rendered":"Sukcesy uczni\u00f3w \u201eJedynki\u201d w konkursie \u201eKolory Niepodleg\u0142o\u015bci\u201d"},"content":{"rendered":"\n<p><span style=\"color: #000080;\">Jak co roku uczniowie naszej szko\u0142y wzi\u0119li udzia\u0142 w Kuratoryjnym Konkursie Plastycznym pt. \u201eKolory Niepodleg\u0142o\u015bci\u201d Wyj\u0105tkowe prace naszych dzieci zosta\u0142y zauwa\u017cone przez komisj\u0119 konkursow\u0105. Laureatem &nbsp;zosta\u0142 Remigiusz Dziadosz z klasy 2a oraz wyr\u00f3\u017cnienie otrzyma\u0142 Bart\u0142omiej Szyma\u0144ski z kl.1b.<\/span><\/p>\n<p><span style=\"color: #000080;\">Zwyci\u0119zcom Gratulujemy!<\/span><\/p>\n<p><img loading=\"lazy\" decoding=\"async\" class=\"alignnone size-medium wp-image-7055\" src=\"http:\/\/sp1.hrubieszow.info\/wp-content\/uploads\/2020\/11\/kolory-300x169.jpg\" alt=\"\" width=\"300\" height=\"169\" srcset=\"https:\/\/sp1hrubieszow.pl\/wp-content\/uploads\/2020\/11\/kolory-300x169.jpg 300w, https:\/\/sp1hrubieszow.pl\/wp-content\/uploads\/2020\/11\/kolory-768x432.jpg 768w, https:\/\/sp1hrubieszow.pl\/wp-content\/uploads\/2020\/11\/kolory-1024x576.jpg 1024w, https:\/\/sp1hrubieszow.pl\/wp-content\/uploads\/2020\/11\/kolory-624x351.jpg 624w\" sizes=\"auto, (max-width: 300px) 100vw, 300px\" \/><\/p>\n","protected":false},"excerpt":{"rendered":"<p>Jak co roku uczniowie naszej szko\u0142y wzi\u0119li udzia\u0142 w Kuratoryjnym Konkursie Plastycznym pt. \u201eKolory Niepodleg\u0142o\u015bci\u201d Wyj\u0105tkowe prace naszych dzieci zosta\u0142y zauwa\u017cone przez komisj\u0119 konkursow\u0105. Laureatem &nbsp;zosta\u0142 Remigiusz Dziadosz z klasy 2a oraz wyr\u00f3\u017cnienie otrzyma\u0142 Bart\u0142omiej Szyma\u0144ski z kl.1b. Zwyci\u0119zcom Gratulujemy!<\/p>\n","protected":false},"author":2,"featured_media":0,"parent":5983,"menu_order":0,"comment_status":"closed","ping_status":"closed","template":"","meta":{"ngg_post_thumbnail":0,"footnotes":""},"class_list":["post-7056","page","type-page","status-publish","hentry"],"_links":{"self":[{"href":"https:\/\/sp1hrubieszow.pl\/index.php\/wp-json\/wp\/v2\/pages\/7056","targetHints":{"allow":["GET"]}}],"collection":[{"href":"https:\/\/sp1hrubieszow.pl\/index.php\/wp-json\/wp\/v2\/pages"}],"about":[{"href":"https:\/\/sp1hrubieszow.pl\/index.php\/wp-json\/wp\/v2\/types\/page"}],"author":[{"embeddable":true,"href":"https:\/\/sp1hrubieszow.pl\/index.php\/wp-json\/wp\/v2\/users\/2"}],"replies":[{"embeddable":true,"href":"https:\/\/sp1hrubieszow.pl\/index.php\/wp-json\/wp\/v2\/comments?post=7056"}],"version-history":[{"count":1,"href":"https:\/\/sp1hrubieszow.pl\/index.php\/wp-json\/wp\/v2\/pages\/7056\/revisions"}],"predecessor-version":[{"id":7057,"href":"https:\/\/sp1hrubieszow.pl\/index.php\/wp-json\/wp\/v2\/pages\/7056\/revisions\/7057"}],"up":[{"embeddable":true,"href":"https:\/\/sp1hrubieszow.pl\/index.php\/wp-json\/wp\/v2\/pages\/5983"}],"wp:attachment":[{"href":"https:\/\/sp1hrubieszow.pl\/index.php\/wp-json\/wp\/v2\/media?parent=7056"}],"curies":[{"name":"wp","href":"https:\/\/api.w.org\/{rel}","templated":true}]}}