{"id":7020,"date":"2020-11-12T14:08:55","date_gmt":"2020-11-12T13:08:55","guid":{"rendered":"http:\/\/sp1.hrubieszow.info\/?page_id=7020"},"modified":"2020-11-12T14:35:38","modified_gmt":"2020-11-12T13:35:38","slug":"pazdziernik-miesiacem-dobroci-dla-zwierzat","status":"publish","type":"page","link":"https:\/\/sp1hrubieszow.pl\/index.php\/kronika-2020-2021\/pazdziernik-miesiacem-dobroci-dla-zwierzat\/","title":{"rendered":"PA\u0179DZIERNIK MIESI\u0104CEM DOBROCI DLA ZWIERZ\u0104T"},"content":{"rendered":"\n<p style=\"text-align: justify;\"><span style=\"color: #003366;\">&nbsp; &nbsp; &nbsp; &nbsp; &nbsp; &nbsp; Pa\u017adziernik jest wyj\u0105tkowym miesi\u0105cem dla zwierz\u0105t. Wtedy obchodzone s\u0105 dni z nimi zwi\u0105zane: 2 pa\u017adziernika \u2013 Dzie\u0144 Zwierz\u0105t Hodowlanych, 4 pa\u017adziernika \u2013 \u015awiatowy Dzie\u0144 Zwierz\u0105t, 25 pa\u017adziernika \u2013 Dzie\u0144 Ustawy o Ochronie Zwierz\u0105t. Dlatego w\u0142a\u015bnie pa\u017adziernik uznawany jest za miesi\u0105c dobroci dla zwierz\u0105t.<\/span><\/p>\n<p style=\"text-align: justify;\"><span style=\"color: #003366;\">&nbsp;&nbsp;&nbsp;&nbsp;&nbsp;&nbsp;&nbsp;&nbsp;&nbsp;&nbsp;&nbsp; Pragn\u0119li\u015bmy podkre\u015bli\u0107 wa\u017cno\u015b\u0107 czworono\u017cnych i skrzydlatych istot w przyrodzie oraz&nbsp;w \u017cyciu cz\u0142owieka. Zwr\u00f3ci\u0107 uwag\u0119 na ponoszon\u0105 za nie odpowiedzialno\u015b\u0107. Zach\u0119ca\u0107 do&nbsp;dbania o najmniejsze stworzenia i niesienie im pomocy, gdy tego potrzebuj\u0105. Dlatego panie Paulina Seweryn i Anna Karkuszewska wraz z uczniami ze Szkolnego Ko\u0142a Wolontariatu przygotowa\u0142y gazetk\u0119 tematyczn\u0105 z tej okazji.<\/span><\/p>\n<p style=\"text-align: justify;\"><span style=\"color: #003366;\">&nbsp;&nbsp;&nbsp;&nbsp;&nbsp;&nbsp;&nbsp;&nbsp;&nbsp;&nbsp;&nbsp; Z okien korytarza szkolnego spogl\u0105da\u0142y pyszczki zwierz\u0105t od dzikich, przez hodowlane po domowe pupile. Dla uczni\u00f3w z klas 1-3 oraz dla dzieci z oddzia\u0142u przedszkolnego panie Justyna Przybik i Paulina Seweryn zorganizowa\u0142y konkurs plastyczny \u201ePomagam zwierz\u0119tom\u201d. Jego celem by\u0142o przedstawienie sposob\u00f3w pomocy zwierz\u0119tom, dbania o nie, okazywania im dobroci, uwra\u017cliwienie na potrzeby zwierz\u0105t oraz kszta\u0142towanie poczucia odpowiedzialno\u015bci. Dzi\u0119kujemy wszystkim wychowankom za zaanga\u017cowanie i&nbsp;dostarczenie prac konkursowych. Poni\u017cej przedstawiamy wyniki.<\/span><\/p>\n<p style=\"text-align: justify;\"><span style=\"color: #003366;\"><strong>&nbsp;<\/strong><\/span><\/p>\n<p style=\"text-align: justify;\"><span style=\"color: #003366;\"><strong>Laureaci:<\/strong><\/span><\/p>\n<p style=\"text-align: justify;\"><span style=\"color: #003366;\">I miejsce \u2013 Julia Kiszel z klasy 3b,<\/span><\/p>\n<p style=\"text-align: justify;\"><span style=\"color: #003366;\">II miejsce \u2013 Jakub Maciaszek z klasy 3a,<\/span><\/p>\n<p style=\"text-align: justify;\"><span style=\"color: #003366;\">III miejsce \u2013 Zuzanna Zawadzka z klasy 3b.<\/span><\/p>\n<p style=\"text-align: justify;\"><span style=\"color: #003366;\"><strong>Osoby wyr\u00f3\u017cnione:<\/strong><\/span><\/p>\n<p style=\"text-align: justify;\"><span style=\"color: #003366;\">Martyna Balcer z klasy 3b,<\/span><\/p>\n<p style=\"text-align: justify;\"><span style=\"color: #003366;\">Mi\u0142osz Brudnowski z klasy 3a,<\/span><\/p>\n<p style=\"text-align: justify;\"><span style=\"color: #003366;\">Karolina Danilczuk z klasy 3a,<\/span><\/p>\n<p style=\"text-align: justify;\"><span style=\"color: #003366;\">Karolina Grzegorczyk z klasy 3a,<\/span><\/p>\n<p style=\"text-align: justify;\"><span style=\"color: #003366;\">Maciej Grzeszczuk z klasy 3b,<\/span><\/p>\n<p style=\"text-align: justify;\"><span style=\"color: #003366;\">Milena Hajkowska z klasy 3a,<\/span><\/p>\n<p style=\"text-align: justify;\"><span style=\"color: #003366;\">Maja Magdziak z kasy 3b,<\/span><\/p>\n<p style=\"text-align: justify;\"><span style=\"color: #003366;\">Zuzanna Peczak z klasy 3a,<\/span><\/p>\n<p style=\"text-align: justify;\"><span style=\"color: #003366;\">Aleksander Z\u0105bek z klasy 3b.<\/span><\/p>\nngg_shortcode_0_placeholder\n<p style=\"text-align: justify;\">&nbsp;<\/p>\n","protected":false},"excerpt":{"rendered":"<p>&nbsp; &nbsp; &nbsp; &nbsp; &nbsp; &nbsp; Pa\u017adziernik jest wyj\u0105tkowym miesi\u0105cem dla zwierz\u0105t. Wtedy obchodzone s\u0105 dni z nimi zwi\u0105zane: 2 pa\u017adziernika \u2013 Dzie\u0144 Zwierz\u0105t Hodowlanych, 4 pa\u017adziernika \u2013 \u015awiatowy Dzie\u0144 Zwierz\u0105t, 25 pa\u017adziernika \u2013 Dzie\u0144 Ustawy o Ochronie Zwierz\u0105t. Dlatego w\u0142a\u015bnie pa\u017adziernik uznawany jest za miesi\u0105c dobroci dla zwierz\u0105t. &nbsp;&nbsp;&nbsp;&nbsp;&nbsp;&nbsp;&nbsp;&nbsp;&nbsp;&nbsp;&nbsp; Pragn\u0119li\u015bmy podkre\u015bli\u0107 wa\u017cno\u015b\u0107 czworono\u017cnych i [&hellip;]<\/p>\n","protected":false},"author":1,"featured_media":0,"parent":5983,"menu_order":0,"comment_status":"closed","ping_status":"closed","template":"","meta":{"ngg_post_thumbnail":0,"footnotes":""},"class_list":["post-7020","page","type-page","status-publish","hentry"],"_links":{"self":[{"href":"https:\/\/sp1hrubieszow.pl\/index.php\/wp-json\/wp\/v2\/pages\/7020","targetHints":{"allow":["GET"]}}],"collection":[{"href":"https:\/\/sp1hrubieszow.pl\/index.php\/wp-json\/wp\/v2\/pages"}],"about":[{"href":"https:\/\/sp1hrubieszow.pl\/index.php\/wp-json\/wp\/v2\/types\/page"}],"author":[{"embeddable":true,"href":"https:\/\/sp1hrubieszow.pl\/index.php\/wp-json\/wp\/v2\/users\/1"}],"replies":[{"embeddable":true,"href":"https:\/\/sp1hrubieszow.pl\/index.php\/wp-json\/wp\/v2\/comments?post=7020"}],"version-history":[{"count":2,"href":"https:\/\/sp1hrubieszow.pl\/index.php\/wp-json\/wp\/v2\/pages\/7020\/revisions"}],"predecessor-version":[{"id":7050,"href":"https:\/\/sp1hrubieszow.pl\/index.php\/wp-json\/wp\/v2\/pages\/7020\/revisions\/7050"}],"up":[{"embeddable":true,"href":"https:\/\/sp1hrubieszow.pl\/index.php\/wp-json\/wp\/v2\/pages\/5983"}],"wp:attachment":[{"href":"https:\/\/sp1hrubieszow.pl\/index.php\/wp-json\/wp\/v2\/media?parent=7020"}],"curies":[{"name":"wp","href":"https:\/\/api.w.org\/{rel}","templated":true}]}}