{"id":7016,"date":"2020-11-12T14:02:44","date_gmt":"2020-11-12T13:02:44","guid":{"rendered":"http:\/\/sp1.hrubieszow.info\/?page_id=7016"},"modified":"2020-11-12T14:33:55","modified_gmt":"2020-11-12T13:33:55","slug":"bohateron-w-naszej-szkole","status":"publish","type":"page","link":"https:\/\/sp1hrubieszow.pl\/index.php\/kronika-2020-2021\/bohateron-w-naszej-szkole\/","title":{"rendered":"BOHATERON W NASZEJ SZKOLE"},"content":{"rendered":"\n<p style=\"text-align: justify;\"><span style=\"color: #000080;\">W tym roku szkolnym nasza szko\u0142a wzi\u0119\u0142a udzia\u0142 w kolejnej edycji og\u00f3lnopolskiej akcji \u201eBohaterON w Twojej Szkole\u201d, kt\u00f3rej celem jest upami\u0119tnienie i uhonorowanie uczestnik\u00f3w Powstania Warszawskiego, edukacja spo\u0142ecze\u0144stwa, a tak\u017ce promocja patriotycznych postaw i&nbsp;historii Polski XX wieku.<\/span><\/p>\n<p style=\"text-align: justify;\"><span style=\"color: #000080;\">Dzia\u0142ania podj\u0119\u0142a pani Paulina Seweryn w \u015bwietlicy szkolnej w pa\u017adzierniku \u2013 miesi\u0105cu, w kt\u00f3rym zako\u0144czy\u0142o si\u0119 pami\u0119tne Powstanie. Przeprowadzono dwukrotnie zaj\u0119cia na temat Powstania Warszawskiego. Pierwsze by\u0142y dedykowane dzieciom m\u0142odszym. Po&nbsp;kr\u00f3tkiej pogadance wprowadzaj\u0105cej do tematu, dzieci obejrza\u0142y filmy dokumentalne o&nbsp;Powstaniu Warszawskim, nast\u0119pnie kolorowa\u0142y obrazki tematyczne. Cz\u0119\u015b\u0107 zosta\u0142a wyeksponowana na wystawie, cz\u0119\u015b\u0107 przeznaczona do stworzenia pami\u0105tkowego albumu dla&nbsp;Powsta\u0144ca. Kolejne zaj\u0119cia odby\u0142y si\u0119 w grupie trzecioklasist\u00f3w przebywaj\u0105cych w\u015bwietlicy i&nbsp;zosta\u0142y przeprowadzone wed\u0142ug za\u0142\u0105czonego na stronie BohaterON scenariusza zaj\u0119\u0107. Uczniowie napisali podzi\u0119kowania i&nbsp;\u017cyczenia dla Powsta\u0144c\u00f3w.<\/span><\/p>\n<p style=\"text-align: justify;\"><span style=\"color: #000080;\">Efekty prac grupowych zosta\u0142y po\u0142\u0105czone w jeden pami\u0105tkowy album, kt\u00f3ry wys\u0142ano do Fundacji Sensoria promuj\u0105cej akcj\u0119. Album b\u0119dzie przekazany jednemu z wybranych Bohater\u00f3w \u2013 uczestnikowi Powstania Warszawskiego.<\/span><\/p>\nngg_shortcode_0_placeholder\n","protected":false},"excerpt":{"rendered":"<p>W tym roku szkolnym nasza szko\u0142a wzi\u0119\u0142a udzia\u0142 w kolejnej edycji og\u00f3lnopolskiej akcji \u201eBohaterON w Twojej Szkole\u201d, kt\u00f3rej celem jest upami\u0119tnienie i uhonorowanie uczestnik\u00f3w Powstania Warszawskiego, edukacja spo\u0142ecze\u0144stwa, a tak\u017ce promocja patriotycznych postaw i&nbsp;historii Polski XX wieku. Dzia\u0142ania podj\u0119\u0142a pani Paulina Seweryn w \u015bwietlicy szkolnej w pa\u017adzierniku \u2013 miesi\u0105cu, w kt\u00f3rym zako\u0144czy\u0142o si\u0119 pami\u0119tne Powstanie. [&hellip;]<\/p>\n","protected":false},"author":1,"featured_media":0,"parent":5983,"menu_order":0,"comment_status":"closed","ping_status":"closed","template":"","meta":{"ngg_post_thumbnail":0,"footnotes":""},"class_list":["post-7016","page","type-page","status-publish","hentry"],"_links":{"self":[{"href":"https:\/\/sp1hrubieszow.pl\/index.php\/wp-json\/wp\/v2\/pages\/7016","targetHints":{"allow":["GET"]}}],"collection":[{"href":"https:\/\/sp1hrubieszow.pl\/index.php\/wp-json\/wp\/v2\/pages"}],"about":[{"href":"https:\/\/sp1hrubieszow.pl\/index.php\/wp-json\/wp\/v2\/types\/page"}],"author":[{"embeddable":true,"href":"https:\/\/sp1hrubieszow.pl\/index.php\/wp-json\/wp\/v2\/users\/1"}],"replies":[{"embeddable":true,"href":"https:\/\/sp1hrubieszow.pl\/index.php\/wp-json\/wp\/v2\/comments?post=7016"}],"version-history":[{"count":2,"href":"https:\/\/sp1hrubieszow.pl\/index.php\/wp-json\/wp\/v2\/pages\/7016\/revisions"}],"predecessor-version":[{"id":7049,"href":"https:\/\/sp1hrubieszow.pl\/index.php\/wp-json\/wp\/v2\/pages\/7016\/revisions\/7049"}],"up":[{"embeddable":true,"href":"https:\/\/sp1hrubieszow.pl\/index.php\/wp-json\/wp\/v2\/pages\/5983"}],"wp:attachment":[{"href":"https:\/\/sp1hrubieszow.pl\/index.php\/wp-json\/wp\/v2\/media?parent=7016"}],"curies":[{"name":"wp","href":"https:\/\/api.w.org\/{rel}","templated":true}]}}