{"id":7012,"date":"2020-11-11T10:28:12","date_gmt":"2020-11-11T09:28:12","guid":{"rendered":"http:\/\/sp1.hrubieszow.info\/?page_id=7012"},"modified":"2020-11-11T10:28:49","modified_gmt":"2020-11-11T09:28:49","slug":"swieto-niepodleglosci","status":"publish","type":"page","link":"https:\/\/sp1hrubieszow.pl\/index.php\/kronika-2020-2021\/swieto-niepodleglosci\/","title":{"rendered":"\u015awi\u0119to Niepodleg\u0142o\u015bci"},"content":{"rendered":"\n<p><span style=\"color: #000080;\">Narodowe \u015awi\u0119to Niepodleg\u0142o\u015bci \u2013 \u015bwi\u0119to pa\u0144stwowe w Polsce obchodzone corocznie 11 listopada dla upami\u0119tnienia odzyskania niepodleg\u0142o\u015bci przez Polsk\u0119 w 1918, po 123 latach zabor\u00f3w. Ze wzgl\u0119d\u00f3w na sytuacj\u0119 epidemiologiczn\u0105 nie mo\u017cemy uczci\u0107 tego dnia uroczyst\u0105 akademi\u0105, ale uczniowie klasy 3 a pod opiek\u0105 pani Ma\u0142gorzaty Serafin przygotowali pi\u0119kne recytacje.&nbsp; Zapraszamy do wsp\u00f3lnego \u015bwi\u0119towania.&nbsp;<\/span><\/p>\n<div style=\"width: 368px;\" class=\"wp-video\"><video class=\"wp-video-shortcode\" id=\"video-7012-1\" width=\"368\" height=\"656\" preload=\"metadata\" controls=\"controls\"><source type=\"video\/mp4\" src=\"http:\/\/sp1.hrubieszow.info\/wp-content\/uploads\/2020\/11\/wideo-2-5.mp4?_=1\" \/><a href=\"http:\/\/sp1.hrubieszow.info\/wp-content\/uploads\/2020\/11\/wideo-2-5.mp4\">http:\/\/sp1.hrubieszow.info\/wp-content\/uploads\/2020\/11\/wideo-2-5.mp4<\/a><\/video><\/div>\n<div style=\"width: 368px;\" class=\"wp-video\"><video class=\"wp-video-shortcode\" id=\"video-7012-2\" width=\"368\" height=\"656\" preload=\"metadata\" controls=\"controls\"><source type=\"video\/mp4\" src=\"http:\/\/sp1.hrubieszow.info\/wp-content\/uploads\/2020\/11\/wideo-2-4.mp4?_=2\" \/><a href=\"http:\/\/sp1.hrubieszow.info\/wp-content\/uploads\/2020\/11\/wideo-2-4.mp4\">http:\/\/sp1.hrubieszow.info\/wp-content\/uploads\/2020\/11\/wideo-2-4.mp4<\/a><\/video><\/div>\n<div style=\"width: 368px;\" class=\"wp-video\"><video class=\"wp-video-shortcode\" id=\"video-7012-3\" width=\"368\" height=\"656\" preload=\"metadata\" controls=\"controls\"><source type=\"video\/mp4\" src=\"http:\/\/sp1.hrubieszow.info\/wp-content\/uploads\/2020\/11\/wideo-2-3.mp4?_=3\" \/><a href=\"http:\/\/sp1.hrubieszow.info\/wp-content\/uploads\/2020\/11\/wideo-2-3.mp4\">http:\/\/sp1.hrubieszow.info\/wp-content\/uploads\/2020\/11\/wideo-2-3.mp4<\/a><\/video><\/div>\n<div style=\"width: 368px;\" class=\"wp-video\"><video class=\"wp-video-shortcode\" id=\"video-7012-4\" width=\"368\" height=\"656\" preload=\"metadata\" controls=\"controls\"><source type=\"video\/mp4\" src=\"http:\/\/sp1.hrubieszow.info\/wp-content\/uploads\/2020\/11\/wideo-2-2.mp4?_=4\" \/><a href=\"http:\/\/sp1.hrubieszow.info\/wp-content\/uploads\/2020\/11\/wideo-2-2.mp4\">http:\/\/sp1.hrubieszow.info\/wp-content\/uploads\/2020\/11\/wideo-2-2.mp4<\/a><\/video><\/div>\n<div style=\"width: 368px;\" class=\"wp-video\"><video class=\"wp-video-shortcode\" id=\"video-7012-5\" width=\"368\" height=\"656\" preload=\"metadata\" controls=\"controls\"><source type=\"video\/mp4\" src=\"http:\/\/sp1.hrubieszow.info\/wp-content\/uploads\/2020\/11\/wideo-2-1.mp4?_=5\" \/><a href=\"http:\/\/sp1.hrubieszow.info\/wp-content\/uploads\/2020\/11\/wideo-2-1.mp4\">http:\/\/sp1.hrubieszow.info\/wp-content\/uploads\/2020\/11\/wideo-2-1.mp4<\/a><\/video><\/div>\n","protected":false},"excerpt":{"rendered":"<p>Narodowe \u015awi\u0119to Niepodleg\u0142o\u015bci \u2013 \u015bwi\u0119to pa\u0144stwowe w Polsce obchodzone corocznie 11 listopada dla upami\u0119tnienia odzyskania niepodleg\u0142o\u015bci przez Polsk\u0119 w 1918, po 123 latach zabor\u00f3w. Ze wzgl\u0119d\u00f3w na sytuacj\u0119 epidemiologiczn\u0105 nie mo\u017cemy uczci\u0107 tego dnia uroczyst\u0105 akademi\u0105, ale uczniowie klasy 3 a pod opiek\u0105 pani Ma\u0142gorzaty Serafin przygotowali pi\u0119kne recytacje.&nbsp; Zapraszamy do wsp\u00f3lnego \u015bwi\u0119towania.&nbsp;<\/p>\n","protected":false},"author":2,"featured_media":0,"parent":5983,"menu_order":0,"comment_status":"closed","ping_status":"closed","template":"","meta":{"ngg_post_thumbnail":0,"footnotes":""},"class_list":["post-7012","page","type-page","status-publish","hentry"],"_links":{"self":[{"href":"https:\/\/sp1hrubieszow.pl\/index.php\/wp-json\/wp\/v2\/pages\/7012","targetHints":{"allow":["GET"]}}],"collection":[{"href":"https:\/\/sp1hrubieszow.pl\/index.php\/wp-json\/wp\/v2\/pages"}],"about":[{"href":"https:\/\/sp1hrubieszow.pl\/index.php\/wp-json\/wp\/v2\/types\/page"}],"author":[{"embeddable":true,"href":"https:\/\/sp1hrubieszow.pl\/index.php\/wp-json\/wp\/v2\/users\/2"}],"replies":[{"embeddable":true,"href":"https:\/\/sp1hrubieszow.pl\/index.php\/wp-json\/wp\/v2\/comments?post=7012"}],"version-history":[{"count":1,"href":"https:\/\/sp1hrubieszow.pl\/index.php\/wp-json\/wp\/v2\/pages\/7012\/revisions"}],"predecessor-version":[{"id":7013,"href":"https:\/\/sp1hrubieszow.pl\/index.php\/wp-json\/wp\/v2\/pages\/7012\/revisions\/7013"}],"up":[{"embeddable":true,"href":"https:\/\/sp1hrubieszow.pl\/index.php\/wp-json\/wp\/v2\/pages\/5983"}],"wp:attachment":[{"href":"https:\/\/sp1hrubieszow.pl\/index.php\/wp-json\/wp\/v2\/media?parent=7012"}],"curies":[{"name":"wp","href":"https:\/\/api.w.org\/{rel}","templated":true}]}}