{"id":6977,"date":"2020-11-02T19:06:46","date_gmt":"2020-11-02T18:06:46","guid":{"rendered":"http:\/\/sp1.hrubieszow.info\/?page_id=6977"},"modified":"2020-11-02T19:10:02","modified_gmt":"2020-11-02T18:10:02","slug":"konkurs-1000-powodow-by-czytac","status":"publish","type":"page","link":"https:\/\/sp1hrubieszow.pl\/index.php\/kronika-2020-2021\/konkurs-1000-powodow-by-czytac\/","title":{"rendered":"Konkurs &#8211; 1000 powod\u00f3w by czyta\u0107"},"content":{"rendered":"\n<p><span style=\"color: #000080;\">Zach\u0119camy do g\u0142osowania w konkursie empiku &#8222;1000 powod\u00f3w by czyta\u0107&#8221;. Pom\u00f3\u017c wygra\u0107 1000 ksi\u0105\u017cek do naszej szkolnej biblioteki g\u0142osuj\u0105c na prac\u0119 Aleksandry Szymko z klasy 8b.&nbsp;&nbsp;<\/span><\/p>\n<p><img loading=\"lazy\" decoding=\"async\" class=\"alignnone size-medium wp-image-6972\" src=\"http:\/\/sp1.hrubieszow.info\/wp-content\/uploads\/2020\/11\/1000-POWOD\u00d3W-BY-CZYTA\u0106-231x300.jpg\" alt=\"\" width=\"231\" height=\"300\" srcset=\"https:\/\/sp1hrubieszow.pl\/wp-content\/uploads\/2020\/11\/1000-POWOD\u00d3W-BY-CZYTA\u0106-231x300.jpg 231w, https:\/\/sp1hrubieszow.pl\/wp-content\/uploads\/2020\/11\/1000-POWOD\u00d3W-BY-CZYTA\u0106-624x812.jpg 624w, https:\/\/sp1hrubieszow.pl\/wp-content\/uploads\/2020\/11\/1000-POWOD\u00d3W-BY-CZYTA\u0106.jpg 738w\" sizes=\"auto, (max-width: 231px) 100vw, 231px\" \/><img loading=\"lazy\" decoding=\"async\" class=\"alignnone size-medium wp-image-6973\" src=\"http:\/\/sp1.hrubieszow.info\/wp-content\/uploads\/2020\/11\/jak-g\u0142osowa\u0107-300x210.png\" alt=\"\" width=\"300\" height=\"210\" srcset=\"https:\/\/sp1hrubieszow.pl\/wp-content\/uploads\/2020\/11\/jak-g\u0142osowa\u0107-300x210.png 300w, https:\/\/sp1hrubieszow.pl\/wp-content\/uploads\/2020\/11\/jak-g\u0142osowa\u0107-624x438.png 624w, https:\/\/sp1hrubieszow.pl\/wp-content\/uploads\/2020\/11\/jak-g\u0142osowa\u0107.png 640w\" sizes=\"auto, (max-width: 300px) 100vw, 300px\" \/><\/p>\n<p><img loading=\"lazy\" decoding=\"async\" class=\"alignnone size-medium wp-image-6974\" src=\"http:\/\/sp1.hrubieszow.info\/wp-content\/uploads\/2020\/11\/materialy-do-szkol-1000powodow_ZMIANA-DAT--212x300.png\" alt=\"\" width=\"212\" height=\"300\" srcset=\"https:\/\/sp1hrubieszow.pl\/wp-content\/uploads\/2020\/11\/materialy-do-szkol-1000powodow_ZMIANA-DAT--212x300.png 212w, https:\/\/sp1hrubieszow.pl\/wp-content\/uploads\/2020\/11\/materialy-do-szkol-1000powodow_ZMIANA-DAT-.png 595w\" sizes=\"auto, (max-width: 212px) 100vw, 212px\" \/> <img loading=\"lazy\" decoding=\"async\" class=\"alignnone size-medium wp-image-6975\" src=\"http:\/\/sp1.hrubieszow.info\/wp-content\/uploads\/2020\/11\/materialy-do-szkol-1000powodow_ZMIANA-DAT-2-212x300.png\" alt=\"\" width=\"212\" height=\"300\" srcset=\"https:\/\/sp1hrubieszow.pl\/wp-content\/uploads\/2020\/11\/materialy-do-szkol-1000powodow_ZMIANA-DAT-2-212x300.png 212w, https:\/\/sp1hrubieszow.pl\/wp-content\/uploads\/2020\/11\/materialy-do-szkol-1000powodow_ZMIANA-DAT-2.png 595w\" sizes=\"auto, (max-width: 212px) 100vw, 212px\" \/><\/p>\n<p>&nbsp;<\/p>\n<p><img loading=\"lazy\" decoding=\"async\" class=\"alignnone size-medium wp-image-6976\" src=\"http:\/\/sp1.hrubieszow.info\/wp-content\/uploads\/2020\/11\/materialy-do-szkol-1000powodow_ZMIANA-DAT-6-212x300.png\" alt=\"\" width=\"212\" height=\"300\" srcset=\"https:\/\/sp1hrubieszow.pl\/wp-content\/uploads\/2020\/11\/materialy-do-szkol-1000powodow_ZMIANA-DAT-6-212x300.png 212w, https:\/\/sp1hrubieszow.pl\/wp-content\/uploads\/2020\/11\/materialy-do-szkol-1000powodow_ZMIANA-DAT-6.png 595w\" sizes=\"auto, (max-width: 212px) 100vw, 212px\" \/><\/p>\n","protected":false},"excerpt":{"rendered":"<p>Zach\u0119camy do g\u0142osowania w konkursie empiku &#8222;1000 powod\u00f3w by czyta\u0107&#8221;. Pom\u00f3\u017c wygra\u0107 1000 ksi\u0105\u017cek do naszej szkolnej biblioteki g\u0142osuj\u0105c na prac\u0119 Aleksandry Szymko z klasy 8b.&nbsp;&nbsp; &nbsp;<\/p>\n","protected":false},"author":2,"featured_media":0,"parent":5983,"menu_order":0,"comment_status":"closed","ping_status":"closed","template":"","meta":{"ngg_post_thumbnail":0,"footnotes":""},"class_list":["post-6977","page","type-page","status-publish","hentry"],"_links":{"self":[{"href":"https:\/\/sp1hrubieszow.pl\/index.php\/wp-json\/wp\/v2\/pages\/6977","targetHints":{"allow":["GET"]}}],"collection":[{"href":"https:\/\/sp1hrubieszow.pl\/index.php\/wp-json\/wp\/v2\/pages"}],"about":[{"href":"https:\/\/sp1hrubieszow.pl\/index.php\/wp-json\/wp\/v2\/types\/page"}],"author":[{"embeddable":true,"href":"https:\/\/sp1hrubieszow.pl\/index.php\/wp-json\/wp\/v2\/users\/2"}],"replies":[{"embeddable":true,"href":"https:\/\/sp1hrubieszow.pl\/index.php\/wp-json\/wp\/v2\/comments?post=6977"}],"version-history":[{"count":1,"href":"https:\/\/sp1hrubieszow.pl\/index.php\/wp-json\/wp\/v2\/pages\/6977\/revisions"}],"predecessor-version":[{"id":6978,"href":"https:\/\/sp1hrubieszow.pl\/index.php\/wp-json\/wp\/v2\/pages\/6977\/revisions\/6978"}],"up":[{"embeddable":true,"href":"https:\/\/sp1hrubieszow.pl\/index.php\/wp-json\/wp\/v2\/pages\/5983"}],"wp:attachment":[{"href":"https:\/\/sp1hrubieszow.pl\/index.php\/wp-json\/wp\/v2\/media?parent=6977"}],"curies":[{"name":"wp","href":"https:\/\/api.w.org\/{rel}","templated":true}]}}