{"id":6965,"date":"2020-10-27T21:46:10","date_gmt":"2020-10-27T20:46:10","guid":{"rendered":"http:\/\/sp1.hrubieszow.info\/?page_id=6965"},"modified":"2020-10-27T21:47:04","modified_gmt":"2020-10-27T20:47:04","slug":"slubowanie-klas-i","status":"publish","type":"page","link":"https:\/\/sp1hrubieszow.pl\/index.php\/kronika-2020-2021\/slubowanie-klas-i\/","title":{"rendered":"\u015alubowanie klas I."},"content":{"rendered":"\n<div><span style=\"color: #000080;\">23 pa\u017adziernika 2020 r. klasy pierwsze z\u0142o\u017cy\u0142y uroczyste \u015blubowanie. Ze wzgl\u0119du na obostrzenia epidemiczne uczniowie poszczeg\u00f3lnych klas \u015bwi\u0119towali bez obecno\u015bci rodzic\u00f3w, oddzielnie, pod opiek\u0105 swoich wychowawc\u00f3w: 1a &#8211; p. Katarzyny Sztuk, 1b &#8211; p. Ma\u0142gorzaty Sidorskiej.<\/span><\/div>\n<div><span style=\"color: #000080;\">Najpierw uczniowie zaprezentowali swoje umiej\u0119tno\u015bci, a nast\u0119pnie p. dyrektor Edyta Kucharska ka\u017cdego z nich pasowa\u0142a na ucznia Szko\u0142y Podstawowej nr 1 im. Boles\u0142awa Prusa w Hrubieszowie.<\/span><\/div>\n<div><span style=\"color: #000080;\">Nie zabrak\u0142o r\u00f3wnie\u017c niespodzianek i upomink\u00f3w przygotowanych przez p. dyrektor i rodzic\u00f3w.<\/span><\/div>\n<div><span style=\"color: #000080;\">Uroczysto\u015b\u0107 dostarczy\u0142a wszystkim wielu wra\u017ce\u0144.<\/span><\/div>\n<div>\nngg_shortcode_0_placeholder\n<\/div>\n<div>&nbsp;<\/div>\n","protected":false},"excerpt":{"rendered":"<p>23 pa\u017adziernika 2020 r. klasy pierwsze z\u0142o\u017cy\u0142y uroczyste \u015blubowanie. Ze wzgl\u0119du na obostrzenia epidemiczne uczniowie poszczeg\u00f3lnych klas \u015bwi\u0119towali bez obecno\u015bci rodzic\u00f3w, oddzielnie, pod opiek\u0105 swoich wychowawc\u00f3w: 1a &#8211; p. Katarzyny Sztuk, 1b &#8211; p. Ma\u0142gorzaty Sidorskiej. Najpierw uczniowie zaprezentowali swoje umiej\u0119tno\u015bci, a nast\u0119pnie p. dyrektor Edyta Kucharska ka\u017cdego z nich pasowa\u0142a na ucznia Szko\u0142y Podstawowej [&hellip;]<\/p>\n","protected":false},"author":2,"featured_media":0,"parent":5983,"menu_order":0,"comment_status":"closed","ping_status":"closed","template":"","meta":{"ngg_post_thumbnail":0,"footnotes":""},"class_list":["post-6965","page","type-page","status-publish","hentry"],"_links":{"self":[{"href":"https:\/\/sp1hrubieszow.pl\/index.php\/wp-json\/wp\/v2\/pages\/6965","targetHints":{"allow":["GET"]}}],"collection":[{"href":"https:\/\/sp1hrubieszow.pl\/index.php\/wp-json\/wp\/v2\/pages"}],"about":[{"href":"https:\/\/sp1hrubieszow.pl\/index.php\/wp-json\/wp\/v2\/types\/page"}],"author":[{"embeddable":true,"href":"https:\/\/sp1hrubieszow.pl\/index.php\/wp-json\/wp\/v2\/users\/2"}],"replies":[{"embeddable":true,"href":"https:\/\/sp1hrubieszow.pl\/index.php\/wp-json\/wp\/v2\/comments?post=6965"}],"version-history":[{"count":1,"href":"https:\/\/sp1hrubieszow.pl\/index.php\/wp-json\/wp\/v2\/pages\/6965\/revisions"}],"predecessor-version":[{"id":6966,"href":"https:\/\/sp1hrubieszow.pl\/index.php\/wp-json\/wp\/v2\/pages\/6965\/revisions\/6966"}],"up":[{"embeddable":true,"href":"https:\/\/sp1hrubieszow.pl\/index.php\/wp-json\/wp\/v2\/pages\/5983"}],"wp:attachment":[{"href":"https:\/\/sp1hrubieszow.pl\/index.php\/wp-json\/wp\/v2\/media?parent=6965"}],"curies":[{"name":"wp","href":"https:\/\/api.w.org\/{rel}","templated":true}]}}