{"id":693,"date":"2019-04-17T10:35:48","date_gmt":"2019-04-17T08:35:48","guid":{"rendered":"http:\/\/sp1.hrubieszow.info\/?page_id=693"},"modified":"2019-04-17T12:06:09","modified_gmt":"2019-04-17T10:06:09","slug":"zakonczenie-programu-przyjaciele-zippiego","status":"publish","type":"page","link":"https:\/\/sp1hrubieszow.pl\/index.php\/nauczyciele\/pedagog\/pedagog-2019\/zakonczenie-programu-przyjaciele-zippiego\/","title":{"rendered":"Zako\u0144czenie programu \u201ePrzyjaciele Zippiego\u201d"},"content":{"rendered":"\n<p style=\"text-align: justify;\"><span style=\"color: #000080;\">Dnia 04.04.2019r. w Szkole Podstawowej Nr 1 w Hrubieszowie odby\u0142o si\u0119 podsumowanie <\/span><br><span style=\"color: #000080;\">i uroczyste zako\u0144czenie realizacji rekomendowanego programu profilaktycznego \u201ePrzyjaciele Zippiego\u201d. W bie\u017c\u0105cym roku szkolnym uczestnikami zaj\u0119\u0107 byli uczniowie klasy 2b, <\/span><span style=\"color: #000080;\">kt\u00f3rzy uczyli si\u0119 wa\u017cnych umiej\u0119tno\u015bci takich jak:<\/span><\/p>\n<p style=\"text-align: justify;\"><span style=\"color: #000080;\">-rozpoznawanie w\u0142asnych uczu\u0107 i rozmawianie o nich,<\/span><\/p>\n<p style=\"text-align: justify;\"><span style=\"color: #000080;\">-m\u00f3wienie tego, co chce si\u0119 powiedzie\u0107,<\/span><\/p>\n<p style=\"text-align: justify;\"><span style=\"color: #000080;\">-uwa\u017cne s\u0142uchanie,<\/span><\/p>\n<p style=\"text-align: justify;\"><span style=\"color: #000080;\">-proszenie o pomoc i pomaganie innym,<\/span><\/p>\n<p style=\"text-align: justify;\"><span style=\"color: #000080;\">-nawi\u0105zywanie i utrzymywanie przyja\u017ani,<\/span><\/p>\n<p style=\"text-align: justify;\"><span style=\"color: #000080;\">-radzenie sobie z samotno\u015bci\u0105, odrzuceniem, przemoc\u0105,<\/span><br><span style=\"color: #000080;\">-rozwi\u0105zywanie konflikt\u00f3w i przepraszanie,<\/span><\/p>\n<p style=\"text-align: justify;\"><span style=\"color: #000080;\">-radzenie sobie ze zmian\u0105 i strat\u0105,<\/span><\/p>\n<p style=\"text-align: justify;\"><span style=\"color: #000080;\">-adaptowanie si\u0119 do nowych sytuacji.<\/span><\/p>\n<p style=\"text-align: justify;\"><span style=\"color: #000080;\">Bohaterem programu \u201ePrzyjaciele Zippiego\u201d jest patyczak Zippi, kt\u00f3rego pokocha\u0142y dzieci na ca\u0142ym \u015bwiecie. Program przebiega pod patronatem organizacji Partnership for Children. <\/span><br><span style=\"color: #000080;\">W Polsce propaguje go Centrum Pozytywnej Edukacji. Uczniowie klasy 2b spotykali si\u0119 na zaj\u0119ciach z Zippim w czwartki, pocz\u0105wszy od miesi\u0105ca pa\u017adziernika 2018r. do kwietnia 2019r. Podczas zaj\u0119\u0107 pracowali metodami aktywnymi; praca w grupach, scenki dramowe, tw\u00f3rczo\u015b\u0107 plastyczna. Ka\u017cdy ucze\u0144 otrzyma\u0142 zeszyt \u0107wicze\u0144 oraz komplet materia\u0142\u00f3w, kt\u00f3re sfinansowa\u0142a Gmina Miejska Hrubiesz\u00f3w w ramach realizacji programu \u201eElementarz profilaktyki\u201d.<\/span><br><span style=\"color: #000080;\">Program \u201ePrzyjaciele Zippiego\u201d przyni\u00f3s\u0142 ma\u0142ym uczestnikom wiele korzy\u015bci w sferze emocjonalno-spo\u0142ecznej, wyposa\u017cy\u0142 uczni\u00f3w w po\u017cyteczne umiej\u0119tno\u015bci z zakresu prawid\u0142owych postaw prospo\u0142ecznych oraz zapewni\u0142 im mi\u0142e wspomnienia.<\/span><\/p>\n<p style=\"text-align: justify;\"><span style=\"color: #000080;\">Dzi\u0119kuj\u0119 pani Katarzynie Sztuk, wychowawczyni klasy oraz rodzicom uczni\u00f3w z kl. 2b za wsp\u00f3\u0142prac\u0119 i pomoc w realizacji programu.<\/span><\/p>\n<p style=\"text-align: justify;\">&nbsp;<\/p>\n<p style=\"text-align: justify;\"><span style=\"color: #000080;\">&nbsp;&nbsp;&nbsp;&nbsp;&nbsp;&nbsp;&nbsp;&nbsp;&nbsp;&nbsp;&nbsp;&nbsp;&nbsp; Realizator programu \u201ePrzyjaciele Zippiego\u201d, pedagog szkolny, Marta Kuczy\u0144ska<\/span><\/p>\nngg_shortcode_0_placeholder\n","protected":false},"excerpt":{"rendered":"<p>Dnia 04.04.2019r. w Szkole Podstawowej Nr 1 w Hrubieszowie odby\u0142o si\u0119 podsumowanie i uroczyste zako\u0144czenie realizacji rekomendowanego programu profilaktycznego \u201ePrzyjaciele Zippiego\u201d. W bie\u017c\u0105cym roku szkolnym uczestnikami zaj\u0119\u0107 byli uczniowie klasy 2b, kt\u00f3rzy uczyli si\u0119 wa\u017cnych umiej\u0119tno\u015bci takich jak: -rozpoznawanie w\u0142asnych uczu\u0107 i rozmawianie o nich, -m\u00f3wienie tego, co chce si\u0119 powiedzie\u0107, -uwa\u017cne s\u0142uchanie, -proszenie o [&hellip;]<\/p>\n","protected":false},"author":1,"featured_media":0,"parent":75,"menu_order":6,"comment_status":"closed","ping_status":"closed","template":"","meta":{"ngg_post_thumbnail":0,"footnotes":""},"class_list":["post-693","page","type-page","status-publish","hentry"],"_links":{"self":[{"href":"https:\/\/sp1hrubieszow.pl\/index.php\/wp-json\/wp\/v2\/pages\/693","targetHints":{"allow":["GET"]}}],"collection":[{"href":"https:\/\/sp1hrubieszow.pl\/index.php\/wp-json\/wp\/v2\/pages"}],"about":[{"href":"https:\/\/sp1hrubieszow.pl\/index.php\/wp-json\/wp\/v2\/types\/page"}],"author":[{"embeddable":true,"href":"https:\/\/sp1hrubieszow.pl\/index.php\/wp-json\/wp\/v2\/users\/1"}],"replies":[{"embeddable":true,"href":"https:\/\/sp1hrubieszow.pl\/index.php\/wp-json\/wp\/v2\/comments?post=693"}],"version-history":[{"count":5,"href":"https:\/\/sp1hrubieszow.pl\/index.php\/wp-json\/wp\/v2\/pages\/693\/revisions"}],"predecessor-version":[{"id":746,"href":"https:\/\/sp1hrubieszow.pl\/index.php\/wp-json\/wp\/v2\/pages\/693\/revisions\/746"}],"up":[{"embeddable":true,"href":"https:\/\/sp1hrubieszow.pl\/index.php\/wp-json\/wp\/v2\/pages\/75"}],"wp:attachment":[{"href":"https:\/\/sp1hrubieszow.pl\/index.php\/wp-json\/wp\/v2\/media?parent=693"}],"curies":[{"name":"wp","href":"https:\/\/api.w.org\/{rel}","templated":true}]}}