{"id":6897,"date":"2020-10-27T21:06:20","date_gmt":"2020-10-27T20:06:20","guid":{"rendered":"http:\/\/sp1.hrubieszow.info\/?page_id=6897"},"modified":"2020-10-27T21:07:04","modified_gmt":"2020-10-27T20:07:04","slug":"xx-dzien-papieski-w-naszej-szkole-obchodzilismy-19-pazdziernika-2020r","status":"publish","type":"page","link":"https:\/\/sp1hrubieszow.pl\/index.php\/kronika-2020-2021\/xx-dzien-papieski-w-naszej-szkole-obchodzilismy-19-pazdziernika-2020r\/","title":{"rendered":"XX Dzie\u0144 Papieski w naszej szkole obchodzili\u015bmy 19 pa\u017adziernika 2020r."},"content":{"rendered":"\n<p><span style=\"color: #000080;\">,, Totus Tuus&#8221;- to tytu\u0142 tegorocznego Dnia Papieskiego, kt\u00f3ry ju\u017c po raz XX obchodzimy w Polsce. Z tej okazji 19 pa\u017adziernika po raz pierwszy w historii naszej szko\u0142y akademia odby\u0142a si\u0119 inaczej, bez udzia\u0142u publiczno\u015bci. Z powodu re\u017cimu sanitarnego i pandemii QVID-19 zosta\u0142a nagrana w sali nr 3. Uczniowie z klasy II B i czterech dziewczynek z klasy IVA,B,C pod kierunkiem Pani Jolanty Podlewskiej i Pani Agnieszki Ha\u0142asy przygotowali monta\u017c s\u0142owno-muzyczny. W programie artystycznym zwr\u00f3cili\u015bmy szczeg\u00f3ln\u0105 uwag\u0119 na mi\u0142o\u015b\u0107 Karola Wojty\u0142y do Matki Bo\u017cej. Uczniowie podczas apelu przybli\u017cali posta\u0107 Jana Paw\u0142a II, deklamowali wiersze a pi\u0119knym \u015bpiewem pie\u015bni m.in. Czarna Madonno, Kochamy Ci\u0119 Janie Pawle II u\u015bwietnili nasz apel. Nasz\u0105 akademi\u0119 ubogaci\u0142a prezentacja multimedialna ukazuj\u0105ca zawierzenie \u017cycia Jana Paw\u0142a II Maryi.<\/span><br><span style=\"color: #000080;\">Dekoracj\u0119 sali przygotowa\u0142a Pani Arleta Kowalska i Pani Ewa Sidorczuk.<\/span><\/p>\nngg_shortcode_0_placeholder\n","protected":false},"excerpt":{"rendered":"<p>,, Totus Tuus&#8221;- to tytu\u0142 tegorocznego Dnia Papieskiego, kt\u00f3ry ju\u017c po raz XX obchodzimy w Polsce. Z tej okazji 19 pa\u017adziernika po raz pierwszy w historii naszej szko\u0142y akademia odby\u0142a si\u0119 inaczej, bez udzia\u0142u publiczno\u015bci. Z powodu re\u017cimu sanitarnego i pandemii QVID-19 zosta\u0142a nagrana w sali nr 3. Uczniowie z klasy II B i czterech [&hellip;]<\/p>\n","protected":false},"author":2,"featured_media":0,"parent":5983,"menu_order":0,"comment_status":"closed","ping_status":"closed","template":"","meta":{"ngg_post_thumbnail":0,"footnotes":""},"class_list":["post-6897","page","type-page","status-publish","hentry"],"_links":{"self":[{"href":"https:\/\/sp1hrubieszow.pl\/index.php\/wp-json\/wp\/v2\/pages\/6897","targetHints":{"allow":["GET"]}}],"collection":[{"href":"https:\/\/sp1hrubieszow.pl\/index.php\/wp-json\/wp\/v2\/pages"}],"about":[{"href":"https:\/\/sp1hrubieszow.pl\/index.php\/wp-json\/wp\/v2\/types\/page"}],"author":[{"embeddable":true,"href":"https:\/\/sp1hrubieszow.pl\/index.php\/wp-json\/wp\/v2\/users\/2"}],"replies":[{"embeddable":true,"href":"https:\/\/sp1hrubieszow.pl\/index.php\/wp-json\/wp\/v2\/comments?post=6897"}],"version-history":[{"count":1,"href":"https:\/\/sp1hrubieszow.pl\/index.php\/wp-json\/wp\/v2\/pages\/6897\/revisions"}],"predecessor-version":[{"id":6898,"href":"https:\/\/sp1hrubieszow.pl\/index.php\/wp-json\/wp\/v2\/pages\/6897\/revisions\/6898"}],"up":[{"embeddable":true,"href":"https:\/\/sp1hrubieszow.pl\/index.php\/wp-json\/wp\/v2\/pages\/5983"}],"wp:attachment":[{"href":"https:\/\/sp1hrubieszow.pl\/index.php\/wp-json\/wp\/v2\/media?parent=6897"}],"curies":[{"name":"wp","href":"https:\/\/api.w.org\/{rel}","templated":true}]}}