{"id":6877,"date":"2020-10-27T20:39:56","date_gmt":"2020-10-27T19:39:56","guid":{"rendered":"http:\/\/sp1.hrubieszow.info\/?page_id=6877"},"modified":"2020-10-27T20:40:41","modified_gmt":"2020-10-27T19:40:41","slug":"szkolny-klub-mediatora-szkolenie-z-psychologiem","status":"publish","type":"page","link":"https:\/\/sp1hrubieszow.pl\/index.php\/kronika-2020-2021\/szkolny-klub-mediatora-szkolenie-z-psychologiem\/","title":{"rendered":"Szkolny Klub Mediatora-szkolenie z psychologiem"},"content":{"rendered":"\n<div dir=\"auto\"><span style=\"color: #000080;\">W dniu 22.10.2020r., grupa uczni\u00f3w z klas sz\u00f3stych i si\u00f3dmych, przygotowuj\u0105ca si\u0119 do pe\u0142nienia roli mediator\u00f3w r\u00f3wie\u015bniczych, uczestniczy\u0142a w spotkaniu z psychologiem, pani\u0105 Anet\u0105 Dyl-Tarnawsk\u0105 z Poradni Psychologiczno-Pedagogicznej w Hrubieszowie. Podstawy psychologii oraz komunikacji interpersonalnej s\u0105 niezwykle wa\u017cne w pierwszym etapie kszta\u0142cenia mediacyjnego. Pani psycholog, w przyst\u0119pny spos\u00f3b przybli\u017cy\u0142a uczniom najwa\u017cniejsze zagadnienia psychologiczne, podkre\u015blaj\u0105c rol\u0119 empatii, aktywnego s\u0142uchania, w\u0142a\u015bciwej komunikacji ale tak\u017ce dbania o w\u0142asne zasoby podczas procesu pomagania innym ludziom. Mamy nadziej\u0119, \u017ce pani psycholog, zgodnie z obietnic\u0105 odwiedzi jeszcze progi naszej szko\u0142y oraz, \u017ce b\u0119dzie to mo\u017cliwe jak najszybciej. Szkolenie grupy mediator\u00f3w r\u00f3wie\u015bniczych rozpocz\u0119\u0142o si\u0119 we wrze\u015bniu. Obecnie b\u0119dzie mia\u0142o form\u0119 on-line. Uczniowie przyswoj\u0105 teoretyczne podstawy prowadzenia mediacji oraz wezm\u0105 udzia\u0142 w szkoleniu &#8222;Mediacje w szkole&#8221;, prowadzonym na platformie on-line Instytutu Edukacji Pozytywnej<\/span><\/div>\n<div dir=\"auto\"><span style=\"color: #000080;\">Opiekun Szkolnego Klubu Mediatora-Marta Kuczy\u0144ska<\/span><\/div>\n<div dir=\"auto\">\nngg_shortcode_0_placeholder\n<\/div>\n","protected":false},"excerpt":{"rendered":"<p>W dniu 22.10.2020r., grupa uczni\u00f3w z klas sz\u00f3stych i si\u00f3dmych, przygotowuj\u0105ca si\u0119 do pe\u0142nienia roli mediator\u00f3w r\u00f3wie\u015bniczych, uczestniczy\u0142a w spotkaniu z psychologiem, pani\u0105 Anet\u0105 Dyl-Tarnawsk\u0105 z Poradni Psychologiczno-Pedagogicznej w Hrubieszowie. Podstawy psychologii oraz komunikacji interpersonalnej s\u0105 niezwykle wa\u017cne w pierwszym etapie kszta\u0142cenia mediacyjnego. Pani psycholog, w przyst\u0119pny spos\u00f3b przybli\u017cy\u0142a uczniom najwa\u017cniejsze zagadnienia psychologiczne, podkre\u015blaj\u0105c rol\u0119 [&hellip;]<\/p>\n","protected":false},"author":2,"featured_media":0,"parent":5983,"menu_order":0,"comment_status":"closed","ping_status":"closed","template":"","meta":{"ngg_post_thumbnail":0,"footnotes":""},"class_list":["post-6877","page","type-page","status-publish","hentry"],"_links":{"self":[{"href":"https:\/\/sp1hrubieszow.pl\/index.php\/wp-json\/wp\/v2\/pages\/6877","targetHints":{"allow":["GET"]}}],"collection":[{"href":"https:\/\/sp1hrubieszow.pl\/index.php\/wp-json\/wp\/v2\/pages"}],"about":[{"href":"https:\/\/sp1hrubieszow.pl\/index.php\/wp-json\/wp\/v2\/types\/page"}],"author":[{"embeddable":true,"href":"https:\/\/sp1hrubieszow.pl\/index.php\/wp-json\/wp\/v2\/users\/2"}],"replies":[{"embeddable":true,"href":"https:\/\/sp1hrubieszow.pl\/index.php\/wp-json\/wp\/v2\/comments?post=6877"}],"version-history":[{"count":1,"href":"https:\/\/sp1hrubieszow.pl\/index.php\/wp-json\/wp\/v2\/pages\/6877\/revisions"}],"predecessor-version":[{"id":6878,"href":"https:\/\/sp1hrubieszow.pl\/index.php\/wp-json\/wp\/v2\/pages\/6877\/revisions\/6878"}],"up":[{"embeddable":true,"href":"https:\/\/sp1hrubieszow.pl\/index.php\/wp-json\/wp\/v2\/pages\/5983"}],"wp:attachment":[{"href":"https:\/\/sp1hrubieszow.pl\/index.php\/wp-json\/wp\/v2\/media?parent=6877"}],"curies":[{"name":"wp","href":"https:\/\/api.w.org\/{rel}","templated":true}]}}