{"id":6857,"date":"2020-10-22T20:01:33","date_gmt":"2020-10-22T18:01:33","guid":{"rendered":"http:\/\/sp1.hrubieszow.info\/?page_id=6857"},"modified":"2020-10-22T20:02:22","modified_gmt":"2020-10-22T18:02:22","slug":"rozstrzygniecie-szkolnych-konkursow-zorganizowanych-z-okazji-europejskiego-tygodnia-swiadomosci-dysleksji-2020","status":"publish","type":"page","link":"https:\/\/sp1hrubieszow.pl\/index.php\/kronika-2020-2021\/rozstrzygniecie-szkolnych-konkursow-zorganizowanych-z-okazji-europejskiego-tygodnia-swiadomosci-dysleksji-2020\/","title":{"rendered":"Rozstrzygni\u0119cie szkolnych konkurs\u00f3w, zorganizowanych z okazji \u201eEuropejskiego Tygodnia \u015awiadomo\u015bci Dysleksji\u2019 2020\u201d"},"content":{"rendered":"\n<div class=\"o9v6fnle cxmmr5t8 oygrvhab hcukyx3x c1et5uql ii04i59q\">\n<div dir=\"auto\"><span style=\"color: #000080;\">W dniach 20-21.10.2020r. podsumowano i rozstrzygni\u0119to konkursy, do kt\u00f3rych zaproszono uczni\u00f3w z okazji obchod\u00f3w ET\u015aD\u20192020. Na konkurs wp\u0142yn\u0119\u0142o wiele pi\u0119knych prac, kt\u00f3re mo\u017cna podziwia\u0107 na wystawie konkursowej na g\u00f3rnym korytarzu. Poni\u017cej prezentujemy laureat\u00f3w konkurs\u00f3w:<\/span><\/div>\n<div dir=\"auto\"><span style=\"color: #000080;\">Konkurs plastyczny dla uczni\u00f3w klas 0-III \u201eOk\u0142adka lub ilustracja do mojej ulubionej bajki\/ksi\u0105\u017cki\u201d<\/span><\/div>\n<div dir=\"auto\"><span style=\"color: #000080;\">Laureaci w kategorii ok\u0142adka lub ilustracja:<\/span><\/div>\n<div dir=\"auto\"><span style=\"color: #000080;\">I miejsca: Julia Kiszel, kl. III b, Mi\u0142osz Brunowski, kl. III a, Helena Lachowicz, I a<\/span><\/div>\n<div dir=\"auto\"><span style=\"color: #000080;\">II miejsca: Miko\u0142aj Zaj\u0105c, kl. II c, Wiktoria Ha\u0142asa, kl. II a, Gabriela Osma\u0144ska, kl. III b, Urszula Nowak, kl. I b<\/span><\/div>\n<div dir=\"auto\"><span style=\"color: #000080;\">III miejsca: Jagoda Szczepanik, I a, Zuzanna Kudelska II a, Lena Ni\u017anikowska, II c, Aleksandra Pa\u0142ys, kl. III a<\/span><\/div>\n<div dir=\"auto\"><span style=\"color: #000080;\">Wyr\u00f3\u017cnienia:<\/span><\/div>\n<div dir=\"auto\"><span style=\"color: #000080;\">1. Zuzanna Kalbarczyk, I b<\/span><\/div>\n<div dir=\"auto\"><span style=\"color: #000080;\">2. Bart\u0142omiej Szyma\u0144ski, I a<\/span><\/div>\n<div dir=\"auto\"><span style=\"color: #000080;\">3. Aleksandra Wojtiuk, I b<\/span><\/div>\n<div dir=\"auto\"><span style=\"color: #000080;\">4. Hubert Wawryk, III a<\/span><\/div>\n<div dir=\"auto\"><span style=\"color: #000080;\">5. Jakub Twardowski, I b<\/span><\/div>\n<div dir=\"auto\"><span style=\"color: #000080;\">6. Hanna Grabo\u015b, I b<\/span><\/div>\n<div dir=\"auto\"><span style=\"color: #000080;\">7. Kamil Klocek, III b<\/span><\/div>\n<div dir=\"auto\"><span style=\"color: #000080;\">8. Maja Klimkowska, III a<\/span><\/div>\n<div dir=\"auto\"><span style=\"color: #000080;\">9. Zuzanna Peczak, III a<\/span><\/div>\n<div dir=\"auto\"><span style=\"color: #000080;\">10. Aleksandra Paczos, II a<\/span><\/div>\n<div dir=\"auto\"><span style=\"color: #000080;\">11. Mateusz Ka\u0144ski, II c<\/span><\/div>\n<div dir=\"auto\"><span style=\"color: #000080;\">12. Maja Magdziak, III b<\/span><\/div>\n<div dir=\"auto\"><span style=\"color: #000080;\">13. Karolina Grzegorczyk, III a<\/span><\/div>\n<div dir=\"auto\"><span style=\"color: #000080;\">14. Martyna Jasic, II a<\/span><\/div>\n<div dir=\"auto\"><span style=\"color: #000080;\">Konkurs plastyczny dla uczni\u00f3w klas IV-VIII \u201ePomoc do nauki ortografii-plakat ortograficzny, zak\u0142adka, plan lekcji\u201d<\/span><\/div>\n<div dir=\"auto\"><span style=\"color: #000080;\">I miejsce: Martyna Osma\u0144ska, kl. VII c<\/span><\/div>\n<div dir=\"auto\"><span style=\"color: #000080;\">II miejsca: Eliza Poninkiewicz, kl. VII a, Aleksandra Siek, VI d<\/span><\/div>\n<div dir=\"auto\"><span style=\"color: #000080;\">III miejsca: Kacper Maciejczyk, kl. VII c, Nina Ochyra, kl. VIc<\/span><\/div>\n<div dir=\"auto\"><span style=\"color: #000080;\">Wyr\u00f3\u017cnienia:<\/span><\/div>\n<div dir=\"auto\"><span style=\"color: #000080;\">1. Dawid Dworak, IV b<\/span><\/div>\n<div dir=\"auto\"><span style=\"color: #000080;\">2. Maksymilian W\u0105sak, VII c<\/span><\/div>\n<div dir=\"auto\"><span style=\"color: #000080;\">3. Wiktor D\u0105browski, VII a<\/span><\/div>\n<div dir=\"auto\"><span style=\"color: #000080;\">4. Marcel Baj, VII c<\/span><\/div>\n<div dir=\"auto\"><span style=\"color: #000080;\">5. Zuzanna Wi\u015bniewska, VII a<\/span><\/div>\n<div dir=\"auto\"><span style=\"color: #000080;\">6. Karol Kowalski, VII c<\/span><\/div>\n<div dir=\"auto\"><span style=\"color: #000080;\">7. Wiktoria Korzeniowska, VIc<\/span><\/div>\n<div dir=\"auto\"><span style=\"color: #000080;\">8. Agata Szyma\u0144ska, IV b<\/span><\/div>\n<div dir=\"auto\"><span style=\"color: #000080;\">Konkurs plastyczny dla uczni\u00f3w klas IV-VIII \u201eS\u0142awni dyslektycy-portret\u201d<\/span><\/div>\n<div dir=\"auto\"><span style=\"color: #000080;\">I miejsce: Kacper Kasprzak, VII d<\/span><\/div>\n<div dir=\"auto\"><span style=\"color: #000080;\">II miejsce: Wiktoria Najfeld, VII d<\/span><\/div>\n<div dir=\"auto\"><span style=\"color: #000080;\">III miejsca: Julia Bakalarczuk, VII b, Alicja Lipska, VII a<\/span><\/div>\n<div dir=\"auto\"><span style=\"color: #000080;\">Wyr\u00f3\u017cnienia:<\/span><\/div>\n<div dir=\"auto\"><span style=\"color: #000080;\">1. Patrycja Ba\u0142szan, VIa<\/span><\/div>\n<div dir=\"auto\"><span style=\"color: #000080;\">2. Stefania Suchecka, VI c<\/span><\/div>\n<div dir=\"auto\"><span style=\"color: #000080;\">3. Natalia Ba\u0142bustyn, VI c<\/span><\/div>\n<div dir=\"auto\"><span style=\"color: #000080;\">4. Marcel Kosza\u0142ka VI c<\/span><\/div>\n<div dir=\"auto\"><span style=\"color: #000080;\">5. Wiktoria Spychalska, VI b<\/span><\/div>\n<div dir=\"auto\"><span style=\"color: #000080;\">Konkurs Kaligraficzno-ortograficzno-gramatyczny, dla uczni\u00f3w klas 0-III-laureaci w poszczeg\u00f3lnych klasach<\/span><\/div>\n<div dir=\"auto\"><span style=\"color: #000080;\">Grupa \u201e0\u201d: Eliza Su\u0142ek<\/span><\/div>\n<div dir=\"auto\"><span style=\"color: #000080;\">Klasa Ia: Martyna Markowska, Lena Sawicka<\/span><\/div>\n<div dir=\"auto\"><span style=\"color: #000080;\">Klasa Ib: Maja Szostak<\/span><\/div>\n<div dir=\"auto\"><span style=\"color: #000080;\">Klasa IIa: Aleksandra Paczos<\/span><\/div>\n<div dir=\"auto\"><span style=\"color: #000080;\">Klasa II b: Karolina Kowalczuk<\/span><\/div>\n<div dir=\"auto\"><span style=\"color: #000080;\">Klasa IIc: Igor Tucki<\/span><\/div>\n<div dir=\"auto\"><span style=\"color: #000080;\">Klasa IIIa: Karolina Danilczuk, Zuzanna Peczak<\/span><\/div>\n<div dir=\"auto\"><span style=\"color: #000080;\">Klasa IIIb: Miko\u0142aj Karpiuk<\/span><\/div>\n<div dir=\"auto\"><span style=\"color: #000080;\">Klasa IIIc: Nikola Podg\u00f3rska<\/span><\/div>\n<\/div>\n<div class=\"o9v6fnle cxmmr5t8 oygrvhab hcukyx3x c1et5uql ii04i59q\">\n<div dir=\"auto\"><span style=\"color: #000080;\">Nagrodami konkursowymi by\u0142y s\u0142owniki ortograficzne, gad\u017cety Klubu Ortograffiti oraz pami\u0105tkowe dyplomy.<\/span><\/div>\n<div dir=\"auto\"><span style=\"color: #000080;\">Konkursy by\u0142y podsumowaniem wielu dzia\u0142a\u0144, podj\u0119tych w szkole w dniach 05.10-11.10.2020r. W tygodniu, po\u015bwi\u0119conym dysleksji przygotowano: gry i zabawy edukacyjne czytelniczo-ortograficzne w Klubie Ortograffiti i DDKK Lekturynki, akcj\u0119 czytelnicz\u0105 \u201eDzieci czytaj\u0105 dzieciom-Czytanie na dywanie\u201d, gazetki \u015bcienne, materia\u0142y szkoleniowe dla uczni\u00f3w, rodzic\u00f3w i nauczycieli udost\u0119pnione za po\u015brednictwem dziennika Librus, audycj\u0119 w szkolnym radiow\u0119\u017ale, akcje: \u201eOrto-krzy\u017c\u00f3wka\u201d, \u201eMi\u0119dzynarodowy Dzie\u0144 Pisania List\u00f3w\u201d oraz warsztaty dziennikarskie.<\/span><\/div>\n<div dir=\"auto\"><span style=\"color: #000080;\">W dzia\u0142ania podj\u0119te w ramach Dnia Dysleksji i Europejskiego Tygodnia \u015awiadomo\u015bci Dysleksji w\u0142\u0105czyli si\u0119 nauczyciele: Marta Kuczy\u0144ska, Ma\u0142gorzata Serafin, Ma\u0142gorzata Sidorska, Marta Lackowska, Ewa Filpiowicz-Sidorczuk, Anna Karkuszewska, Sylwia Wojak.<\/span><\/div>\n<div dir=\"auto\"><span style=\"color: #000080;\">Sprawozdanie z podj\u0119tych dzia\u0142a\u0144 przes\u0142ano do Polskiego Towarzystwa Dysleksji.<\/span><\/div>\n<\/div>\n<div class=\"o9v6fnle cxmmr5t8 oygrvhab hcukyx3x c1et5uql ii04i59q\">\n<div dir=\"auto\"><span style=\"color: #000080;\">Koordynator \u201eET\u015aD\u201d w SP 1 Hrubiesz\u00f3w- Marta Kuczy\u0144ska, pedagog-terapeuta<\/span><\/div>\n<div dir=\"auto\">\nngg_shortcode_0_placeholder\n<\/div>\n<\/div>\n","protected":false},"excerpt":{"rendered":"<p>W dniach 20-21.10.2020r. podsumowano i rozstrzygni\u0119to konkursy, do kt\u00f3rych zaproszono uczni\u00f3w z okazji obchod\u00f3w ET\u015aD\u20192020. Na konkurs wp\u0142yn\u0119\u0142o wiele pi\u0119knych prac, kt\u00f3re mo\u017cna podziwia\u0107 na wystawie konkursowej na g\u00f3rnym korytarzu. Poni\u017cej prezentujemy laureat\u00f3w konkurs\u00f3w: Konkurs plastyczny dla uczni\u00f3w klas 0-III \u201eOk\u0142adka lub ilustracja do mojej ulubionej bajki\/ksi\u0105\u017cki\u201d Laureaci w kategorii ok\u0142adka lub ilustracja: I miejsca: [&hellip;]<\/p>\n","protected":false},"author":2,"featured_media":0,"parent":5983,"menu_order":0,"comment_status":"closed","ping_status":"closed","template":"","meta":{"ngg_post_thumbnail":0,"footnotes":""},"class_list":["post-6857","page","type-page","status-publish","hentry"],"_links":{"self":[{"href":"https:\/\/sp1hrubieszow.pl\/index.php\/wp-json\/wp\/v2\/pages\/6857","targetHints":{"allow":["GET"]}}],"collection":[{"href":"https:\/\/sp1hrubieszow.pl\/index.php\/wp-json\/wp\/v2\/pages"}],"about":[{"href":"https:\/\/sp1hrubieszow.pl\/index.php\/wp-json\/wp\/v2\/types\/page"}],"author":[{"embeddable":true,"href":"https:\/\/sp1hrubieszow.pl\/index.php\/wp-json\/wp\/v2\/users\/2"}],"replies":[{"embeddable":true,"href":"https:\/\/sp1hrubieszow.pl\/index.php\/wp-json\/wp\/v2\/comments?post=6857"}],"version-history":[{"count":1,"href":"https:\/\/sp1hrubieszow.pl\/index.php\/wp-json\/wp\/v2\/pages\/6857\/revisions"}],"predecessor-version":[{"id":6858,"href":"https:\/\/sp1hrubieszow.pl\/index.php\/wp-json\/wp\/v2\/pages\/6857\/revisions\/6858"}],"up":[{"embeddable":true,"href":"https:\/\/sp1hrubieszow.pl\/index.php\/wp-json\/wp\/v2\/pages\/5983"}],"wp:attachment":[{"href":"https:\/\/sp1hrubieszow.pl\/index.php\/wp-json\/wp\/v2\/media?parent=6857"}],"curies":[{"name":"wp","href":"https:\/\/api.w.org\/{rel}","templated":true}]}}