{"id":6820,"date":"2020-10-21T08:43:41","date_gmt":"2020-10-21T06:43:41","guid":{"rendered":"http:\/\/sp1.hrubieszow.info\/?page_id=6820"},"modified":"2020-10-21T08:44:11","modified_gmt":"2020-10-21T06:44:11","slug":"uwaga","status":"publish","type":"page","link":"https:\/\/sp1hrubieszow.pl\/index.php\/kronika-2020-2021\/uwaga\/","title":{"rendered":"UWAGA!"},"content":{"rendered":"\n<p><span style=\"color: #ff0000;\"><span style=\"font-size: xx-large;\"><b>UWAGA !<\/b><\/span><\/span><\/p>\n<p><span style=\"font-size: xx-large;\"><b>Szanowni Pa\u0144stwo, uczniowie <\/b><\/span><\/p>\n<p align=\"JUSTIFY\"><span style=\"font-size: xx-large;\">Informuj\u0119, \u017ce ze wzgl\u0119du na remont pokrycia dachowego od wej\u015bcia g\u0142\u00f3wnego budynku szko\u0142y <\/span><span style=\"color: #ff0000;\"><span style=\"font-size: xx-large;\"><b>w czwartek 22.10. 2020 r.<\/b><\/span><\/span><span style=\"font-size: xx-large;\"> i <\/span><span style=\"color: #ff0000;\"><span style=\"font-size: xx-large;\"><b>pi\u0105tek 23.10. 2020r.<\/b><\/span><\/span><span style=\"font-size: xx-large;\"> obowi\u0105zuje wej\u015bcie do szko\u0142y od strony placu rekreacyjnego . <\/span><\/p>\n<p align=\"JUSTIFY\"><span style=\"font-size: xx-large;\">Dzieci ze \u015bwietlicy szkolnej odbierane s\u0105 od strony drzwi lewych placu rekreacyjnego . Rodzic zg\u0142asza odbi\u00f3r dziecka do pracownika szko\u0142y b\u0119d\u0105cego na dy\u017curze przy drzwiach wej\u015bciowych. <\/span><\/p>\n<p><span style=\"font-size: xx-large;\">W dalszym ci\u0105gu obowi\u0105zuje <\/span><span style=\"color: #ff0000;\"><span style=\"font-size: xx-large;\">zakaz <\/span><\/span><span style=\"font-size: xx-large;\">wchodzenie na teren szko\u0142y rodzic\u00f3w <br>i os\u00f3b nieb\u0119d\u0105cych pracownikami szko\u0142y. <\/span><\/p>\n<p><span style=\"font-size: xx-large;\">Przepraszamy za utrudnienia<\/span><\/p>\n","protected":false},"excerpt":{"rendered":"<p>UWAGA ! Szanowni Pa\u0144stwo, uczniowie Informuj\u0119, \u017ce ze wzgl\u0119du na remont pokrycia dachowego od wej\u015bcia g\u0142\u00f3wnego budynku szko\u0142y w czwartek 22.10. 2020 r. i pi\u0105tek 23.10. 2020r. obowi\u0105zuje wej\u015bcie do szko\u0142y od strony placu rekreacyjnego . Dzieci ze \u015bwietlicy szkolnej odbierane s\u0105 od strony drzwi lewych placu rekreacyjnego . Rodzic zg\u0142asza odbi\u00f3r dziecka do pracownika [&hellip;]<\/p>\n","protected":false},"author":2,"featured_media":0,"parent":5983,"menu_order":0,"comment_status":"closed","ping_status":"closed","template":"","meta":{"ngg_post_thumbnail":0,"footnotes":""},"class_list":["post-6820","page","type-page","status-publish","hentry"],"_links":{"self":[{"href":"https:\/\/sp1hrubieszow.pl\/index.php\/wp-json\/wp\/v2\/pages\/6820","targetHints":{"allow":["GET"]}}],"collection":[{"href":"https:\/\/sp1hrubieszow.pl\/index.php\/wp-json\/wp\/v2\/pages"}],"about":[{"href":"https:\/\/sp1hrubieszow.pl\/index.php\/wp-json\/wp\/v2\/types\/page"}],"author":[{"embeddable":true,"href":"https:\/\/sp1hrubieszow.pl\/index.php\/wp-json\/wp\/v2\/users\/2"}],"replies":[{"embeddable":true,"href":"https:\/\/sp1hrubieszow.pl\/index.php\/wp-json\/wp\/v2\/comments?post=6820"}],"version-history":[{"count":1,"href":"https:\/\/sp1hrubieszow.pl\/index.php\/wp-json\/wp\/v2\/pages\/6820\/revisions"}],"predecessor-version":[{"id":6821,"href":"https:\/\/sp1hrubieszow.pl\/index.php\/wp-json\/wp\/v2\/pages\/6820\/revisions\/6821"}],"up":[{"embeddable":true,"href":"https:\/\/sp1hrubieszow.pl\/index.php\/wp-json\/wp\/v2\/pages\/5983"}],"wp:attachment":[{"href":"https:\/\/sp1hrubieszow.pl\/index.php\/wp-json\/wp\/v2\/media?parent=6820"}],"curies":[{"name":"wp","href":"https:\/\/api.w.org\/{rel}","templated":true}]}}