{"id":6816,"date":"2020-10-20T17:10:35","date_gmt":"2020-10-20T15:10:35","guid":{"rendered":"http:\/\/sp1.hrubieszow.info\/?page_id=6816"},"modified":"2020-10-20T17:10:54","modified_gmt":"2020-10-20T15:10:54","slug":"europejski-tydzien-kodowania-w-naszej-szkole","status":"publish","type":"page","link":"https:\/\/sp1hrubieszow.pl\/index.php\/kronika-2020-2021\/europejski-tydzien-kodowania-w-naszej-szkole\/","title":{"rendered":"Europejski Tydzie\u0144 Kodowania w naszej szkole"},"content":{"rendered":"\n<div class=\"kvgmc6g5 cxmmr5t8 oygrvhab hcukyx3x c1et5uql ii04i59q\">\n<div dir=\"auto\"><span style=\"color: #000080;\">W poniedzia\u0142ek zako\u0144czyli\u015bmy Europejski Tydzie\u0144 Kodowania.<\/span><\/div>\n<\/div>\n<div class=\"o9v6fnle cxmmr5t8 oygrvhab hcukyx3x c1et5uql ii04i59q\">\n<div dir=\"auto\"><span style=\"color: #000080;\">Akcja co roku organizowana jest na terenie ca\u0142ej Europy i dedykowana wszystkim, kt\u00f3rzy chc\u0105 rozpocz\u0105\u0107 lub kontynuowa\u0107 przygod\u0119 z programowaniem.<\/span><\/div>\n<div dir=\"auto\"><span style=\"color: #000080;\">To by\u0142a \u015bwietna okazja do zabaw z grami logicznymi, prost\u0105 grafik\u0105 komputerow\u0105.<\/span><\/div>\n<div dir=\"auto\"><span style=\"color: #000080;\">Nasza szko\u0142a w\u0142\u0105czy\u0142a si\u0119 w organizacj\u0119 w\u0142asnego wydarzenie i zosta\u0142a wliczona do europejskiego rankingu.<\/span><\/div>\n<\/div>\n<div class=\"o9v6fnle cxmmr5t8 oygrvhab hcukyx3x c1et5uql ii04i59q\">\n<div dir=\"auto\"><span style=\"color: #000080;\">Dzi\u0119kuj\u0119 wszystkim nauczycielom i uczniom za w\u0142\u0105czenie si\u0119 w t\u0105 akcj\u0119.<\/span><\/div>\n<div dir=\"auto\">\nngg_shortcode_0_placeholder\n<\/div>\n<\/div>\n","protected":false},"excerpt":{"rendered":"<p>W poniedzia\u0142ek zako\u0144czyli\u015bmy Europejski Tydzie\u0144 Kodowania. Akcja co roku organizowana jest na terenie ca\u0142ej Europy i dedykowana wszystkim, kt\u00f3rzy chc\u0105 rozpocz\u0105\u0107 lub kontynuowa\u0107 przygod\u0119 z programowaniem. To by\u0142a \u015bwietna okazja do zabaw z grami logicznymi, prost\u0105 grafik\u0105 komputerow\u0105. Nasza szko\u0142a w\u0142\u0105czy\u0142a si\u0119 w organizacj\u0119 w\u0142asnego wydarzenie i zosta\u0142a wliczona do europejskiego rankingu. Dzi\u0119kuj\u0119 wszystkim nauczycielom [&hellip;]<\/p>\n","protected":false},"author":2,"featured_media":0,"parent":5983,"menu_order":0,"comment_status":"closed","ping_status":"closed","template":"","meta":{"ngg_post_thumbnail":0,"footnotes":""},"class_list":["post-6816","page","type-page","status-publish","hentry"],"_links":{"self":[{"href":"https:\/\/sp1hrubieszow.pl\/index.php\/wp-json\/wp\/v2\/pages\/6816","targetHints":{"allow":["GET"]}}],"collection":[{"href":"https:\/\/sp1hrubieszow.pl\/index.php\/wp-json\/wp\/v2\/pages"}],"about":[{"href":"https:\/\/sp1hrubieszow.pl\/index.php\/wp-json\/wp\/v2\/types\/page"}],"author":[{"embeddable":true,"href":"https:\/\/sp1hrubieszow.pl\/index.php\/wp-json\/wp\/v2\/users\/2"}],"replies":[{"embeddable":true,"href":"https:\/\/sp1hrubieszow.pl\/index.php\/wp-json\/wp\/v2\/comments?post=6816"}],"version-history":[{"count":1,"href":"https:\/\/sp1hrubieszow.pl\/index.php\/wp-json\/wp\/v2\/pages\/6816\/revisions"}],"predecessor-version":[{"id":6817,"href":"https:\/\/sp1hrubieszow.pl\/index.php\/wp-json\/wp\/v2\/pages\/6816\/revisions\/6817"}],"up":[{"embeddable":true,"href":"https:\/\/sp1hrubieszow.pl\/index.php\/wp-json\/wp\/v2\/pages\/5983"}],"wp:attachment":[{"href":"https:\/\/sp1hrubieszow.pl\/index.php\/wp-json\/wp\/v2\/media?parent=6816"}],"curies":[{"name":"wp","href":"https:\/\/api.w.org\/{rel}","templated":true}]}}