{"id":6761,"date":"2020-10-18T20:08:53","date_gmt":"2020-10-18T18:08:53","guid":{"rendered":"http:\/\/sp1.hrubieszow.info\/?page_id=6761"},"modified":"2020-10-18T20:09:48","modified_gmt":"2020-10-18T18:09:48","slug":"zasady-odbywania-kwarantanny","status":"publish","type":"page","link":"https:\/\/sp1hrubieszow.pl\/index.php\/kronika-2020-2021\/zasady-odbywania-kwarantanny\/","title":{"rendered":"ZASADY ODBYWANIA KWARANTANNY"},"content":{"rendered":"\n<p style=\"text-align: center;\"><strong><span style=\"color: #000080;\">Szanowni Rodzice, Drodzy Uczniowie!<\/span><\/strong><\/p>\n<p style=\"text-align: left;\"><span style=\"color: #000080;\">Zapraszamy Pa\u0144stwa do zapoznania si\u0119 z materia\u0142ami edukacyjnymi przygotowanymi przez Ministerstwo Zdrowia na temat bezpiecze\u0144stwa epidemicznego i zasad odbywania kwarantanny w zwi\u0105zku z koronawirusem.<\/span><\/p>\n<p><a href=\"http:\/\/sp1.hrubieszow.info\/wp-content\/uploads\/2020\/10\/Plakat_ogolny.pdf\"><span style=\"background-color: #ffffff; color: #000080;\"><strong><span style=\"color: #000080;\">Plakat_ogolny<\/span><\/strong><\/span><\/a><\/p>\n<p><span style=\"background-color: #ffffff; color: #000080;\"><strong><a style=\"background-color: #ffffff; color: #000080;\" href=\"http:\/\/sp1.hrubieszow.info\/wp-content\/uploads\/2020\/10\/Plakat_kwarantanna.pdf\">Plakat_kwarantanna<\/a><\/strong><\/span><\/p>\n<p><span style=\"background-color: #ffffff; color: #000080;\"><strong><a style=\"background-color: #ffffff; color: #000080;\" href=\"http:\/\/sp1.hrubieszow.info\/wp-content\/uploads\/2020\/10\/Plakat_rozkladowka.pdf\">Plakat_rozkladowka<\/a><\/strong><\/span><\/p>\n<p><span style=\"background-color: #ffffff; color: #000080;\"><strong><a style=\"background-color: #ffffff; color: #000080;\" href=\"http:\/\/sp1.hrubieszow.info\/wp-content\/uploads\/2020\/10\/Plakat_zasady-kwarantanny.pdf\">Plakat_zasady kwarantanny<\/a><\/strong><\/span><\/p>\n","protected":false},"excerpt":{"rendered":"<p>Szanowni Rodzice, Drodzy Uczniowie! Zapraszamy Pa\u0144stwa do zapoznania si\u0119 z materia\u0142ami edukacyjnymi przygotowanymi przez Ministerstwo Zdrowia na temat bezpiecze\u0144stwa epidemicznego i zasad odbywania kwarantanny w zwi\u0105zku z koronawirusem. Plakat_ogolny Plakat_kwarantanna Plakat_rozkladowka Plakat_zasady kwarantanny<\/p>\n","protected":false},"author":2,"featured_media":0,"parent":5983,"menu_order":0,"comment_status":"closed","ping_status":"closed","template":"","meta":{"ngg_post_thumbnail":0,"footnotes":""},"class_list":["post-6761","page","type-page","status-publish","hentry"],"_links":{"self":[{"href":"https:\/\/sp1hrubieszow.pl\/index.php\/wp-json\/wp\/v2\/pages\/6761","targetHints":{"allow":["GET"]}}],"collection":[{"href":"https:\/\/sp1hrubieszow.pl\/index.php\/wp-json\/wp\/v2\/pages"}],"about":[{"href":"https:\/\/sp1hrubieszow.pl\/index.php\/wp-json\/wp\/v2\/types\/page"}],"author":[{"embeddable":true,"href":"https:\/\/sp1hrubieszow.pl\/index.php\/wp-json\/wp\/v2\/users\/2"}],"replies":[{"embeddable":true,"href":"https:\/\/sp1hrubieszow.pl\/index.php\/wp-json\/wp\/v2\/comments?post=6761"}],"version-history":[{"count":1,"href":"https:\/\/sp1hrubieszow.pl\/index.php\/wp-json\/wp\/v2\/pages\/6761\/revisions"}],"predecessor-version":[{"id":6762,"href":"https:\/\/sp1hrubieszow.pl\/index.php\/wp-json\/wp\/v2\/pages\/6761\/revisions\/6762"}],"up":[{"embeddable":true,"href":"https:\/\/sp1hrubieszow.pl\/index.php\/wp-json\/wp\/v2\/pages\/5983"}],"wp:attachment":[{"href":"https:\/\/sp1hrubieszow.pl\/index.php\/wp-json\/wp\/v2\/media?parent=6761"}],"curies":[{"name":"wp","href":"https:\/\/api.w.org\/{rel}","templated":true}]}}