{"id":6751,"date":"2020-10-17T20:20:01","date_gmt":"2020-10-17T18:20:01","guid":{"rendered":"http:\/\/sp1.hrubieszow.info\/?page_id=6751"},"modified":"2020-10-17T20:21:00","modified_gmt":"2020-10-17T18:21:00","slug":"miedzynarodowy-dzien-mediacji-15-pazdziernika-2020r","status":"publish","type":"page","link":"https:\/\/sp1hrubieszow.pl\/index.php\/kronika-2020-2021\/miedzynarodowy-dzien-mediacji-15-pazdziernika-2020r\/","title":{"rendered":"Mi\u0119dzynarodowy Dzie\u0144 Mediacji- 15 pa\u017adziernika 2020r."},"content":{"rendered":"\n<div class=\"o9v6fnle cxmmr5t8 oygrvhab hcukyx3x c1et5uql ii04i59q\">\n<div dir=\"auto\"><span style=\"color: #000080;\">W dniu 15.10.2020r. w Szkole Podstawowej Nr 1 im. Boles\u0142awa Prusa w Hrubieszowie obchodzili\u015bmy Mi\u0119dzynarodowy Dzie\u0144 Mediacji.<\/span><\/div>\n<div dir=\"auto\"><span style=\"color: #000080;\">Gazetki okoliczno\u015bciowe, ulotki i plakaty, jakie rozwiesili\u015bmy w szkole, mia\u0142y za zadanie promocj\u0119 mediacji, jako konstruktywnego i skutecznego sposobu na rozwi\u0105zywanie konflikt\u00f3w, w tym konflikt\u00f3w r\u00f3wie\u015bniczych.<\/span><\/div>\n<div dir=\"auto\"><span style=\"color: #000080;\">W Mi\u0119dzynarodowym Dniu Mediacji wys\u0142uchali\u015bmy tak\u017ce audycji wyemitowanej w szkolnym radiow\u0119\u017ale. Audycja mia\u0142a na celu przybli\u017cenie tematyki mediacji r\u00f3wie\u015bniczej, w tym rodzaju spraw konfliktowych, kt\u00f3re mog\u0105 by\u0107 kierowane do mediacji w szkole. Uczennice klas \u00f3smych: Aleksandra Szymko, Agata Czajkowska i Gabriela Senkowska- jako przeszkolone mediatorki r\u00f3wie\u015bnicze, spotka\u0142y si\u0119 z kandydatami na mediator\u00f3w r\u00f3wie\u015bniczych, kt\u00f3rzy rozpocz\u0119li swoje szkolenie. Dziewcz\u0119ta przybli\u017cy\u0142y grupie uczni\u00f3w ide\u0119 mediacji oraz opowiedzia\u0142y o dzia\u0142aniach, jakie w poprzednich latach podejmowa\u0142 Szkolny Klub Mediatora. Dodatkowo,<\/span><\/div>\n<div dir=\"auto\"><span style=\"color: #000080;\">w klasie VIIIc odby\u0142y si\u0119 zaj\u0119cia wychowawcze na temat: Co to jest mediacja r\u00f3wie\u015bnicza? &#8211; Tydzie\u0144 Mediacji. Podczas lekcji o roli mediatora opowiada\u0142a Gabrysia Senkowska, kt\u00f3ra tak\u017ce odpowiada\u0142a na pytania kole\u017canek i koleg\u00f3w. Nast\u0119pnie przedstawiono uczniom zasady i zalety mediacji oraz om\u00f3wiono katalog spraw, kt\u00f3re mog\u0105 zosta\u0107 w\u0142\u0105czone do mediacji r\u00f3wie\u015bniczej. Uczniowie wsp\u00f3lnie zastanawiali si\u0119 nad tym, jakie predyspozycje powinna mie\u0107 osoba, kt\u00f3ra chcia\u0142aby by\u0107 mediatorem.<\/span><\/div>\n<div dir=\"auto\"><span style=\"color: #000080;\">W ramach dzia\u0142a\u0144 promuj\u0105cych mediacj\u0119, uczennica klasy VIIIb Aleksandra Szymko, wykona\u0142a prace plastyczne-plakaty, kt\u00f3re reprezentowa\u0142y nasz\u0105 szko\u0142\u0119 w konkursach:<\/span><\/div>\n<div dir=\"auto\"><span style=\"color: #000080;\">1. &#8222;Mediacja r\u00f3wie\u015bnicza- m\u00f3j spos\u00f3b na konflikt&#8221;- konkurs plastyczny: &#8222;Moje prawo do mediacji r\u00f3wie\u015bniczej&#8221;; konkurs wojew\u00f3dzki, realizowany przez S\u0105d Okr\u0119gowy w Lublinie w ramach programu &#8222;Mediacje r\u00f3wie\u015bnicze w szkole,,,&#8221;<\/span><\/div>\n<div dir=\"auto\"><span style=\"color: #000080;\">2. &#8222;Mi\u0119dzynarodowy Dzie\u0144 Mediacji&#8221;-og\u00f3lnopolski konkurs pod patronatem Ministerstwa Sprawiedliwo\u015bci.<\/span><\/div>\n<div dir=\"auto\"><span style=\"color: #000080;\">Obecnie rozpocz\u0119\u0142o si\u0119 szkolenie grupy 35 uczni\u00f3w z klas sz\u00f3stych i si\u00f3dmych, kt\u00f3rzy w roku szkolnym 2020\/2021 zdob\u0119d\u0105 Certyfikat Mediatora R\u00f3wie\u015bniczego.<\/span><\/div>\n<div dir=\"auto\"><span style=\"color: #000080;\">W bie\u017c\u0105cym roku szkolnym dzia\u0142a Dy\u017cur Mediacyjny. Serdecznie zapraszamy do korzystania z pomocy mediator\u00f3w przy rozwi\u0105zywaniu konflikt\u00f3w na terenie szko\u0142y.<\/span><\/div>\n<div dir=\"auto\"><span style=\"color: #000080;\">Dzia\u0142ania s\u0142u\u017c\u0105ce promocji mediacji w Tygodniu Mediacji Mi\u0119dzynarodowym Dniu Mediacji wspiera\u0142 S\u0105d Rejonowy w Hrubieszowie, za co serdecznie dzi\u0119kujemy!<\/span><\/div>\n<\/div>\n<div class=\"o9v6fnle cxmmr5t8 oygrvhab hcukyx3x c1et5uql ii04i59q\">\n<div dir=\"auto\"><span style=\"color: #000080;\">Opiekun Szkolnego Klubu Mediatora- Marta Kuczy\u0144ska, pedagog szkolny, mediator<\/span><\/div>\n<div dir=\"auto\">\nngg_shortcode_0_placeholder\n<\/div>\n<\/div>\n","protected":false},"excerpt":{"rendered":"<p>W dniu 15.10.2020r. w Szkole Podstawowej Nr 1 im. Boles\u0142awa Prusa w Hrubieszowie obchodzili\u015bmy Mi\u0119dzynarodowy Dzie\u0144 Mediacji. Gazetki okoliczno\u015bciowe, ulotki i plakaty, jakie rozwiesili\u015bmy w szkole, mia\u0142y za zadanie promocj\u0119 mediacji, jako konstruktywnego i skutecznego sposobu na rozwi\u0105zywanie konflikt\u00f3w, w tym konflikt\u00f3w r\u00f3wie\u015bniczych. W Mi\u0119dzynarodowym Dniu Mediacji wys\u0142uchali\u015bmy tak\u017ce audycji wyemitowanej w szkolnym radiow\u0119\u017ale. Audycja [&hellip;]<\/p>\n","protected":false},"author":2,"featured_media":0,"parent":5983,"menu_order":0,"comment_status":"closed","ping_status":"closed","template":"","meta":{"ngg_post_thumbnail":0,"footnotes":""},"class_list":["post-6751","page","type-page","status-publish","hentry"],"_links":{"self":[{"href":"https:\/\/sp1hrubieszow.pl\/index.php\/wp-json\/wp\/v2\/pages\/6751","targetHints":{"allow":["GET"]}}],"collection":[{"href":"https:\/\/sp1hrubieszow.pl\/index.php\/wp-json\/wp\/v2\/pages"}],"about":[{"href":"https:\/\/sp1hrubieszow.pl\/index.php\/wp-json\/wp\/v2\/types\/page"}],"author":[{"embeddable":true,"href":"https:\/\/sp1hrubieszow.pl\/index.php\/wp-json\/wp\/v2\/users\/2"}],"replies":[{"embeddable":true,"href":"https:\/\/sp1hrubieszow.pl\/index.php\/wp-json\/wp\/v2\/comments?post=6751"}],"version-history":[{"count":1,"href":"https:\/\/sp1hrubieszow.pl\/index.php\/wp-json\/wp\/v2\/pages\/6751\/revisions"}],"predecessor-version":[{"id":6752,"href":"https:\/\/sp1hrubieszow.pl\/index.php\/wp-json\/wp\/v2\/pages\/6751\/revisions\/6752"}],"up":[{"embeddable":true,"href":"https:\/\/sp1hrubieszow.pl\/index.php\/wp-json\/wp\/v2\/pages\/5983"}],"wp:attachment":[{"href":"https:\/\/sp1hrubieszow.pl\/index.php\/wp-json\/wp\/v2\/media?parent=6751"}],"curies":[{"name":"wp","href":"https:\/\/api.w.org\/{rel}","templated":true}]}}