{"id":6729,"date":"2020-10-15T20:28:18","date_gmt":"2020-10-15T18:28:18","guid":{"rendered":"http:\/\/sp1.hrubieszow.info\/?page_id=6729"},"modified":"2020-10-15T20:28:50","modified_gmt":"2020-10-15T18:28:50","slug":"mistrzowie-tabliczki-mnozenia","status":"publish","type":"page","link":"https:\/\/sp1hrubieszow.pl\/index.php\/kronika-2020-2021\/mistrzowie-tabliczki-mnozenia\/","title":{"rendered":"Mistrzowie Tabliczki Mno\u017cenia"},"content":{"rendered":"\n<div class=\"o9v6fnle cxmmr5t8 oygrvhab hcukyx3x c1et5uql ii04i59q\">\n<div dir=\"auto\"><span style=\"color: #000080;\">2 pa\u017adziernika 2020 roku w naszej szkole odby\u0142a si\u0119 X edycja akcji -\u015awiatowy Dzie\u0144 Tabliczki Mno\u017cenia. Nasi uczniowie przyst\u0105pili do rywalizacji a najlepsi zdobyli tytu\u0142 Mistrza Tabliczki Mno\u017cenia.<\/span><\/div>\n<\/div>\n<div class=\"o9v6fnle cxmmr5t8 oygrvhab hcukyx3x c1et5uql ii04i59q\">\n<div dir=\"auto\"><span style=\"color: #000080;\">Gratulujemy wszystkim uczestnikom i \u017cyczymy dalszych sukces\u00f3w matematycznych.<\/span> <span class=\"pq6dq46d tbxw36s4 knj5qynh kvgmc6g5 ditlmg2l oygrvhab nvdbi5me sf5mxxl7 gl3lb2sf hhz5lgdu\"><img loading=\"lazy\" decoding=\"async\" src=\"https:\/\/static.xx.fbcdn.net\/images\/emoji.php\/v9\/taa\/1.5\/16\/1f603.png\" alt=\"?\" width=\"16\" height=\"16\"><\/span><\/div>\n<div dir=\"auto\">\nngg_shortcode_0_placeholder\n<\/div>\n<\/div>\n","protected":false},"excerpt":{"rendered":"<p>2 pa\u017adziernika 2020 roku w naszej szkole odby\u0142a si\u0119 X edycja akcji -\u015awiatowy Dzie\u0144 Tabliczki Mno\u017cenia. Nasi uczniowie przyst\u0105pili do rywalizacji a najlepsi zdobyli tytu\u0142 Mistrza Tabliczki Mno\u017cenia. Gratulujemy wszystkim uczestnikom i \u017cyczymy dalszych sukces\u00f3w matematycznych.<\/p>\n","protected":false},"author":2,"featured_media":0,"parent":5983,"menu_order":0,"comment_status":"closed","ping_status":"closed","template":"","meta":{"ngg_post_thumbnail":0,"footnotes":""},"class_list":["post-6729","page","type-page","status-publish","hentry"],"_links":{"self":[{"href":"https:\/\/sp1hrubieszow.pl\/index.php\/wp-json\/wp\/v2\/pages\/6729","targetHints":{"allow":["GET"]}}],"collection":[{"href":"https:\/\/sp1hrubieszow.pl\/index.php\/wp-json\/wp\/v2\/pages"}],"about":[{"href":"https:\/\/sp1hrubieszow.pl\/index.php\/wp-json\/wp\/v2\/types\/page"}],"author":[{"embeddable":true,"href":"https:\/\/sp1hrubieszow.pl\/index.php\/wp-json\/wp\/v2\/users\/2"}],"replies":[{"embeddable":true,"href":"https:\/\/sp1hrubieszow.pl\/index.php\/wp-json\/wp\/v2\/comments?post=6729"}],"version-history":[{"count":1,"href":"https:\/\/sp1hrubieszow.pl\/index.php\/wp-json\/wp\/v2\/pages\/6729\/revisions"}],"predecessor-version":[{"id":6730,"href":"https:\/\/sp1hrubieszow.pl\/index.php\/wp-json\/wp\/v2\/pages\/6729\/revisions\/6730"}],"up":[{"embeddable":true,"href":"https:\/\/sp1hrubieszow.pl\/index.php\/wp-json\/wp\/v2\/pages\/5983"}],"wp:attachment":[{"href":"https:\/\/sp1hrubieszow.pl\/index.php\/wp-json\/wp\/v2\/media?parent=6729"}],"curies":[{"name":"wp","href":"https:\/\/api.w.org\/{rel}","templated":true}]}}