{"id":6718,"date":"2020-10-14T19:48:14","date_gmt":"2020-10-14T17:48:14","guid":{"rendered":"http:\/\/sp1.hrubieszow.info\/?page_id=6718"},"modified":"2020-10-14T19:48:43","modified_gmt":"2020-10-14T17:48:43","slug":"historia-w-pocztowce-zamknieta","status":"publish","type":"page","link":"https:\/\/sp1hrubieszow.pl\/index.php\/kronika-2020-2021\/historia-w-pocztowce-zamknieta\/","title":{"rendered":"&#8222;Historia w poczt\u00f3wce zamkni\u0119ta&#8221;"},"content":{"rendered":"\n<p><span style=\"color: #000080;\">Lena Ni\u017anikowska &#8211; uczennica klasy 2c, otrzyma\u0142a nagrod\u0119 za udzia\u0142 w konkursie plastycznym pt.: &#8222;Historia w poczt\u00f3wce zamkni\u0119ta&#8221;. Konkurs zosta\u0142 zorganizowany przez Caritas. <\/span><\/p>\n<p style=\"text-align: center;\"><span style=\"color: #000080;\">Serdecznie gratulujemy i \u017cyczymy Lenie kolejnych sukces\u00f3w.&nbsp;<\/span><\/p>\nngg_shortcode_0_placeholder\n","protected":false},"excerpt":{"rendered":"<p>Lena Ni\u017anikowska &#8211; uczennica klasy 2c, otrzyma\u0142a nagrod\u0119 za udzia\u0142 w konkursie plastycznym pt.: &#8222;Historia w poczt\u00f3wce zamkni\u0119ta&#8221;. Konkurs zosta\u0142 zorganizowany przez Caritas. Serdecznie gratulujemy i \u017cyczymy Lenie kolejnych sukces\u00f3w.&nbsp;<\/p>\n","protected":false},"author":2,"featured_media":0,"parent":5983,"menu_order":0,"comment_status":"closed","ping_status":"closed","template":"","meta":{"ngg_post_thumbnail":0,"footnotes":""},"class_list":["post-6718","page","type-page","status-publish","hentry"],"_links":{"self":[{"href":"https:\/\/sp1hrubieszow.pl\/index.php\/wp-json\/wp\/v2\/pages\/6718","targetHints":{"allow":["GET"]}}],"collection":[{"href":"https:\/\/sp1hrubieszow.pl\/index.php\/wp-json\/wp\/v2\/pages"}],"about":[{"href":"https:\/\/sp1hrubieszow.pl\/index.php\/wp-json\/wp\/v2\/types\/page"}],"author":[{"embeddable":true,"href":"https:\/\/sp1hrubieszow.pl\/index.php\/wp-json\/wp\/v2\/users\/2"}],"replies":[{"embeddable":true,"href":"https:\/\/sp1hrubieszow.pl\/index.php\/wp-json\/wp\/v2\/comments?post=6718"}],"version-history":[{"count":1,"href":"https:\/\/sp1hrubieszow.pl\/index.php\/wp-json\/wp\/v2\/pages\/6718\/revisions"}],"predecessor-version":[{"id":6719,"href":"https:\/\/sp1hrubieszow.pl\/index.php\/wp-json\/wp\/v2\/pages\/6718\/revisions\/6719"}],"up":[{"embeddable":true,"href":"https:\/\/sp1hrubieszow.pl\/index.php\/wp-json\/wp\/v2\/pages\/5983"}],"wp:attachment":[{"href":"https:\/\/sp1hrubieszow.pl\/index.php\/wp-json\/wp\/v2\/media?parent=6718"}],"curies":[{"name":"wp","href":"https:\/\/api.w.org\/{rel}","templated":true}]}}