{"id":6710,"date":"2020-10-14T15:00:30","date_gmt":"2020-10-14T13:00:30","guid":{"rendered":"http:\/\/sp1.hrubieszow.info\/?page_id=6710"},"modified":"2020-10-18T15:13:45","modified_gmt":"2020-10-18T13:13:45","slug":"dzien-edukacji-narodowej-2020","status":"publish","type":"page","link":"https:\/\/sp1hrubieszow.pl\/index.php\/kronika-2020-2021\/dzien-edukacji-narodowej-2020\/","title":{"rendered":"Dzie\u0144 Edukacji Narodowej \u2013 2020"},"content":{"rendered":"\n<p><span style=\"color: #000080;\">13 pa\u017adziernika 2020 r. w naszej szkole odby\u0142a si\u0119 akademia z okazji Dnia Edukacji Narodowej. Na uroczysto\u015b\u0107 przybyli nauczyciele, pracownicy administracji i obs\u0142ugi oraz uczniowie. W cz\u0119\u015bci artystycznej uczniowie z klas 3c oraz uczennice z klasy 7b pod kierunkiem pani Joanny Nazar, Moniki Czulak, Pauliny Seweryn, Sylwii Wojak zaprezentowali skecz dotycz\u0105cy zdalnego nauczania. Podczas wyst\u0119pu nie zabrak\u0142o te\u017c pi\u0119knych wierszy, piosenek, kt\u00f3re uczniowie przygotowali pod kierunkiem pani Joanny Nazar i pana Arkadiusza Mielniczka. Dekoracj\u0119 wykona\u0142y panie: Arleta Kowalska i Ewa Filipowicz-Sidorczuk.<\/span><br><span style=\"color: #000080;\">W cz\u0119\u015bci oficjalnej g\u0142os zabra\u0142a pani dyrektor Edyta Kucharska, kt\u00f3ra z\u0142o\u017cy\u0142a serdeczne \u017cyczenia wszystkim pracownikom szko\u0142y, podzi\u0119kowa\u0142a za trud wk\u0142adany ka\u017cdego dnia w kszta\u0142cenie i wychowanie m\u0142odych pokole\u0144 oraz wr\u0119czy\u0142a Nagrody Dyrektora wyr\u00f3\u017cniaj\u0105cym si\u0119 nauczycielom: J. Bartnik, M. Czulak, J. Filipowicz, A. Kolano, M. Korneluk, B. Kozielewicz, R. Pacza\u0142a, J. Przybik, E. Szostak, M. Serafin, I. Tarcz, S. Wojak oraz wszystkim pracownikom administracji i obs\u0142ugi. <\/span><br><span style=\"color: #000080;\">W tym dniu nauczyciele za szczeg\u00f3lne osi\u0105gni\u0119cia w pracy dydaktycznej, wychowawczej i opieku\u0144czej otrzymali tak\u017ce Nagrod\u0119 Burmistrza Miasta Hrubieszowa: D. Cybula, <\/span><br><span style=\"color: #000080;\">A. Karkuszewska, A. Suwa\u0142a.<\/span><br><span style=\"color: #000080;\">Samorz\u0105d Uczniowski przygotowa\u0142 i wr\u0119czy\u0142 wszystkim nauczycielom kartki okoliczno\u015bciowe z \u017cyczeniami.<\/span><\/p>\nngg_shortcode_0_placeholder\n","protected":false},"excerpt":{"rendered":"<p>13 pa\u017adziernika 2020 r. w naszej szkole odby\u0142a si\u0119 akademia z okazji Dnia Edukacji Narodowej. Na uroczysto\u015b\u0107 przybyli nauczyciele, pracownicy administracji i obs\u0142ugi oraz uczniowie. W cz\u0119\u015bci artystycznej uczniowie z klas 3c oraz uczennice z klasy 7b pod kierunkiem pani Joanny Nazar, Moniki Czulak, Pauliny Seweryn, Sylwii Wojak zaprezentowali skecz dotycz\u0105cy zdalnego nauczania. Podczas wyst\u0119pu [&hellip;]<\/p>\n","protected":false},"author":2,"featured_media":0,"parent":5983,"menu_order":0,"comment_status":"closed","ping_status":"closed","template":"","meta":{"ngg_post_thumbnail":0,"footnotes":""},"class_list":["post-6710","page","type-page","status-publish","hentry"],"_links":{"self":[{"href":"https:\/\/sp1hrubieszow.pl\/index.php\/wp-json\/wp\/v2\/pages\/6710","targetHints":{"allow":["GET"]}}],"collection":[{"href":"https:\/\/sp1hrubieszow.pl\/index.php\/wp-json\/wp\/v2\/pages"}],"about":[{"href":"https:\/\/sp1hrubieszow.pl\/index.php\/wp-json\/wp\/v2\/types\/page"}],"author":[{"embeddable":true,"href":"https:\/\/sp1hrubieszow.pl\/index.php\/wp-json\/wp\/v2\/users\/2"}],"replies":[{"embeddable":true,"href":"https:\/\/sp1hrubieszow.pl\/index.php\/wp-json\/wp\/v2\/comments?post=6710"}],"version-history":[{"count":3,"href":"https:\/\/sp1hrubieszow.pl\/index.php\/wp-json\/wp\/v2\/pages\/6710\/revisions"}],"predecessor-version":[{"id":6756,"href":"https:\/\/sp1hrubieszow.pl\/index.php\/wp-json\/wp\/v2\/pages\/6710\/revisions\/6756"}],"up":[{"embeddable":true,"href":"https:\/\/sp1hrubieszow.pl\/index.php\/wp-json\/wp\/v2\/pages\/5983"}],"wp:attachment":[{"href":"https:\/\/sp1hrubieszow.pl\/index.php\/wp-json\/wp\/v2\/media?parent=6710"}],"curies":[{"name":"wp","href":"https:\/\/api.w.org\/{rel}","templated":true}]}}