{"id":6627,"date":"2020-10-14T14:37:54","date_gmt":"2020-10-14T12:37:54","guid":{"rendered":"http:\/\/sp1.hrubieszow.info\/?page_id=6627"},"modified":"2020-10-14T14:38:17","modified_gmt":"2020-10-14T12:38:17","slug":"kacper-holuj-uczen-klasy-5-a-wywalczyl-tytul-wicemistrza-polski","status":"publish","type":"page","link":"https:\/\/sp1hrubieszow.pl\/index.php\/kronika-2020-2021\/kacper-holuj-uczen-klasy-5-a-wywalczyl-tytul-wicemistrza-polski\/","title":{"rendered":"Kacper Ho\u0142uj ucze\u0144 klasy 5 A wywalczy\u0142 tytu\u0142 Wicemistrza Polski"},"content":{"rendered":"\n<p><span style=\"color: #000080;\">W dniach 10-11.10.2020r. modelarze UKS \u201eJedynka\u201d udali si\u0119 na lotnisko w&nbsp;Gliwicach, gdzie odby\u0142y si\u0119 Mistrzostwa Polski Modeli Swobodnie Lataj\u0105cych Ma\u0142ych Form i Lataj\u0105cych Skrzyde\u0142. Organizatorem zawod\u00f3w by\u0142o Gliwickie Stowarzyszenie Modelarzy Lotniczych, Aeroklub Gliwicki oraz Miasto Gliwice. Modelarze z&nbsp;Uczniowskiego Klubu Sportowego \u201eJedynka\u201d w&nbsp;Hrubieszowie, pod opiek\u0105 instruktora Pana Leszka Kryszczuka, wystartowali w&nbsp;nast\u0119puj\u0105cym sk\u0142adzie: Kacper Ho\u0142uj, Pawe\u0142 Gumieniak i Jakub Wezgraj. Zawodnicy nasi zaj\u0119li nast\u0119puj\u0105ce miejsca: Kacper Ho\u0142uj w klasie modeli F1Q\/M zaj\u0105\u0142 2 miejsce i wywalczy\u0142 tytu\u0142 Wicemistrz Polski. W klasie modeli F1H i F1A\/M zawodnicy nasi dru\u017cynowo zaj\u0119li 3 miejsce i wywalczyli tytu\u0142 Dru\u017cynowy II Wicemistrz Polski, wygra\u0142a dru\u017cyna z Gliwic, a na drugim miejscu uplasowa\u0142a si\u0119 dru\u017cyna reprezentuj\u0105ca Aeroklub Pozna\u0144ski.&nbsp; <\/span><\/p>\n<p><span style=\"color: #000080;\">Zawody zosta\u0142y przeprowadzone w dobrych warunkach atmosferycznych. &nbsp;Najm\u0142odsza grupa zawodnik\u00f3w z&nbsp;UKS \u201eJedynka\u201d poradzi\u0142a sobie do\u015b\u0107 dobrze, zdobywaj\u0105c wysokie miejsca.<\/span><\/p>\nngg_shortcode_0_placeholder\n","protected":false},"excerpt":{"rendered":"<p>W dniach 10-11.10.2020r. modelarze UKS \u201eJedynka\u201d udali si\u0119 na lotnisko w&nbsp;Gliwicach, gdzie odby\u0142y si\u0119 Mistrzostwa Polski Modeli Swobodnie Lataj\u0105cych Ma\u0142ych Form i Lataj\u0105cych Skrzyde\u0142. Organizatorem zawod\u00f3w by\u0142o Gliwickie Stowarzyszenie Modelarzy Lotniczych, Aeroklub Gliwicki oraz Miasto Gliwice. Modelarze z&nbsp;Uczniowskiego Klubu Sportowego \u201eJedynka\u201d w&nbsp;Hrubieszowie, pod opiek\u0105 instruktora Pana Leszka Kryszczuka, wystartowali w&nbsp;nast\u0119puj\u0105cym sk\u0142adzie: Kacper Ho\u0142uj, Pawe\u0142 Gumieniak [&hellip;]<\/p>\n","protected":false},"author":2,"featured_media":0,"parent":5983,"menu_order":0,"comment_status":"closed","ping_status":"closed","template":"","meta":{"ngg_post_thumbnail":0,"footnotes":""},"class_list":["post-6627","page","type-page","status-publish","hentry"],"_links":{"self":[{"href":"https:\/\/sp1hrubieszow.pl\/index.php\/wp-json\/wp\/v2\/pages\/6627","targetHints":{"allow":["GET"]}}],"collection":[{"href":"https:\/\/sp1hrubieszow.pl\/index.php\/wp-json\/wp\/v2\/pages"}],"about":[{"href":"https:\/\/sp1hrubieszow.pl\/index.php\/wp-json\/wp\/v2\/types\/page"}],"author":[{"embeddable":true,"href":"https:\/\/sp1hrubieszow.pl\/index.php\/wp-json\/wp\/v2\/users\/2"}],"replies":[{"embeddable":true,"href":"https:\/\/sp1hrubieszow.pl\/index.php\/wp-json\/wp\/v2\/comments?post=6627"}],"version-history":[{"count":1,"href":"https:\/\/sp1hrubieszow.pl\/index.php\/wp-json\/wp\/v2\/pages\/6627\/revisions"}],"predecessor-version":[{"id":6628,"href":"https:\/\/sp1hrubieszow.pl\/index.php\/wp-json\/wp\/v2\/pages\/6627\/revisions\/6628"}],"up":[{"embeddable":true,"href":"https:\/\/sp1hrubieszow.pl\/index.php\/wp-json\/wp\/v2\/pages\/5983"}],"wp:attachment":[{"href":"https:\/\/sp1hrubieszow.pl\/index.php\/wp-json\/wp\/v2\/media?parent=6627"}],"curies":[{"name":"wp","href":"https:\/\/api.w.org\/{rel}","templated":true}]}}