{"id":6589,"date":"2020-10-12T17:11:08","date_gmt":"2020-10-12T15:11:08","guid":{"rendered":"http:\/\/sp1.hrubieszow.info\/?page_id=6589"},"modified":"2020-10-13T07:03:19","modified_gmt":"2020-10-13T05:03:19","slug":"spotkanie-z-policjantem","status":"publish","type":"page","link":"https:\/\/sp1hrubieszow.pl\/index.php\/kronika-2020-2021\/spotkanie-z-policjantem\/","title":{"rendered":"Spotkanie z policjantem"},"content":{"rendered":"\n<p><span style=\"color: #000080;\">Jak co roku dzieci z oddzia\u0142u przedszkolnego mia\u0142y mo\u017cliwo\u015b\u0107 wzi\u0119cia udzia\u0142u w spotkaniu z Policjantem. Do tej wizyty przedszkolaki przygotowywa\u0142y si\u0119 ju\u017c we wrze\u015bniu poprzez zaj\u0119cia na temat zachowania bezpiecze\u0144stwa nie tylko w oddziale przedszkolnym ale r\u00f3wnie\u017c w ruchu drogowym. G\u0142\u00f3wnym celem spotkania by\u0142o zapoznanie dzieci z niebezpiecze\u0144stwami gro\u017c\u0105cymi im w trakcie drogi do przedszkola, u\u015bwiadomienie jak prawid\u0142owo nale\u017cy korzysta\u0107 z drogi oraz jak zachowa\u0107 si\u0119, gdy spotkaj\u0105 na swojej drodze obc\u0105 osob\u0119. Dzieci mia\u0142y okazj\u0119 dowiedzie\u0107 si\u0119 r\u00f3wnie\u017c, na czym polega praca policjanta. Serdecznie dzi\u0119kujemy Panu Policjantowi \u017ce znalaz\u0142 czas na spotkanie z naszymi przedszkolakami!<\/span><\/p>\n","protected":false},"excerpt":{"rendered":"<p>Jak co roku dzieci z oddzia\u0142u przedszkolnego mia\u0142y mo\u017cliwo\u015b\u0107 wzi\u0119cia udzia\u0142u w spotkaniu z Policjantem. Do tej wizyty przedszkolaki przygotowywa\u0142y si\u0119 ju\u017c we wrze\u015bniu poprzez zaj\u0119cia na temat zachowania bezpiecze\u0144stwa nie tylko w oddziale przedszkolnym ale r\u00f3wnie\u017c w ruchu drogowym. G\u0142\u00f3wnym celem spotkania by\u0142o zapoznanie dzieci z niebezpiecze\u0144stwami gro\u017c\u0105cymi im w trakcie drogi do przedszkola, [&hellip;]<\/p>\n","protected":false},"author":2,"featured_media":0,"parent":5983,"menu_order":0,"comment_status":"closed","ping_status":"closed","template":"","meta":{"ngg_post_thumbnail":0,"footnotes":""},"class_list":["post-6589","page","type-page","status-publish","hentry"],"_links":{"self":[{"href":"https:\/\/sp1hrubieszow.pl\/index.php\/wp-json\/wp\/v2\/pages\/6589","targetHints":{"allow":["GET"]}}],"collection":[{"href":"https:\/\/sp1hrubieszow.pl\/index.php\/wp-json\/wp\/v2\/pages"}],"about":[{"href":"https:\/\/sp1hrubieszow.pl\/index.php\/wp-json\/wp\/v2\/types\/page"}],"author":[{"embeddable":true,"href":"https:\/\/sp1hrubieszow.pl\/index.php\/wp-json\/wp\/v2\/users\/2"}],"replies":[{"embeddable":true,"href":"https:\/\/sp1hrubieszow.pl\/index.php\/wp-json\/wp\/v2\/comments?post=6589"}],"version-history":[{"count":2,"href":"https:\/\/sp1hrubieszow.pl\/index.php\/wp-json\/wp\/v2\/pages\/6589\/revisions"}],"predecessor-version":[{"id":6600,"href":"https:\/\/sp1hrubieszow.pl\/index.php\/wp-json\/wp\/v2\/pages\/6589\/revisions\/6600"}],"up":[{"embeddable":true,"href":"https:\/\/sp1hrubieszow.pl\/index.php\/wp-json\/wp\/v2\/pages\/5983"}],"wp:attachment":[{"href":"https:\/\/sp1hrubieszow.pl\/index.php\/wp-json\/wp\/v2\/media?parent=6589"}],"curies":[{"name":"wp","href":"https:\/\/api.w.org\/{rel}","templated":true}]}}