{"id":6550,"date":"2020-10-10T19:27:39","date_gmt":"2020-10-10T17:27:39","guid":{"rendered":"http:\/\/sp1.hrubieszow.info\/?page_id=6550"},"modified":"2020-10-10T19:27:57","modified_gmt":"2020-10-10T17:27:57","slug":"europejski-tydzien-swiadomosci-dysleksji-2020","status":"publish","type":"page","link":"https:\/\/sp1hrubieszow.pl\/index.php\/kronika-2020-2021\/europejski-tydzien-swiadomosci-dysleksji-2020\/","title":{"rendered":"Europejski Tydzie\u0144 \u015awiadomo\u015bci Dysleksji '2020"},"content":{"rendered":"\n<div dir=\"auto\"><span style=\"color: #000080;\">Podczas Europejskiego Tygodnia \u015awiadomo\u015bci Dysleksji uczniowie mogli podziwia\u0107 gazetki tematyczne, zwi\u0105zane z dysleksj\u0105 rozwojow\u0105 oraz s\u0142awnymi dyslektykami. W Klubie Ortograffiti zorganizowano gry i zabawy ortograficzne. Czwartoklasi\u015bci zmierzyli si\u0119 z zadaniem konkursowym &#8222;Orto-krzy\u017c\u00f3wka&#8221;. Uczniowie klasy IIIc wzi\u0119li udzia\u0142 w zaj\u0119ciach warsztatowych z wykorzystaniem Teatru Kamishibai, prowadzonych przez p. Beat\u0119 Panasiewicz, pracownika MBP w Hrubieszowie. Komisja konkursowa zaj\u0119\u0142a si\u0119 ju\u017c rozstrzygni\u0119ciem konkurs\u00f3w, kt\u00f3re odby\u0142y si\u0119 z okazji ET\u015aD&#8217;2020. Niebawem nast\u0105pi wr\u0119czenie dyplom\u00f3w i nagr\u00f3d, o czym niezw\u0142ocznie poinformujemy na naszym profilu fb<\/span> <span class=\"pq6dq46d tbxw36s4 knj5qynh kvgmc6g5 ditlmg2l oygrvhab nvdbi5me sf5mxxl7 gl3lb2sf hhz5lgdu\"><img loading=\"lazy\" decoding=\"async\" src=\"https:\/\/static.xx.fbcdn.net\/images\/emoji.php\/v9\/ta5\/1.5\/16\/1f642.png\" alt=\"?\" width=\"16\" height=\"16\"><\/span><span class=\"pq6dq46d tbxw36s4 knj5qynh kvgmc6g5 ditlmg2l oygrvhab nvdbi5me sf5mxxl7 gl3lb2sf hhz5lgdu\"><img loading=\"lazy\" decoding=\"async\" src=\"https:\/\/static.xx.fbcdn.net\/images\/emoji.php\/v9\/t5b\/1.5\/16\/1f60d.png\" alt=\"?\" width=\"16\" height=\"16\"><\/span><\/div>\n<div dir=\"auto\">\nngg_shortcode_0_placeholder\n<\/div>\n","protected":false},"excerpt":{"rendered":"<p>Podczas Europejskiego Tygodnia \u015awiadomo\u015bci Dysleksji uczniowie mogli podziwia\u0107 gazetki tematyczne, zwi\u0105zane z dysleksj\u0105 rozwojow\u0105 oraz s\u0142awnymi dyslektykami. W Klubie Ortograffiti zorganizowano gry i zabawy ortograficzne. Czwartoklasi\u015bci zmierzyli si\u0119 z zadaniem konkursowym &#8222;Orto-krzy\u017c\u00f3wka&#8221;. Uczniowie klasy IIIc wzi\u0119li udzia\u0142 w zaj\u0119ciach warsztatowych z wykorzystaniem Teatru Kamishibai, prowadzonych przez p. Beat\u0119 Panasiewicz, pracownika MBP w Hrubieszowie. Komisja konkursowa [&hellip;]<\/p>\n","protected":false},"author":2,"featured_media":0,"parent":5983,"menu_order":0,"comment_status":"closed","ping_status":"closed","template":"","meta":{"ngg_post_thumbnail":0,"footnotes":""},"class_list":["post-6550","page","type-page","status-publish","hentry"],"_links":{"self":[{"href":"https:\/\/sp1hrubieszow.pl\/index.php\/wp-json\/wp\/v2\/pages\/6550","targetHints":{"allow":["GET"]}}],"collection":[{"href":"https:\/\/sp1hrubieszow.pl\/index.php\/wp-json\/wp\/v2\/pages"}],"about":[{"href":"https:\/\/sp1hrubieszow.pl\/index.php\/wp-json\/wp\/v2\/types\/page"}],"author":[{"embeddable":true,"href":"https:\/\/sp1hrubieszow.pl\/index.php\/wp-json\/wp\/v2\/users\/2"}],"replies":[{"embeddable":true,"href":"https:\/\/sp1hrubieszow.pl\/index.php\/wp-json\/wp\/v2\/comments?post=6550"}],"version-history":[{"count":1,"href":"https:\/\/sp1hrubieszow.pl\/index.php\/wp-json\/wp\/v2\/pages\/6550\/revisions"}],"predecessor-version":[{"id":6551,"href":"https:\/\/sp1hrubieszow.pl\/index.php\/wp-json\/wp\/v2\/pages\/6550\/revisions\/6551"}],"up":[{"embeddable":true,"href":"https:\/\/sp1hrubieszow.pl\/index.php\/wp-json\/wp\/v2\/pages\/5983"}],"wp:attachment":[{"href":"https:\/\/sp1hrubieszow.pl\/index.php\/wp-json\/wp\/v2\/media?parent=6550"}],"curies":[{"name":"wp","href":"https:\/\/api.w.org\/{rel}","templated":true}]}}