{"id":6502,"date":"2020-10-08T20:04:02","date_gmt":"2020-10-08T18:04:02","guid":{"rendered":"http:\/\/sp1.hrubieszow.info\/?page_id=6502"},"modified":"2020-10-08T20:04:16","modified_gmt":"2020-10-08T18:04:16","slug":"europejski-tydzien-swiadomosci-dysleksji-2020-dzien-dysleksji-dyslexiaday-08-10-2020r-konkurs-kaligraficzno-ortograficzno-gramatyczny","status":"publish","type":"page","link":"https:\/\/sp1hrubieszow.pl\/index.php\/kronika-2020-2021\/europejski-tydzien-swiadomosci-dysleksji-2020-dzien-dysleksji-dyslexiaday-08-10-2020r-konkurs-kaligraficzno-ortograficzno-gramatyczny\/","title":{"rendered":"Europejski Tydzie\u0144 \u015awiadomo\u015bci Dysleksji '2020 DZIE\u0143 DYSLEKSJI #Dyslexiaday-08.10.2020r.  Konkurs kaligraficzno-ortograficzno-gramatyczny"},"content":{"rendered":"\n<div dir=\"auto\"><span style=\"color: #000080;\">W dniu 08.10.2020r.w grupie &#8222;0&#8221; oraz w klasach I-III odby\u0142 si\u0119 &#8222;Konkurs kaligraficzno-ortograficzno-gramatyczny&#8221;. Wszyscy uczniowie z klas 0-III wype\u0142nili karty pracy, kt\u00f3re by\u0142y dostosowane do ich wieku, pocz\u0105wszy od szlaczk\u00f3w, po mini-test ortograficzno-gramatyczny. Komisja wnikliwie oceni wszystkie z\u0142o\u017cone na konkurs prace. Niebawem poznamy zwyci\u0119zc\u00f3w tego konkursu.<\/span><\/div>\n<div dir=\"auto\"><span style=\"color: #000080;\">Dodatkowo, z okazji Dnia Dysleksji <a class=\"oajrlxb2 g5ia77u1 qu0x051f esr5mh6w e9989ue4 r7d6kgcz rq0escxv nhd2j8a9 nc684nl6 p7hjln8o kvgmc6g5 cxmmr5t8 oygrvhab hcukyx3x jb3vyjys rz4wbd8a qt6c0cv9 a8nywdso i1ao9s8h esuyzwwr f1sip0of lzcic4wl q66pz984 gpro0wi8 b1v8xokw\" style=\"color: #000080;\" tabindex=\"0\" role=\"link\" href=\"https:\/\/www.facebook.com\/hashtag\/dyslexiaday?__eep__=6&amp;__cft__[0]=AZUMY2ezuTD8nMomUEzPpX412JsCP1mQR2Xa_d-XsK2Ev2ncIPv_zE_43YyJ6Dus21GIxFSIVJO04GeRUo558wz1lWH12dbAH6vj-XVZnlQBL89sP0PwP_ZdjkxxcRuE1WCe0d3Lm-wMkQUlxtdaYWV7vzMhOd2_thyy2i9uMaUSrijJ8XlH5jyaunRv5GSZspA&amp;__tn__=*NK-R\">#dyslexiaday<\/a>, odby\u0142a si\u0119 audycja w szkolnym radiow\u0119\u017ale, kt\u00f3rej przes\u0142aniem by\u0142o przybli\u017cenie tematyki dysleksji oraz postaci s\u0142awnych dyslektyk\u00f3w. Uczniowie, rodzice i nauczyciele otrzymali materia\u0142y szkoleniowe za po\u015brednictwem wiadomo\u015bci<\/span><\/div>\n<div dir=\"auto\"><span style=\"color: #000080;\">w dzienniku elektronicznym.<\/span><\/div>\n<div dir=\"auto\"><span style=\"color: #000080;\">Kontynuowali\u015bmy tak\u017ce akcj\u0119 czytelnicz\u0105. Tym razem dziewcz\u0119ta z kl. IIIa :Ola, Maja i Karolinka odwiedzi\u0142y uczni\u00f3w klasy Ib. By\u0142 to kolejny dow\u00f3d na to, \u017ce bajka \u0142\u0105czy wszystkie dzieci a czytanie przynosi wiele rado\u015bci:)<\/span><\/div>\n<div dir=\"auto\">\nngg_shortcode_0_placeholder\n<\/div>\n","protected":false},"excerpt":{"rendered":"<p>W dniu 08.10.2020r.w grupie &#8222;0&#8221; oraz w klasach I-III odby\u0142 si\u0119 &#8222;Konkurs kaligraficzno-ortograficzno-gramatyczny&#8221;. Wszyscy uczniowie z klas 0-III wype\u0142nili karty pracy, kt\u00f3re by\u0142y dostosowane do ich wieku, pocz\u0105wszy od szlaczk\u00f3w, po mini-test ortograficzno-gramatyczny. Komisja wnikliwie oceni wszystkie z\u0142o\u017cone na konkurs prace. Niebawem poznamy zwyci\u0119zc\u00f3w tego konkursu. Dodatkowo, z okazji Dnia Dysleksji #dyslexiaday, odby\u0142a si\u0119 audycja [&hellip;]<\/p>\n","protected":false},"author":2,"featured_media":0,"parent":5983,"menu_order":0,"comment_status":"closed","ping_status":"closed","template":"","meta":{"ngg_post_thumbnail":0,"footnotes":""},"class_list":["post-6502","page","type-page","status-publish","hentry"],"_links":{"self":[{"href":"https:\/\/sp1hrubieszow.pl\/index.php\/wp-json\/wp\/v2\/pages\/6502","targetHints":{"allow":["GET"]}}],"collection":[{"href":"https:\/\/sp1hrubieszow.pl\/index.php\/wp-json\/wp\/v2\/pages"}],"about":[{"href":"https:\/\/sp1hrubieszow.pl\/index.php\/wp-json\/wp\/v2\/types\/page"}],"author":[{"embeddable":true,"href":"https:\/\/sp1hrubieszow.pl\/index.php\/wp-json\/wp\/v2\/users\/2"}],"replies":[{"embeddable":true,"href":"https:\/\/sp1hrubieszow.pl\/index.php\/wp-json\/wp\/v2\/comments?post=6502"}],"version-history":[{"count":1,"href":"https:\/\/sp1hrubieszow.pl\/index.php\/wp-json\/wp\/v2\/pages\/6502\/revisions"}],"predecessor-version":[{"id":6503,"href":"https:\/\/sp1hrubieszow.pl\/index.php\/wp-json\/wp\/v2\/pages\/6502\/revisions\/6503"}],"up":[{"embeddable":true,"href":"https:\/\/sp1hrubieszow.pl\/index.php\/wp-json\/wp\/v2\/pages\/5983"}],"wp:attachment":[{"href":"https:\/\/sp1hrubieszow.pl\/index.php\/wp-json\/wp\/v2\/media?parent=6502"}],"curies":[{"name":"wp","href":"https:\/\/api.w.org\/{rel}","templated":true}]}}