{"id":6485,"date":"2020-10-07T22:22:31","date_gmt":"2020-10-07T20:22:31","guid":{"rendered":"http:\/\/sp1.hrubieszow.info\/?page_id=6485"},"modified":"2020-10-07T22:22:57","modified_gmt":"2020-10-07T20:22:57","slug":"europejski-tydzien-swiadomosci-dysleksji-2020-akcja-czytelnicza-dzieci-czytaja-dzieciom-czytanie-na-dywanie","status":"publish","type":"page","link":"https:\/\/sp1hrubieszow.pl\/index.php\/kronika-2020-2021\/europejski-tydzien-swiadomosci-dysleksji-2020-akcja-czytelnicza-dzieci-czytaja-dzieciom-czytanie-na-dywanie\/","title":{"rendered":"Europejski Tydzie\u0144 \u015awiadomo\u015bci Dysleksji '2020 Akcja czytelnicza &#8222;Dzieci czytaj\u0105 dzieciom-Czytanie na dywanie&#8221;"},"content":{"rendered":"\n<div dir=\"auto\"><span style=\"color: #000080;\">W dniu 07.10.2020r. odby\u0142o si\u0119 czytanie bajek terapeutycznych z serii:&#8221;Ortograffiti z Bratkiem&#8221;. W akcji czytelniczej wzi\u0119li udzia\u0142 najm\u0142odsi uczniowie z grupy &#8222;0&#8221; oraz klasy pierwszej. Wolontariuszkami, kt\u00f3re pi\u0119knie czyta\u0142y dzieciom bajki by\u0142y: Karolinka, Maja i Ola z kl. IIIa. Dzieci z zainteresowaniem s\u0142ucha\u0142y ciekawych opowie\u015bci, pozna\u0142y pacynk\u0119 Bratka-przyjaciela wszystkich uczni\u00f3w oraz dowiedzia\u0142y si\u0119, co nale\u017cy zrobi\u0107, aby nauczy\u0107 si\u0119 p\u0142ynnie czyta\u0107.<\/span><\/div>\n<div dir=\"auto\"><span style=\"color: #000080;\">Do zobaczenia za rok!<\/span><\/div>\n<div dir=\"auto\">\nngg_shortcode_0_placeholder\n<\/div>\n","protected":false},"excerpt":{"rendered":"<p>W dniu 07.10.2020r. odby\u0142o si\u0119 czytanie bajek terapeutycznych z serii:&#8221;Ortograffiti z Bratkiem&#8221;. W akcji czytelniczej wzi\u0119li udzia\u0142 najm\u0142odsi uczniowie z grupy &#8222;0&#8221; oraz klasy pierwszej. Wolontariuszkami, kt\u00f3re pi\u0119knie czyta\u0142y dzieciom bajki by\u0142y: Karolinka, Maja i Ola z kl. IIIa. Dzieci z zainteresowaniem s\u0142ucha\u0142y ciekawych opowie\u015bci, pozna\u0142y pacynk\u0119 Bratka-przyjaciela wszystkich uczni\u00f3w oraz dowiedzia\u0142y si\u0119, co nale\u017cy [&hellip;]<\/p>\n","protected":false},"author":2,"featured_media":0,"parent":5983,"menu_order":0,"comment_status":"closed","ping_status":"closed","template":"","meta":{"ngg_post_thumbnail":0,"footnotes":""},"class_list":["post-6485","page","type-page","status-publish","hentry"],"_links":{"self":[{"href":"https:\/\/sp1hrubieszow.pl\/index.php\/wp-json\/wp\/v2\/pages\/6485","targetHints":{"allow":["GET"]}}],"collection":[{"href":"https:\/\/sp1hrubieszow.pl\/index.php\/wp-json\/wp\/v2\/pages"}],"about":[{"href":"https:\/\/sp1hrubieszow.pl\/index.php\/wp-json\/wp\/v2\/types\/page"}],"author":[{"embeddable":true,"href":"https:\/\/sp1hrubieszow.pl\/index.php\/wp-json\/wp\/v2\/users\/2"}],"replies":[{"embeddable":true,"href":"https:\/\/sp1hrubieszow.pl\/index.php\/wp-json\/wp\/v2\/comments?post=6485"}],"version-history":[{"count":1,"href":"https:\/\/sp1hrubieszow.pl\/index.php\/wp-json\/wp\/v2\/pages\/6485\/revisions"}],"predecessor-version":[{"id":6486,"href":"https:\/\/sp1hrubieszow.pl\/index.php\/wp-json\/wp\/v2\/pages\/6485\/revisions\/6486"}],"up":[{"embeddable":true,"href":"https:\/\/sp1hrubieszow.pl\/index.php\/wp-json\/wp\/v2\/pages\/5983"}],"wp:attachment":[{"href":"https:\/\/sp1hrubieszow.pl\/index.php\/wp-json\/wp\/v2\/media?parent=6485"}],"curies":[{"name":"wp","href":"https:\/\/api.w.org\/{rel}","templated":true}]}}