{"id":6466,"date":"2020-10-06T21:02:16","date_gmt":"2020-10-06T19:02:16","guid":{"rendered":"http:\/\/sp1.hrubieszow.info\/?page_id=6466"},"modified":"2020-10-06T21:02:30","modified_gmt":"2020-10-06T19:02:30","slug":"europejski-tydzien-swiadomosci-dysleksji-2020-gry-czytelniczo-ortograficzne-dla-uczniow-klas-i-iii","status":"publish","type":"page","link":"https:\/\/sp1hrubieszow.pl\/index.php\/kronika-2020-2021\/europejski-tydzien-swiadomosci-dysleksji-2020-gry-czytelniczo-ortograficzne-dla-uczniow-klas-i-iii\/","title":{"rendered":"Europejski Tydzie\u0144 \u015awiadomo\u015bci Dysleksji '2020 Gry czytelniczo-ortograficzne dla uczni\u00f3w klas I-III"},"content":{"rendered":"\n<div dir=\"auto\"><span style=\"color: #000080;\">W dniu 06.10.2020r., w ramach obchod\u00f3w ET\u015aD, odby\u0142y si\u0119 ciekawe zaj\u0119cia z wykorzystaniem autorskich pomys\u0142\u00f3w na gry edukacyjne, rozwijaj\u0105ce zainteresowania czytelnicze i kszta\u0142tuj\u0105ce umiej\u0119tno\u015b\u0107 pisania poprawnego pod wzgl\u0119dem ortograficznym. Nauka trudnych wyraz\u00f3w, przeplatana zabaw\u0105 jest na pewno o wiele bardziej skuteczniejsza. Dzieci wykonywa\u0142y prace plastyczne, jako ilustracje do bajek a tak\u017ce odgrywa\u0142y scenki. Nauce i zabawie towarzyszy\u0142a radosna atmosfera. W organizacj\u0119 zaj\u0119\u0107 edukacyjnych zaanga\u017cowa\u0142 si\u0119 Dzieci\u0119cy Dyskusyjny Klub Ksi\u0105\u017cki &#8222;Lekturynki&#8221; wraz z opiekunami.&nbsp;<\/span><\/div>\n<div dir=\"auto\">\nngg_shortcode_0_placeholder\n<\/div>\n","protected":false},"excerpt":{"rendered":"<p>W dniu 06.10.2020r., w ramach obchod\u00f3w ET\u015aD, odby\u0142y si\u0119 ciekawe zaj\u0119cia z wykorzystaniem autorskich pomys\u0142\u00f3w na gry edukacyjne, rozwijaj\u0105ce zainteresowania czytelnicze i kszta\u0142tuj\u0105ce umiej\u0119tno\u015b\u0107 pisania poprawnego pod wzgl\u0119dem ortograficznym. Nauka trudnych wyraz\u00f3w, przeplatana zabaw\u0105 jest na pewno o wiele bardziej skuteczniejsza. Dzieci wykonywa\u0142y prace plastyczne, jako ilustracje do bajek a tak\u017ce odgrywa\u0142y scenki. Nauce i [&hellip;]<\/p>\n","protected":false},"author":2,"featured_media":0,"parent":5983,"menu_order":0,"comment_status":"closed","ping_status":"closed","template":"","meta":{"ngg_post_thumbnail":0,"footnotes":""},"class_list":["post-6466","page","type-page","status-publish","hentry"],"_links":{"self":[{"href":"https:\/\/sp1hrubieszow.pl\/index.php\/wp-json\/wp\/v2\/pages\/6466","targetHints":{"allow":["GET"]}}],"collection":[{"href":"https:\/\/sp1hrubieszow.pl\/index.php\/wp-json\/wp\/v2\/pages"}],"about":[{"href":"https:\/\/sp1hrubieszow.pl\/index.php\/wp-json\/wp\/v2\/types\/page"}],"author":[{"embeddable":true,"href":"https:\/\/sp1hrubieszow.pl\/index.php\/wp-json\/wp\/v2\/users\/2"}],"replies":[{"embeddable":true,"href":"https:\/\/sp1hrubieszow.pl\/index.php\/wp-json\/wp\/v2\/comments?post=6466"}],"version-history":[{"count":1,"href":"https:\/\/sp1hrubieszow.pl\/index.php\/wp-json\/wp\/v2\/pages\/6466\/revisions"}],"predecessor-version":[{"id":6467,"href":"https:\/\/sp1hrubieszow.pl\/index.php\/wp-json\/wp\/v2\/pages\/6466\/revisions\/6467"}],"up":[{"embeddable":true,"href":"https:\/\/sp1hrubieszow.pl\/index.php\/wp-json\/wp\/v2\/pages\/5983"}],"wp:attachment":[{"href":"https:\/\/sp1hrubieszow.pl\/index.php\/wp-json\/wp\/v2\/media?parent=6466"}],"curies":[{"name":"wp","href":"https:\/\/api.w.org\/{rel}","templated":true}]}}