{"id":6439,"date":"2020-10-05T22:00:34","date_gmt":"2020-10-05T20:00:34","guid":{"rendered":"http:\/\/sp1.hrubieszow.info\/?page_id=6439"},"modified":"2020-10-06T21:07:39","modified_gmt":"2020-10-06T19:07:39","slug":"warsztaty-dziennikarskie","status":"publish","type":"page","link":"https:\/\/sp1hrubieszow.pl\/index.php\/kronika-2020-2021\/warsztaty-dziennikarskie\/","title":{"rendered":"Warsztaty dziennikarskie"},"content":{"rendered":"\n<div dir=\"auto\"><span style=\"color: #000080;\">Europejski Tydzie\u0144 \u015awiadomo\u015bci Dysleksji '2020, w my\u015bl has\u0142a przewodniego tegorocznych obchod\u00f3w: &#8222;Dysleksja inspiruje do (nie)zwyk\u0142ych dzia\u0142a\u0144&#8221;, rozpocz\u0119li\u015bmy od warsztat\u00f3w dziennikarskich. W zaj\u0119ciach warsztatowych, prowadzonych przez dziennikarza, pana Andrzeja Winiszewskiego, uczestniczyli uczniowie zainteresowani dziennikarstwem, w tym cz\u0142onkowie Zespo\u0142u Redakcyjnego gazetki szkolnej &#8222;Jedyneczka&#8221;. Podczas warsztat\u00f3w uczniowie dowiedzieli si\u0119 na czym polega praca dziennikarza i reportera. Uczyli si\u0119 jak sporz\u0105dzi\u0107 notatk\u0119, wywiad, sond\u0119. Dowiedzieli si\u0119 jak przeprowadzi\u0107 konferencj\u0119 prasow\u0105. Nagrywali swoje wypowiedzi i analizowali nagrania. Doskonalili pami\u0119\u0107, koncentracj\u0119 uwagi i aktywne s\u0142uchanie, kt\u00f3re s\u0105 niezb\u0119dne w pracy dziennikarza, poprzez ciekawe zadania i \u0107wiczenia, przygotowane przez prowadz\u0105cego. Na zako\u0144czenie warsztat\u00f3w ka\u017cdy uczestnik otrzyma\u0142 pami\u0105tkowy dyplom. Realizacja trzygodzinnych warsztat\u00f3w dziennikarskich by\u0142a mo\u017cliwa dzi\u0119ki wygraniu konkursu zespo\u0142owego &#8222;Mi\u0119dzy marzeniem a planem&#8221; w ramach kampanii &#8222;Zachowaj Trze\u017awy Umys\u0142&#8221;, kt\u00f3rej organizatorem jest Stowarzyszenie Producent\u00f3w i Dziennikarzy Radiowych z Poznania. Warsztaty dziennikarskie pog\u0142\u0119bi\u0142y zainteresowania i pasje dziennikarskie uczni\u00f3w <\/span><span style=\"color: #000080;\">i zapewne na d\u0142ugo pozostan\u0105 w ich pami\u0119ci.<\/span><\/div>\n<div dir=\"auto\">\nngg_shortcode_0_placeholder\n<\/div>\n","protected":false},"excerpt":{"rendered":"<p>Europejski Tydzie\u0144 \u015awiadomo\u015bci Dysleksji '2020, w my\u015bl has\u0142a przewodniego tegorocznych obchod\u00f3w: &#8222;Dysleksja inspiruje do (nie)zwyk\u0142ych dzia\u0142a\u0144&#8221;, rozpocz\u0119li\u015bmy od warsztat\u00f3w dziennikarskich. W zaj\u0119ciach warsztatowych, prowadzonych przez dziennikarza, pana Andrzeja Winiszewskiego, uczestniczyli uczniowie zainteresowani dziennikarstwem, w tym cz\u0142onkowie Zespo\u0142u Redakcyjnego gazetki szkolnej &#8222;Jedyneczka&#8221;. Podczas warsztat\u00f3w uczniowie dowiedzieli si\u0119 na czym polega praca dziennikarza i reportera. Uczyli si\u0119 [&hellip;]<\/p>\n","protected":false},"author":2,"featured_media":0,"parent":5983,"menu_order":0,"comment_status":"closed","ping_status":"closed","template":"","meta":{"ngg_post_thumbnail":0,"footnotes":""},"class_list":["post-6439","page","type-page","status-publish","hentry"],"_links":{"self":[{"href":"https:\/\/sp1hrubieszow.pl\/index.php\/wp-json\/wp\/v2\/pages\/6439","targetHints":{"allow":["GET"]}}],"collection":[{"href":"https:\/\/sp1hrubieszow.pl\/index.php\/wp-json\/wp\/v2\/pages"}],"about":[{"href":"https:\/\/sp1hrubieszow.pl\/index.php\/wp-json\/wp\/v2\/types\/page"}],"author":[{"embeddable":true,"href":"https:\/\/sp1hrubieszow.pl\/index.php\/wp-json\/wp\/v2\/users\/2"}],"replies":[{"embeddable":true,"href":"https:\/\/sp1hrubieszow.pl\/index.php\/wp-json\/wp\/v2\/comments?post=6439"}],"version-history":[{"count":3,"href":"https:\/\/sp1hrubieszow.pl\/index.php\/wp-json\/wp\/v2\/pages\/6439\/revisions"}],"predecessor-version":[{"id":6470,"href":"https:\/\/sp1hrubieszow.pl\/index.php\/wp-json\/wp\/v2\/pages\/6439\/revisions\/6470"}],"up":[{"embeddable":true,"href":"https:\/\/sp1hrubieszow.pl\/index.php\/wp-json\/wp\/v2\/pages\/5983"}],"wp:attachment":[{"href":"https:\/\/sp1hrubieszow.pl\/index.php\/wp-json\/wp\/v2\/media?parent=6439"}],"curies":[{"name":"wp","href":"https:\/\/api.w.org\/{rel}","templated":true}]}}