{"id":6409,"date":"2020-10-05T21:42:15","date_gmt":"2020-10-05T19:42:15","guid":{"rendered":"http:\/\/sp1.hrubieszow.info\/?page_id=6409"},"modified":"2020-10-05T21:42:54","modified_gmt":"2020-10-05T19:42:54","slug":"dzien-chlopaka","status":"publish","type":"page","link":"https:\/\/sp1hrubieszow.pl\/index.php\/kronika-2020-2021\/dzien-chlopaka\/","title":{"rendered":"Dzie\u0144 Ch\u0142opaka"},"content":{"rendered":"\n<p><span style=\"color: #000080;\">30 wrze\u015bnia w naszej szkole uczcili\u015bmy Dzie\u0144 Ch\u0142opaka. W klasach dziewczynki z\u0142o\u017cy\u0142y ch\u0142opcom \u017cyczenia i wr\u0119czy\u0142y drobne upominki. Samorz\u0105d Uczniowski odczyta\u0142 \u017cyczenia przez radiow\u0119ze\u0142, a Ma\u0142y Samorz\u0105d Uczniowski og\u0142osi\u0142 wyniki plebiscytu na tytu\u0142 &#8222;Super Kolegi&#8221; zorganizowanego w klasach edukacji wczesnoszkolnej. Laureaci otrzymali dyplomy i s\u0142odycze. Oto oni: 0 Kacper Sidorczuk, 1 A Bart\u0142omiej Szyma\u0144ski, 1 B Dawid Kornaszewski, 2 A Sebastian Wajda, 2 B Robert Kraj, 2 C Rados\u0142aw Borz\u0119cki, 3 A Hubert Wawryk, 3 B Aleksander Z\u0105bek, 3 C Filip Olejczuk. Gratulujemy zwyci\u0119zcom.<\/span><\/p>\nngg_shortcode_0_placeholder\n","protected":false},"excerpt":{"rendered":"<p>30 wrze\u015bnia w naszej szkole uczcili\u015bmy Dzie\u0144 Ch\u0142opaka. W klasach dziewczynki z\u0142o\u017cy\u0142y ch\u0142opcom \u017cyczenia i wr\u0119czy\u0142y drobne upominki. Samorz\u0105d Uczniowski odczyta\u0142 \u017cyczenia przez radiow\u0119ze\u0142, a Ma\u0142y Samorz\u0105d Uczniowski og\u0142osi\u0142 wyniki plebiscytu na tytu\u0142 &#8222;Super Kolegi&#8221; zorganizowanego w klasach edukacji wczesnoszkolnej. Laureaci otrzymali dyplomy i s\u0142odycze. Oto oni: 0 Kacper Sidorczuk, 1 A Bart\u0142omiej Szyma\u0144ski, 1 [&hellip;]<\/p>\n","protected":false},"author":2,"featured_media":0,"parent":5983,"menu_order":0,"comment_status":"closed","ping_status":"closed","template":"","meta":{"ngg_post_thumbnail":0,"footnotes":""},"class_list":["post-6409","page","type-page","status-publish","hentry"],"_links":{"self":[{"href":"https:\/\/sp1hrubieszow.pl\/index.php\/wp-json\/wp\/v2\/pages\/6409","targetHints":{"allow":["GET"]}}],"collection":[{"href":"https:\/\/sp1hrubieszow.pl\/index.php\/wp-json\/wp\/v2\/pages"}],"about":[{"href":"https:\/\/sp1hrubieszow.pl\/index.php\/wp-json\/wp\/v2\/types\/page"}],"author":[{"embeddable":true,"href":"https:\/\/sp1hrubieszow.pl\/index.php\/wp-json\/wp\/v2\/users\/2"}],"replies":[{"embeddable":true,"href":"https:\/\/sp1hrubieszow.pl\/index.php\/wp-json\/wp\/v2\/comments?post=6409"}],"version-history":[{"count":1,"href":"https:\/\/sp1hrubieszow.pl\/index.php\/wp-json\/wp\/v2\/pages\/6409\/revisions"}],"predecessor-version":[{"id":6410,"href":"https:\/\/sp1hrubieszow.pl\/index.php\/wp-json\/wp\/v2\/pages\/6409\/revisions\/6410"}],"up":[{"embeddable":true,"href":"https:\/\/sp1hrubieszow.pl\/index.php\/wp-json\/wp\/v2\/pages\/5983"}],"wp:attachment":[{"href":"https:\/\/sp1hrubieszow.pl\/index.php\/wp-json\/wp\/v2\/media?parent=6409"}],"curies":[{"name":"wp","href":"https:\/\/api.w.org\/{rel}","templated":true}]}}