{"id":6384,"date":"2020-10-04T17:51:13","date_gmt":"2020-10-04T15:51:13","guid":{"rendered":"http:\/\/sp1.hrubieszow.info\/?page_id=6384"},"modified":"2023-09-24T11:53:48","modified_gmt":"2023-09-24T09:53:48","slug":"su","status":"publish","type":"page","link":"https:\/\/sp1hrubieszow.pl\/index.php\/uczniowie\/su\/","title":{"rendered":"SU"},"content":{"rendered":"\n<h1 align=\"center\"><strong><span style=\"color: #000080;\">sk\u0142ad Rady SU na rok szkolny 2023\/2024&nbsp;<\/span><\/strong><\/h1>\n<p><span style=\"color: #000080;\"><strong>Przewodnicz\u0105cy Rady SU: <\/strong><\/span><\/p>\n<p><span style=\"color: #000080;\">Lidia Grab<\/span><\/p>\n<p><span style=\"color: #000080;\"><strong>Wiceprzewodnicz\u0105cy SU: <br><\/strong>Marcin Lackowski<\/span><\/p>\n<p><span style=\"color: #000080;\"><strong>Cz\u0142onkowie: <\/strong><\/span><\/p>\n<p><span style=\"color: #000080;\">Eva Jankowska, Maja Magdziak, Maja Klimkowska, Karolina Danilczuk<\/span><\/p>\n<p>&nbsp;<\/p>\n<p style=\"text-align: left;\" align=\"center\"><span style=\"color: #000080;\"><strong><a style=\"color: #000080;\" href=\"http:\/\/sp1.hrubieszow.info\/wp-content\/uploads\/2021\/11\/regulamin-SU-nowy.doc\">regulamin SU <\/a><\/strong><\/span><\/p>\n","protected":false},"excerpt":{"rendered":"<p>sk\u0142ad Rady SU na rok szkolny 2023\/2024&nbsp; Przewodnicz\u0105cy Rady SU: Lidia Grab Wiceprzewodnicz\u0105cy SU: Marcin Lackowski Cz\u0142onkowie: Eva Jankowska, Maja Magdziak, Maja Klimkowska, Karolina Danilczuk &nbsp; regulamin SU<\/p>\n","protected":false},"author":2,"featured_media":0,"parent":19,"menu_order":0,"comment_status":"closed","ping_status":"closed","template":"","meta":{"ngg_post_thumbnail":0,"footnotes":""},"class_list":["post-6384","page","type-page","status-publish","hentry"],"_links":{"self":[{"href":"https:\/\/sp1hrubieszow.pl\/index.php\/wp-json\/wp\/v2\/pages\/6384","targetHints":{"allow":["GET"]}}],"collection":[{"href":"https:\/\/sp1hrubieszow.pl\/index.php\/wp-json\/wp\/v2\/pages"}],"about":[{"href":"https:\/\/sp1hrubieszow.pl\/index.php\/wp-json\/wp\/v2\/types\/page"}],"author":[{"embeddable":true,"href":"https:\/\/sp1hrubieszow.pl\/index.php\/wp-json\/wp\/v2\/users\/2"}],"replies":[{"embeddable":true,"href":"https:\/\/sp1hrubieszow.pl\/index.php\/wp-json\/wp\/v2\/comments?post=6384"}],"version-history":[{"count":7,"href":"https:\/\/sp1hrubieszow.pl\/index.php\/wp-json\/wp\/v2\/pages\/6384\/revisions"}],"predecessor-version":[{"id":21590,"href":"https:\/\/sp1hrubieszow.pl\/index.php\/wp-json\/wp\/v2\/pages\/6384\/revisions\/21590"}],"up":[{"embeddable":true,"href":"https:\/\/sp1hrubieszow.pl\/index.php\/wp-json\/wp\/v2\/pages\/19"}],"wp:attachment":[{"href":"https:\/\/sp1hrubieszow.pl\/index.php\/wp-json\/wp\/v2\/media?parent=6384"}],"curies":[{"name":"wp","href":"https:\/\/api.w.org\/{rel}","templated":true}]}}