{"id":6379,"date":"2020-10-04T17:46:44","date_gmt":"2020-10-04T15:46:44","guid":{"rendered":"http:\/\/sp1.hrubieszow.info\/?page_id=6379"},"modified":"2020-10-04T17:47:26","modified_gmt":"2020-10-04T15:47:26","slug":"wybory-do-rady-samorzadu-uczniowskiego","status":"publish","type":"page","link":"https:\/\/sp1hrubieszow.pl\/index.php\/kronika-2020-2021\/wybory-do-rady-samorzadu-uczniowskiego\/","title":{"rendered":"Wybory do Rady Samorz\u0105du Uczniowskiego"},"content":{"rendered":"\n<p><span style=\"color: #000080;\">Dnia 1 pa\u017adziernika 2020r. w Szkole Podstawowej Nr 1 im. Boles\u0142awa Prusa w Hrubieszowie odby\u0142y si\u0119 wybory do Rady Samorz\u0105du Uczniowskiego. W wyborach uczestniczyli uczniowie klas od 4 do 8. Komisja wyborcza przeliczy\u0142a g\u0142osy i po zweryfikowaniu ocen z zachowania ustalono nast\u0119puj\u0105cy sk\u0142ad Rady SU:<\/span><\/p>\n<p style=\"text-align: center;\"><span style=\"color: #000080;\"><strong>Przewodnicz\u0105cy Rady SU: Aleksandra Szymko<\/strong><\/span><\/p>\n<p style=\"text-align: center;\"><span style=\"color: #000080;\"><strong>Zast\u0119pcy Przewodnicz\u0105cego SU: <\/strong><\/span><br><span style=\"color: #000080;\"><strong>Oliwier Stadnicki, Kacper G\u0142owacz<\/strong><\/span><\/p>\n<p style=\"text-align: center;\"><span style=\"color: #000080;\"><strong>Cz\u0142onkowie: Marcel Baj, Pawe\u0142 Gumieniak<\/strong><\/span><\/p>\nngg_shortcode_0_placeholder\n","protected":false},"excerpt":{"rendered":"<p>Dnia 1 pa\u017adziernika 2020r. w Szkole Podstawowej Nr 1 im. Boles\u0142awa Prusa w Hrubieszowie odby\u0142y si\u0119 wybory do Rady Samorz\u0105du Uczniowskiego. W wyborach uczestniczyli uczniowie klas od 4 do 8. Komisja wyborcza przeliczy\u0142a g\u0142osy i po zweryfikowaniu ocen z zachowania ustalono nast\u0119puj\u0105cy sk\u0142ad Rady SU: Przewodnicz\u0105cy Rady SU: Aleksandra Szymko Zast\u0119pcy Przewodnicz\u0105cego SU: Oliwier Stadnicki, [&hellip;]<\/p>\n","protected":false},"author":2,"featured_media":0,"parent":5983,"menu_order":0,"comment_status":"closed","ping_status":"closed","template":"","meta":{"ngg_post_thumbnail":0,"footnotes":""},"class_list":["post-6379","page","type-page","status-publish","hentry"],"_links":{"self":[{"href":"https:\/\/sp1hrubieszow.pl\/index.php\/wp-json\/wp\/v2\/pages\/6379","targetHints":{"allow":["GET"]}}],"collection":[{"href":"https:\/\/sp1hrubieszow.pl\/index.php\/wp-json\/wp\/v2\/pages"}],"about":[{"href":"https:\/\/sp1hrubieszow.pl\/index.php\/wp-json\/wp\/v2\/types\/page"}],"author":[{"embeddable":true,"href":"https:\/\/sp1hrubieszow.pl\/index.php\/wp-json\/wp\/v2\/users\/2"}],"replies":[{"embeddable":true,"href":"https:\/\/sp1hrubieszow.pl\/index.php\/wp-json\/wp\/v2\/comments?post=6379"}],"version-history":[{"count":1,"href":"https:\/\/sp1hrubieszow.pl\/index.php\/wp-json\/wp\/v2\/pages\/6379\/revisions"}],"predecessor-version":[{"id":6380,"href":"https:\/\/sp1hrubieszow.pl\/index.php\/wp-json\/wp\/v2\/pages\/6379\/revisions\/6380"}],"up":[{"embeddable":true,"href":"https:\/\/sp1hrubieszow.pl\/index.php\/wp-json\/wp\/v2\/pages\/5983"}],"wp:attachment":[{"href":"https:\/\/sp1hrubieszow.pl\/index.php\/wp-json\/wp\/v2\/media?parent=6379"}],"curies":[{"name":"wp","href":"https:\/\/api.w.org\/{rel}","templated":true}]}}