{"id":6362,"date":"2020-09-30T11:41:01","date_gmt":"2020-09-30T09:41:01","guid":{"rendered":"http:\/\/sp1.hrubieszow.info\/?page_id=6362"},"modified":"2020-09-30T11:41:14","modified_gmt":"2020-09-30T09:41:14","slug":"informacja-dla-rodzicow-dzien-wolny-od-zajec-dydaktycznych","status":"publish","type":"page","link":"https:\/\/sp1hrubieszow.pl\/index.php\/kronika-2020-2021\/informacja-dla-rodzicow-dzien-wolny-od-zajec-dydaktycznych\/","title":{"rendered":"Informacja dla rodzic\u00f3w &#8211; dzie\u0144 wolny od zaj\u0119\u0107 dydaktycznych"},"content":{"rendered":"\n<p><span style=\"color: #000080;\">Szanowni Pa\u0144stwo!<\/span><\/p>\n<p><span style=\"color: #000080;\">Informujemy, \u017ce:&nbsp; &nbsp; &nbsp; &nbsp; &nbsp; &nbsp; &nbsp; &nbsp; &nbsp; &nbsp; &nbsp; &nbsp; &nbsp; &nbsp; &nbsp; &nbsp; &nbsp; &nbsp; &nbsp; &nbsp; &nbsp; &nbsp; &nbsp; <strong>14.10.2020 r.<\/strong><\/span><\/p>\n<p><span style=\"color: #000080;\">zgodnie z przyj\u0119tym kalendarzem szkolnym, jest to dzie\u0144 wolny od zaj\u0119\u0107 dydaktycznych.<\/span><\/p>\n<p><span style=\"color: #000080;\">Potrzeb\u0119 opieki nad dzie\u0107mi w \u015bwietlicy szkolnej zg\u0142aszamy telefonicznie&nbsp; <strong>84 6962074 <\/strong>do dnia <strong>12.10. 2020r.<\/strong> do godziny <strong>13.00.<\/strong> Informacj\u0119 zbieramy w celu tworzenia grup opieku\u0144czych.<\/span><\/p>\n","protected":false},"excerpt":{"rendered":"<p>Szanowni Pa\u0144stwo! Informujemy, \u017ce:&nbsp; &nbsp; &nbsp; &nbsp; &nbsp; &nbsp; &nbsp; &nbsp; &nbsp; &nbsp; &nbsp; &nbsp; &nbsp; &nbsp; &nbsp; &nbsp; &nbsp; &nbsp; &nbsp; &nbsp; &nbsp; &nbsp; &nbsp; 14.10.2020 r. zgodnie z przyj\u0119tym kalendarzem szkolnym, jest to dzie\u0144 wolny od zaj\u0119\u0107 dydaktycznych. Potrzeb\u0119 opieki nad dzie\u0107mi w \u015bwietlicy szkolnej zg\u0142aszamy telefonicznie&nbsp; 84 6962074 do dnia 12.10. 2020r. [&hellip;]<\/p>\n","protected":false},"author":2,"featured_media":0,"parent":5983,"menu_order":0,"comment_status":"closed","ping_status":"closed","template":"","meta":{"ngg_post_thumbnail":0,"footnotes":""},"class_list":["post-6362","page","type-page","status-publish","hentry"],"_links":{"self":[{"href":"https:\/\/sp1hrubieszow.pl\/index.php\/wp-json\/wp\/v2\/pages\/6362","targetHints":{"allow":["GET"]}}],"collection":[{"href":"https:\/\/sp1hrubieszow.pl\/index.php\/wp-json\/wp\/v2\/pages"}],"about":[{"href":"https:\/\/sp1hrubieszow.pl\/index.php\/wp-json\/wp\/v2\/types\/page"}],"author":[{"embeddable":true,"href":"https:\/\/sp1hrubieszow.pl\/index.php\/wp-json\/wp\/v2\/users\/2"}],"replies":[{"embeddable":true,"href":"https:\/\/sp1hrubieszow.pl\/index.php\/wp-json\/wp\/v2\/comments?post=6362"}],"version-history":[{"count":1,"href":"https:\/\/sp1hrubieszow.pl\/index.php\/wp-json\/wp\/v2\/pages\/6362\/revisions"}],"predecessor-version":[{"id":6363,"href":"https:\/\/sp1hrubieszow.pl\/index.php\/wp-json\/wp\/v2\/pages\/6362\/revisions\/6363"}],"up":[{"embeddable":true,"href":"https:\/\/sp1hrubieszow.pl\/index.php\/wp-json\/wp\/v2\/pages\/5983"}],"wp:attachment":[{"href":"https:\/\/sp1hrubieszow.pl\/index.php\/wp-json\/wp\/v2\/media?parent=6362"}],"curies":[{"name":"wp","href":"https:\/\/api.w.org\/{rel}","templated":true}]}}