{"id":6339,"date":"2020-09-24T21:56:47","date_gmt":"2020-09-24T19:56:47","guid":{"rendered":"http:\/\/sp1.hrubieszow.info\/?page_id=6339"},"modified":"2020-09-24T22:01:50","modified_gmt":"2020-09-24T20:01:50","slug":"21-biegi-przelajowe-poswiecone-bohaterom-wrzesnia-w-szkole-podstawowej-nr-1-w-hrubieszowie","status":"publish","type":"page","link":"https:\/\/sp1hrubieszow.pl\/index.php\/kronika-2020-2021\/21-biegi-przelajowe-poswiecone-bohaterom-wrzesnia-w-szkole-podstawowej-nr-1-w-hrubieszowie\/","title":{"rendered":"21. Biegi  Prze\u0142ajowe Po\u015bwi\u0119cone Bohaterom Wrze\u015bnia w Szkole Podstawowej Nr 1 w Hrubieszowie"},"content":{"rendered":"\n<p><span style=\"color: #000080;\">23 wrze\u015bnia 2020r. w Szkole Podstawowej Nr 1 w Hrubieszowie odby\u0142y si\u0119 coroczne Biegi Prze\u0142ajowe Po\u015bwi\u0119cone Bohaterom Wrze\u015bnia 1939r. By\u0142 to ju\u017c 21 Bieg , kt\u00f3ry jednoczy ca\u0142\u0105 spo\u0142eczno\u015b\u0107 naszej szko\u0142y i s\u0105siaduj\u0105cych przedszkoli. Na uroczysto\u015b\u0107 przyby\u0142a Pani Burmistrz Miasta Hrubieszowa -Marta Majewska, Pan Marek Watras \u2013 dyrektor HOSiR , pan Artur Kern- przewodnicz\u0105cy Miejskiej Rady Sportu . Biegi Prze\u0142ajowe upami\u0119tniaj\u0105ce poleg\u0142ych w dzia\u0142aniach wojennych \u017co\u0142nierzy we wrze\u015bniu 1939r. zosta\u0142y obj\u0119te Patronatem Burmistrza Miasta Hrubieszowa. Uroczysto\u015b\u0107 rozpocz\u0119\u0142a si\u0119 na placu rekreacyjnym odczytaniem Listu Intencyjnego, przypominaj\u0105cego najwa\u017cniejsze fakty historyczne dotycz\u0105ce tragicznego wrze\u015bnia 1939r. Uczczono r\u00f3wnie\u017c pami\u0119\u0107 zamordowanych uczni\u00f3w w Bies\u0142anie 1 wrze\u015bnia 2004r. oraz ofiary ataku terrorystycznego z 11 wrze\u015bnia 2001r. w Nowym Jorku. Przedstawiciele Samorz\u0105du Uczniowskiego i Ma\u0142ego Samorz\u0105du Uczniowskiego wraz z opiekunem zapalili znicze na grobach poleg\u0142ych \u017co\u0142nierzy na cmentarzu wojennym. Nast\u0119pnie g\u0142os zabra\u0142a Pani Burmistrz Marta Majewska , kt\u00f3ra nawi\u0105za\u0142a do wydarze\u0144 historycznych zwi\u0105zanych z II wojn\u0105 \u015bwiatow\u0105, jednocze\u015bnie dzi\u0119kuj\u0105c za kultywowanie tradycji zwi\u0105zanej z oddawaniem ho\u0142du Bohaterom Wrze\u015bnia 1939, trwaj\u0105cej ju\u017c 21 lat. Pogratulowa\u0142a pomys\u0142odawcy panu Andrzejowi Podlewskiemu i wszystkim zaanga\u017cowanym w organizacj\u0119 Bieg\u00f3w Prze\u0142ajowych Po\u015bwi\u0119conych Obro\u0144com Ojczyzny, szczeg\u00f3lnie nauczycielom wychowania fizycznego naszej szko\u0142y. <\/span><br><span style=\"color: #000080;\">Pani Burmistrz razem z panem dyrektorem HOSiRu Markiem Watrasem uroczy\u015bcie otworzy\u0142a 21. Biegi Prze\u0142ajowe Po\u015bwi\u0119cone Bohaterom Wrze\u015bnia 1939r.<\/span><br><span style=\"color: #000080;\">Wszystkim, kt\u00f3rzy uko\u0144czyli ten trudny Bieg serdecznie gratulujemy! Do zobaczenia na linii startu za rok.<\/span><\/p>\nngg_shortcode_0_placeholder\nngg_shortcode_1_placeholder\n","protected":false},"excerpt":{"rendered":"<p>23 wrze\u015bnia 2020r. w Szkole Podstawowej Nr 1 w Hrubieszowie odby\u0142y si\u0119 coroczne Biegi Prze\u0142ajowe Po\u015bwi\u0119cone Bohaterom Wrze\u015bnia 1939r. By\u0142 to ju\u017c 21 Bieg , kt\u00f3ry jednoczy ca\u0142\u0105 spo\u0142eczno\u015b\u0107 naszej szko\u0142y i s\u0105siaduj\u0105cych przedszkoli. Na uroczysto\u015b\u0107 przyby\u0142a Pani Burmistrz Miasta Hrubieszowa -Marta Majewska, Pan Marek Watras \u2013 dyrektor HOSiR , pan Artur Kern- przewodnicz\u0105cy Miejskiej [&hellip;]<\/p>\n","protected":false},"author":2,"featured_media":0,"parent":5983,"menu_order":0,"comment_status":"closed","ping_status":"closed","template":"","meta":{"ngg_post_thumbnail":0,"footnotes":""},"class_list":["post-6339","page","type-page","status-publish","hentry"],"_links":{"self":[{"href":"https:\/\/sp1hrubieszow.pl\/index.php\/wp-json\/wp\/v2\/pages\/6339","targetHints":{"allow":["GET"]}}],"collection":[{"href":"https:\/\/sp1hrubieszow.pl\/index.php\/wp-json\/wp\/v2\/pages"}],"about":[{"href":"https:\/\/sp1hrubieszow.pl\/index.php\/wp-json\/wp\/v2\/types\/page"}],"author":[{"embeddable":true,"href":"https:\/\/sp1hrubieszow.pl\/index.php\/wp-json\/wp\/v2\/users\/2"}],"replies":[{"embeddable":true,"href":"https:\/\/sp1hrubieszow.pl\/index.php\/wp-json\/wp\/v2\/comments?post=6339"}],"version-history":[{"count":2,"href":"https:\/\/sp1hrubieszow.pl\/index.php\/wp-json\/wp\/v2\/pages\/6339\/revisions"}],"predecessor-version":[{"id":6347,"href":"https:\/\/sp1hrubieszow.pl\/index.php\/wp-json\/wp\/v2\/pages\/6339\/revisions\/6347"}],"up":[{"embeddable":true,"href":"https:\/\/sp1hrubieszow.pl\/index.php\/wp-json\/wp\/v2\/pages\/5983"}],"wp:attachment":[{"href":"https:\/\/sp1hrubieszow.pl\/index.php\/wp-json\/wp\/v2\/media?parent=6339"}],"curies":[{"name":"wp","href":"https:\/\/api.w.org\/{rel}","templated":true}]}}