{"id":632,"date":"2019-04-15T10:56:22","date_gmt":"2019-04-15T08:56:22","guid":{"rendered":"http:\/\/sp1.hrubieszow.info\/?page_id=632"},"modified":"2019-04-15T11:01:24","modified_gmt":"2019-04-15T09:01:24","slug":"mlodzi-modelarze-z-uks-jedynka-na-zawodach-w-grodkowie","status":"publish","type":"page","link":"https:\/\/sp1hrubieszow.pl\/index.php\/uczniowie\/orlik-2019\/mlodzi-modelarze-z-uks-jedynka-na-zawodach-w-grodkowie\/","title":{"rendered":"M\u0142odzi modelarze z UKS \u201eJedynka\u201d\u00a0 na zawodach w\u00a0Grodkowie"},"content":{"rendered":"\n<p style=\"text-align: justify;\"><span style=\"color: #000080;\">W dniu&nbsp; 31.03.2019r. odby\u0142y si\u0119 ostatnie w rundzie zimowo wiosennej Zawody Modeli Szybowc\u00f3w Halowych klasy F1N. Og\u00f3lnopolskie Zawody zosta\u0142y zorganizowane przez O\u015brodek Kultury i Rekreacji w Grodkowie oraz Stowarzyszenie Modelarzy Opolszczyzny \u201eFENIKS\u201d. Na starcie stan\u0119li zawodnicy z Bierunia, Bochni, Cz\u0119stochowy, Chrzanowa, Gliwic, Hrubieszowa, Katowic, Krakowa, \u0141asku, Suwa\u0142k, Warszawy, Wroc\u0142awia oraz Grodkowa.&nbsp;&nbsp;<\/span><\/p>\n<p style=\"text-align: justify;\"><span style=\"color: #000080;\"><u>Kategoria m\u0142odzik:<\/u><\/span><\/p>\n<p style=\"text-align: justify;\"><span style=\"color: #000080;\"><strong>1 miejsce Karol Szumiata \u2013 UKS \u201eJedynka\u201d Hrubiesz\u00f3w<\/strong><\/span><\/p>\n<p style=\"text-align: justify;\"><span style=\"color: #000080;\">2 miejsce Piotr Stasiulewicz \u2013 Warszawa<\/span><\/p>\n<p style=\"text-align: justify;\"><span style=\"color: #000080;\">3 miejsce Julia \u0141ubek \u2013 Bieru\u0144<\/span><\/p>\n<p style=\"text-align: justify;\"><span style=\"color: #000080;\"><u>Kategoria junior m\u0142odszy:<\/u><\/span><\/p>\n<p style=\"text-align: justify;\"><span style=\"color: #000080;\">1 miejsce Grzegorz Truchan \u2013 Suwa\u0142ki<\/span><\/p>\n<p style=\"text-align: justify;\"><span style=\"color: #000080;\">2 miejsce Tomasz Budzik \u2013 Warszawa<\/span><\/p>\n<p style=\"text-align: justify;\"><span style=\"color: #000080;\"><strong>3 miejsce Kacper Kaczmarek \u2013 UKS \u201eJedynka\u201d Hrubiesz\u00f3w<\/strong><\/span><\/p>\n<p style=\"text-align: justify;\"><span style=\"color: #000080;\"><strong>4 miejsce Mateusz Mi\u0119czak \u2013 UKS \u201eJedynka\u201d Hrubiesz\u00f3w<\/strong><\/span><\/p>\n<p style=\"text-align: justify;\"><span style=\"color: #000080;\"><u>Kategoria&nbsp; junior:<\/u><\/span><\/p>\n<p style=\"text-align: justify;\"><span style=\"color: #000080;\">1 miejsce Stanis\u0142aw Paciejewski \u2013 Warszawa<\/span><\/p>\n<p style=\"text-align: justify;\"><span style=\"color: #000080;\">2 miejsce Filip Rudzi\u0144ski \u2013 Suwa\u0142ki<\/span><\/p>\n<p style=\"text-align: justify;\"><span style=\"color: #000080;\"><strong>3 miejsce Jakub Kopera \u2013 UKS \u201eJedynka\u201d Hrubiesz\u00f3w<\/strong><\/span><\/p>\n<p style=\"text-align: justify;\">&nbsp;<\/p>\n<p style=\"text-align: justify;\"><span style=\"color: #000080;\">Wyst\u0119py naszych modelarzy na zawodach rangi Pucharu Polski przynosi sukcesy. W&nbsp;miejscowo\u015bci w kt\u00f3rej odbywa si\u0119 puchar zawsze stajemy na podium.&nbsp; Sukces mo\u017cna podkre\u015bli\u0107 tylko du\u017cym zaanga\u017cowaniem m\u0142odzie\u017cy w&nbsp;budow\u0119 modeli jak i systematyczno\u015b\u0107 w&nbsp;treningu na hali. W miesi\u0105cu listopadzie dalsze zmagania i wyjazdy do Tarnobrzegu, Krosna i zako\u0144czenie Pucharu Polski w Rzeszowie.<\/span><\/p>\nngg_shortcode_0_placeholder\n<p style=\"text-align: justify;\">&nbsp;<\/p>\n","protected":false},"excerpt":{"rendered":"<p>W dniu&nbsp; 31.03.2019r. odby\u0142y si\u0119 ostatnie w rundzie zimowo wiosennej Zawody Modeli Szybowc\u00f3w Halowych klasy F1N. Og\u00f3lnopolskie Zawody zosta\u0142y zorganizowane przez O\u015brodek Kultury i Rekreacji w Grodkowie oraz Stowarzyszenie Modelarzy Opolszczyzny \u201eFENIKS\u201d. Na starcie stan\u0119li zawodnicy z Bierunia, Bochni, Cz\u0119stochowy, Chrzanowa, Gliwic, Hrubieszowa, Katowic, Krakowa, \u0141asku, Suwa\u0142k, Warszawy, Wroc\u0142awia oraz Grodkowa.&nbsp;&nbsp; Kategoria m\u0142odzik: 1 miejsce [&hellip;]<\/p>\n","protected":false},"author":1,"featured_media":0,"parent":46,"menu_order":1,"comment_status":"closed","ping_status":"closed","template":"","meta":{"ngg_post_thumbnail":0,"footnotes":""},"class_list":["post-632","page","type-page","status-publish","hentry"],"_links":{"self":[{"href":"https:\/\/sp1hrubieszow.pl\/index.php\/wp-json\/wp\/v2\/pages\/632","targetHints":{"allow":["GET"]}}],"collection":[{"href":"https:\/\/sp1hrubieszow.pl\/index.php\/wp-json\/wp\/v2\/pages"}],"about":[{"href":"https:\/\/sp1hrubieszow.pl\/index.php\/wp-json\/wp\/v2\/types\/page"}],"author":[{"embeddable":true,"href":"https:\/\/sp1hrubieszow.pl\/index.php\/wp-json\/wp\/v2\/users\/1"}],"replies":[{"embeddable":true,"href":"https:\/\/sp1hrubieszow.pl\/index.php\/wp-json\/wp\/v2\/comments?post=632"}],"version-history":[{"count":2,"href":"https:\/\/sp1hrubieszow.pl\/index.php\/wp-json\/wp\/v2\/pages\/632\/revisions"}],"predecessor-version":[{"id":688,"href":"https:\/\/sp1hrubieszow.pl\/index.php\/wp-json\/wp\/v2\/pages\/632\/revisions\/688"}],"up":[{"embeddable":true,"href":"https:\/\/sp1hrubieszow.pl\/index.php\/wp-json\/wp\/v2\/pages\/46"}],"wp:attachment":[{"href":"https:\/\/sp1hrubieszow.pl\/index.php\/wp-json\/wp\/v2\/media?parent=632"}],"curies":[{"name":"wp","href":"https:\/\/api.w.org\/{rel}","templated":true}]}}