{"id":6276,"date":"2020-09-24T21:43:34","date_gmt":"2020-09-24T19:43:34","guid":{"rendered":"http:\/\/sp1.hrubieszow.info\/?page_id=6276"},"modified":"2020-09-24T21:43:51","modified_gmt":"2020-09-24T19:43:51","slug":"sadzimy","status":"publish","type":"page","link":"https:\/\/sp1hrubieszow.pl\/index.php\/kronika-2020-2021\/sadzimy\/","title":{"rendered":"#sadziMY"},"content":{"rendered":"\n<p><span style=\"color: #000080;\">Szko\u0142a Podstawowa Nr 1 w Hrubieszowie aktywnie wzi\u0119\u0142a udzia\u0142 w og\u00f3lnopolskiej akcji #sadziMY, kt\u00f3rej &nbsp;inicjatorem by\u0142 prezydent Andrzej Duda, wraz z ma\u0142\u017conk\u0105 Agat\u0105 Kornhauser-Dud\u0105. <\/span><br><span style=\"color: #000080;\">W dniu 18 wrze\u015bnia 2020r. otrzymali\u015bmy z r\u0105k Pani Burmistrz Miasta Hrubieszowa sadzonki drzew, kt\u00f3re zosta\u0142y posadzone wok\u00f3\u0142 naszej szko\u0142y. &nbsp; Akcj\u0119 na terenie szko\u0142y rozpocz\u0119\u0142a Pani Burmistrz Marta Majewska, kt\u00f3ra w dniu 23 wrze\u015bnia 2020r. przy szkole posadzi\u0142a pierwsz\u0105 sadzonk\u0119. Towarzyszy\u0142y jej wydelegowane klasy i dzieci z grupy przedszkolnej, kt\u00f3re osobi\u015bcie zaanga\u017cowa\u0142y si\u0119 w prace. Tegoroczna akcja jest szczeg\u00f3lnie wa\u017cna dla naszego miasta, bowiem obchodzimy 620. Rocznic\u0119 powstania Hrubieszowa. Dlatego has\u0142em przy\u015bwiecaj\u0105cym mieszka\u0144com jest posadzenie 620 sadzonek drzew na 620. lecie miasta Hrubieszowa, do kt\u00f3rej w\u0142\u0105czy\u0142a si\u0119 r\u00f3wnie\u017c \u201ejedynka\u201d. Wszyscy z pe\u0142nym zaanga\u017cowaniem bierzemy udzia\u0142 w tej akcji, aby pozosta\u0142y po nas \u201epomniki\u201d w postaci dorodnych drzew.<\/span><br><span style=\"color: #000080;\">Dzi\u0119kujemy pani Burmistrz za pi\u0119kn\u0105 inicjatyw\u0119.<\/span><\/p>\nngg_shortcode_0_placeholder\n","protected":false},"excerpt":{"rendered":"<p>Szko\u0142a Podstawowa Nr 1 w Hrubieszowie aktywnie wzi\u0119\u0142a udzia\u0142 w og\u00f3lnopolskiej akcji #sadziMY, kt\u00f3rej &nbsp;inicjatorem by\u0142 prezydent Andrzej Duda, wraz z ma\u0142\u017conk\u0105 Agat\u0105 Kornhauser-Dud\u0105. W dniu 18 wrze\u015bnia 2020r. otrzymali\u015bmy z r\u0105k Pani Burmistrz Miasta Hrubieszowa sadzonki drzew, kt\u00f3re zosta\u0142y posadzone wok\u00f3\u0142 naszej szko\u0142y. &nbsp; Akcj\u0119 na terenie szko\u0142y rozpocz\u0119\u0142a Pani Burmistrz Marta Majewska, kt\u00f3ra [&hellip;]<\/p>\n","protected":false},"author":2,"featured_media":0,"parent":5983,"menu_order":0,"comment_status":"closed","ping_status":"closed","template":"","meta":{"ngg_post_thumbnail":0,"footnotes":""},"class_list":["post-6276","page","type-page","status-publish","hentry"],"_links":{"self":[{"href":"https:\/\/sp1hrubieszow.pl\/index.php\/wp-json\/wp\/v2\/pages\/6276","targetHints":{"allow":["GET"]}}],"collection":[{"href":"https:\/\/sp1hrubieszow.pl\/index.php\/wp-json\/wp\/v2\/pages"}],"about":[{"href":"https:\/\/sp1hrubieszow.pl\/index.php\/wp-json\/wp\/v2\/types\/page"}],"author":[{"embeddable":true,"href":"https:\/\/sp1hrubieszow.pl\/index.php\/wp-json\/wp\/v2\/users\/2"}],"replies":[{"embeddable":true,"href":"https:\/\/sp1hrubieszow.pl\/index.php\/wp-json\/wp\/v2\/comments?post=6276"}],"version-history":[{"count":1,"href":"https:\/\/sp1hrubieszow.pl\/index.php\/wp-json\/wp\/v2\/pages\/6276\/revisions"}],"predecessor-version":[{"id":6277,"href":"https:\/\/sp1hrubieszow.pl\/index.php\/wp-json\/wp\/v2\/pages\/6276\/revisions\/6277"}],"up":[{"embeddable":true,"href":"https:\/\/sp1hrubieszow.pl\/index.php\/wp-json\/wp\/v2\/pages\/5983"}],"wp:attachment":[{"href":"https:\/\/sp1hrubieszow.pl\/index.php\/wp-json\/wp\/v2\/media?parent=6276"}],"curies":[{"name":"wp","href":"https:\/\/api.w.org\/{rel}","templated":true}]}}