{"id":6222,"date":"2020-09-21T22:16:53","date_gmt":"2020-09-21T20:16:53","guid":{"rendered":"http:\/\/sp1.hrubieszow.info\/?page_id=6222"},"modified":"2020-09-21T22:17:09","modified_gmt":"2020-09-21T20:17:09","slug":"wycieczka-do-muzeum-w-bondyrzu","status":"publish","type":"page","link":"https:\/\/sp1hrubieszow.pl\/index.php\/kronika-2020-2021\/wycieczka-do-muzeum-w-bondyrzu\/","title":{"rendered":"Wycieczka do muzeum w Bondyrzu"},"content":{"rendered":"\n<p><span style=\"color: #000080;\">\u201eNiez\u0142omni \u017bo\u0142nierze Zamojszczyzny &#8211; \u017cywa lekcja patriotyzmu\u201d to projekt, w kt\u00f3rym uczestniczyli uczniowie klas \u00f3smych naszej szko\u0142y. 21 wrze\u015bnia w nowo wyremontowanym i rozbudowanym Muzeum Historycznym Inspektoratu Zamojskiego Armii Krajowej im. Stanis\u0142awa Prusa \u201eAdama\u201d w Bondyrzu obejrzeli film po\u015bwi\u0119cony wysiedleniom na Zamojszczy\u017anie, a nast\u0119pnie wys\u0142uchali opowie\u015bci kustosza muzeum pana Edmunda Sitka. Obejrzeli r\u00f3wnie\u017c eksponaty znajduj\u0105ce si\u0119 w muzeum. Ta niezwyk\u0142a lekcja przybli\u017cy\u0142a m\u0142odzie\u017cy histori\u0119 ziemi, na kt\u00f3rej \u017cyjemy oraz bohaterstwo jej mieszka\u0144c\u00f3w podczas II wojny \u015bwiatowej.<\/span><\/p>\nngg_shortcode_0_placeholder\n","protected":false},"excerpt":{"rendered":"<p>\u201eNiez\u0142omni \u017bo\u0142nierze Zamojszczyzny &#8211; \u017cywa lekcja patriotyzmu\u201d to projekt, w kt\u00f3rym uczestniczyli uczniowie klas \u00f3smych naszej szko\u0142y. 21 wrze\u015bnia w nowo wyremontowanym i rozbudowanym Muzeum Historycznym Inspektoratu Zamojskiego Armii Krajowej im. Stanis\u0142awa Prusa \u201eAdama\u201d w Bondyrzu obejrzeli film po\u015bwi\u0119cony wysiedleniom na Zamojszczy\u017anie, a nast\u0119pnie wys\u0142uchali opowie\u015bci kustosza muzeum pana Edmunda Sitka. Obejrzeli r\u00f3wnie\u017c eksponaty znajduj\u0105ce [&hellip;]<\/p>\n","protected":false},"author":2,"featured_media":0,"parent":5983,"menu_order":0,"comment_status":"closed","ping_status":"closed","template":"","meta":{"ngg_post_thumbnail":0,"footnotes":""},"class_list":["post-6222","page","type-page","status-publish","hentry"],"_links":{"self":[{"href":"https:\/\/sp1hrubieszow.pl\/index.php\/wp-json\/wp\/v2\/pages\/6222","targetHints":{"allow":["GET"]}}],"collection":[{"href":"https:\/\/sp1hrubieszow.pl\/index.php\/wp-json\/wp\/v2\/pages"}],"about":[{"href":"https:\/\/sp1hrubieszow.pl\/index.php\/wp-json\/wp\/v2\/types\/page"}],"author":[{"embeddable":true,"href":"https:\/\/sp1hrubieszow.pl\/index.php\/wp-json\/wp\/v2\/users\/2"}],"replies":[{"embeddable":true,"href":"https:\/\/sp1hrubieszow.pl\/index.php\/wp-json\/wp\/v2\/comments?post=6222"}],"version-history":[{"count":1,"href":"https:\/\/sp1hrubieszow.pl\/index.php\/wp-json\/wp\/v2\/pages\/6222\/revisions"}],"predecessor-version":[{"id":6223,"href":"https:\/\/sp1hrubieszow.pl\/index.php\/wp-json\/wp\/v2\/pages\/6222\/revisions\/6223"}],"up":[{"embeddable":true,"href":"https:\/\/sp1hrubieszow.pl\/index.php\/wp-json\/wp\/v2\/pages\/5983"}],"wp:attachment":[{"href":"https:\/\/sp1hrubieszow.pl\/index.php\/wp-json\/wp\/v2\/media?parent=6222"}],"curies":[{"name":"wp","href":"https:\/\/api.w.org\/{rel}","templated":true}]}}