{"id":6199,"date":"2020-09-21T22:05:33","date_gmt":"2020-09-21T20:05:33","guid":{"rendered":"http:\/\/sp1.hrubieszow.info\/?page_id=6199"},"modified":"2020-09-21T22:06:07","modified_gmt":"2020-09-21T20:06:07","slug":"zawody-modeli-swobodnie-latajacych","status":"publish","type":"page","link":"https:\/\/sp1hrubieszow.pl\/index.php\/kronika-2020-2021\/zawody-modeli-swobodnie-latajacych\/","title":{"rendered":"Zawody \u00a0Modeli Swobodnie Lataj\u0105cych"},"content":{"rendered":"\n<p><span style=\"color: #000080;\">W miniony weekend tj. 19-20.09.2020r. na l\u0105dowisku w Podlodowie odby\u0142y si\u0119 kolejne zawody &nbsp;Modeli Swobodnie Lataj\u0105cych klas F1A, F1B, F1C, F1Q, zaliczane do punktacji Pucharu Polski. &nbsp;W dniu 19.09.2020r. V Og\u00f3lnopolskie Zawody Modeli Swobodnie Lataj\u0105cych pod nazw\u0105 \u201eCrosno Cup\u201d. Zawodnicy sekcji modelarskiej Uczniowskiego Klubu Sportowego \u201eJedynka\u201d w Hrubieszowie wystartowali w klasach modeli F1A Piotr Wielosz\u2013Ha\u0142asa, F1B Leszek Kryszczuk w zawodach tych zaj\u0105\u0142 2 miejsce, a&nbsp;Kacper Ho\u0142uj w klasie modeli F1Q stan\u0105\u0142 na najni\u017cszym stopniu podium.&nbsp;&nbsp;&nbsp;&nbsp;&nbsp; &nbsp;<\/span><\/p>\n<p><span style=\"color: #000080;\">W dniu 20.09.2020r. odby\u0142y si\u0119 Og\u00f3lnopolskie Zawody Modeli Swobodnie Lataj\u0105cych pod nazw\u0105 \u201eNorbi Cup\u201d. W tym dniu tak\u017ce szcz\u0119\u015bcie nie opu\u015bci\u0142o naszych zawodnik\u00f3w w wyniku czego w klasie modeli F1B na najni\u017cszym podium stan\u0105\u0142 instruktor Leszek Kryszczuk, a w klasie modeli z nap\u0119dem elektrycznym F1Q na 2&nbsp;miejscu uplasowa\u0142 si\u0119 Kacper Ho\u0142uj.<\/span><\/p>\n<p><span style=\"color: #000080;\">Kolejne zawody zaliczane do punktacji Pucharu Polski mo\u017cna uzna\u0107 za udane. W dniu 16.10.2020r. na lotnisku Rudniki w Cz\u0119stochowie odb\u0119d\u0105 si\u0119 ostatnie zawody, kt\u00f3re podsumuj\u0105 starty w roku 2020. &nbsp;&nbsp;<\/span><\/p>\nngg_shortcode_0_placeholder\n","protected":false},"excerpt":{"rendered":"<p>W miniony weekend tj. 19-20.09.2020r. na l\u0105dowisku w Podlodowie odby\u0142y si\u0119 kolejne zawody &nbsp;Modeli Swobodnie Lataj\u0105cych klas F1A, F1B, F1C, F1Q, zaliczane do punktacji Pucharu Polski. &nbsp;W dniu 19.09.2020r. V Og\u00f3lnopolskie Zawody Modeli Swobodnie Lataj\u0105cych pod nazw\u0105 \u201eCrosno Cup\u201d. Zawodnicy sekcji modelarskiej Uczniowskiego Klubu Sportowego \u201eJedynka\u201d w Hrubieszowie wystartowali w klasach modeli F1A Piotr Wielosz\u2013Ha\u0142asa, [&hellip;]<\/p>\n","protected":false},"author":2,"featured_media":0,"parent":5983,"menu_order":0,"comment_status":"closed","ping_status":"closed","template":"","meta":{"ngg_post_thumbnail":0,"footnotes":""},"class_list":["post-6199","page","type-page","status-publish","hentry"],"_links":{"self":[{"href":"https:\/\/sp1hrubieszow.pl\/index.php\/wp-json\/wp\/v2\/pages\/6199","targetHints":{"allow":["GET"]}}],"collection":[{"href":"https:\/\/sp1hrubieszow.pl\/index.php\/wp-json\/wp\/v2\/pages"}],"about":[{"href":"https:\/\/sp1hrubieszow.pl\/index.php\/wp-json\/wp\/v2\/types\/page"}],"author":[{"embeddable":true,"href":"https:\/\/sp1hrubieszow.pl\/index.php\/wp-json\/wp\/v2\/users\/2"}],"replies":[{"embeddable":true,"href":"https:\/\/sp1hrubieszow.pl\/index.php\/wp-json\/wp\/v2\/comments?post=6199"}],"version-history":[{"count":1,"href":"https:\/\/sp1hrubieszow.pl\/index.php\/wp-json\/wp\/v2\/pages\/6199\/revisions"}],"predecessor-version":[{"id":6200,"href":"https:\/\/sp1hrubieszow.pl\/index.php\/wp-json\/wp\/v2\/pages\/6199\/revisions\/6200"}],"up":[{"embeddable":true,"href":"https:\/\/sp1hrubieszow.pl\/index.php\/wp-json\/wp\/v2\/pages\/5983"}],"wp:attachment":[{"href":"https:\/\/sp1hrubieszow.pl\/index.php\/wp-json\/wp\/v2\/media?parent=6199"}],"curies":[{"name":"wp","href":"https:\/\/api.w.org\/{rel}","templated":true}]}}