{"id":6106,"date":"2020-09-07T20:33:02","date_gmt":"2020-09-07T18:33:02","guid":{"rendered":"http:\/\/sp1.hrubieszow.info\/?page_id=6106"},"modified":"2020-09-07T20:33:17","modified_gmt":"2020-09-07T18:33:17","slug":"narodowe-czytanie-balladyny-juliusza-slowackiego","status":"publish","type":"page","link":"https:\/\/sp1hrubieszow.pl\/index.php\/kronika-2020-2021\/narodowe-czytanie-balladyny-juliusza-slowackiego\/","title":{"rendered":"Narodowe Czytanie \u201eBalladyny\u201d Juliusza S\u0142owackiego"},"content":{"rendered":"\n<p><span style=\"color: #000080;\">4 wrze\u015bnia 2020 r. uczniowie Szko\u0142y Podstawowej Nr 1 im. Boles\u0142awa Prusa w Hrubieszowie w\u0142\u0105czyli si\u0119 w Og\u00f3lnopolsk\u0105 akcj\u0119 Narodowego Czytania. W tym roku lektur\u0105 do czytania zosta\u0142a wybrana \u201eBalladyna\u201d Juliusza S\u0142owackiego. Akcj\u0119 zorganizowali nauczyciele bibliotekarze przy wsp\u00f3\u0142pracy z wychowawcami poszczeg\u00f3lnych klas. W bibliotece szkolnej zgromadzili si\u0119 uczniowie klas 4, 5, 6, 7 i 8, by wsp\u00f3lnie z Pani\u0105 Dyrektor Joann\u0105 Filipowicz odczyta\u0107 fragmenty utworu. <\/span><br><span style=\"color: #000080;\">Poszczeg\u00f3lne klasy reprezentowali:<\/span><br><span style=\"color: #000080;\">4a: Ma\u0142gorzata Korneluk<\/span><br><span style=\"color: #000080;\">4b: Magdalena Korol<\/span><br><span style=\"color: #000080;\">4c: Lidia Grab<\/span><br><span style=\"color: #000080;\">5a: Dawid Brzyski<\/span><br><span style=\"color: #000080;\">6a: Tomasz Pawlos<\/span><br><span style=\"color: #000080;\">6b: Oliwia Kisielewicz<\/span><br><span style=\"color: #000080;\">6c: Stefania Suchecka<\/span><br><span style=\"color: #000080;\">6d: Karolina Jasi\u0144ska<\/span><br><span style=\"color: #000080;\">7a: Karina Jagie\u0142\u0142o<\/span><br><span style=\"color: #000080;\">7b: Antoni Tomicki<\/span><br><span style=\"color: #000080;\">7c: Martyna Mielniczuk<\/span><br><span style=\"color: #000080;\">8a: Bart\u0142omiej Ma\u0142ecki<\/span><br><span style=\"color: #000080;\">8b: Marta Burda<\/span><br><span style=\"color: #000080;\">8c: Oliwier Stadnicki<\/span><\/p>\n<p><span style=\"color: #000080;\">Nast\u0119pnego dnia uczniowie klas si\u00f3dmych uczestniczyli w Narodowym Czytaniu zorganizowanym przez Miejsk\u0105 Bibliotek\u0119 Publiczna na placu przed HDK. Z \u201eBalladyn\u0105\u201d zmierzyli si\u0119: Monika Symczuk, Wiktoria Najfeld i Konrad Le\u015bko.<\/span> <\/p>\nngg_shortcode_0_placeholder\n","protected":false},"excerpt":{"rendered":"<p>4 wrze\u015bnia 2020 r. uczniowie Szko\u0142y Podstawowej Nr 1 im. Boles\u0142awa Prusa w Hrubieszowie w\u0142\u0105czyli si\u0119 w Og\u00f3lnopolsk\u0105 akcj\u0119 Narodowego Czytania. W tym roku lektur\u0105 do czytania zosta\u0142a wybrana \u201eBalladyna\u201d Juliusza S\u0142owackiego. Akcj\u0119 zorganizowali nauczyciele bibliotekarze przy wsp\u00f3\u0142pracy z wychowawcami poszczeg\u00f3lnych klas. W bibliotece szkolnej zgromadzili si\u0119 uczniowie klas 4, 5, 6, 7 i 8, [&hellip;]<\/p>\n","protected":false},"author":2,"featured_media":0,"parent":5983,"menu_order":0,"comment_status":"closed","ping_status":"closed","template":"","meta":{"ngg_post_thumbnail":0,"footnotes":""},"class_list":["post-6106","page","type-page","status-publish","hentry"],"_links":{"self":[{"href":"https:\/\/sp1hrubieszow.pl\/index.php\/wp-json\/wp\/v2\/pages\/6106","targetHints":{"allow":["GET"]}}],"collection":[{"href":"https:\/\/sp1hrubieszow.pl\/index.php\/wp-json\/wp\/v2\/pages"}],"about":[{"href":"https:\/\/sp1hrubieszow.pl\/index.php\/wp-json\/wp\/v2\/types\/page"}],"author":[{"embeddable":true,"href":"https:\/\/sp1hrubieszow.pl\/index.php\/wp-json\/wp\/v2\/users\/2"}],"replies":[{"embeddable":true,"href":"https:\/\/sp1hrubieszow.pl\/index.php\/wp-json\/wp\/v2\/comments?post=6106"}],"version-history":[{"count":1,"href":"https:\/\/sp1hrubieszow.pl\/index.php\/wp-json\/wp\/v2\/pages\/6106\/revisions"}],"predecessor-version":[{"id":6107,"href":"https:\/\/sp1hrubieszow.pl\/index.php\/wp-json\/wp\/v2\/pages\/6106\/revisions\/6107"}],"up":[{"embeddable":true,"href":"https:\/\/sp1hrubieszow.pl\/index.php\/wp-json\/wp\/v2\/pages\/5983"}],"wp:attachment":[{"href":"https:\/\/sp1hrubieszow.pl\/index.php\/wp-json\/wp\/v2\/media?parent=6106"}],"curies":[{"name":"wp","href":"https:\/\/api.w.org\/{rel}","templated":true}]}}